{"id":24894,"date":"2021-02-21T14:55:51","date_gmt":"2021-02-21T14:55:51","guid":{"rendered":"https:\/\/www.autonvaraosahaku.fi\/?product=ngk-1283-sytytystulpat"},"modified":"2021-02-21T14:55:53","modified_gmt":"2021-02-21T14:55:53","slug":"ngk-1283-sytytystulpat","status":"publish","type":"product","link":"https:\/\/www.autonvaraosahaku.fi\/?product=ngk-1283-sytytystulpat","title":{"rendered":"NGK 1283 Sytytystulpat"},"content":{"rendered":"<p>Avainv\u00e4li: 16 mm; Ulkokierre [mm]: 14,0; Kierteen pituus (mm): 19,0; Sytytystulppa: kiinte\u00e4 SAE-liitin, Nikkeli-keskielektrodi, 1-maaelektroodi, H\u00e4iri\u00f6npoisto, 5 k-ohm, suoralla istukalla; Kipin\u00e4et\u00e4isyys [mm]: 3,0; Ilmastovy\u00f6hykkeet: f\u00fcr kalte Klimazonen; MAZDA: FAMILIA V BA,XEDOS 6 CA,XEDOS 9 TA; NISSAN: PICK UP D22; HONDA: CIVIC VI Hatchback EJ, EK,CIVIC VI Fastback MA, MB,CRX III EH, EG,CIVIC V Hatchback EG,CIVIC VI Stufenheck EJ, EK,CIVIC VI Coupe EJ, EM1,CIVIC V Stufenheck EG, EH; SAAB: 9-3 YS3F,9-5 Kombi YS3E,9-3 Kombi YS3F,9-3 YS3D,9-5 YS3E,9-3 Cabriolet YS3F,9-3 Cabriolet YS3D,9000 Schr\u00e4gheck,900 II Cabriolet,900 II,9000,900 II Coupe; FORD: ESCORT IV Cabriolet ALF,ESCORT IV GAF, AWF, ABFT,ORION II AFF,ESCORT IV Kombi AWF, AVF; 9004851079000, 980795714E, 980795715E, 2240150Y07, 22401V5017, 5861239530, 8943283730, 8943283750, 9009872047, 1Y0B18110, BP0518110, BP0618110, MS851359, MS851729, 2240150Y07, 22401V5017, 9009872047; Tulpat,Sytytystulppa<\/p>\n","protected":false},"excerpt":{"rendered":"<p>NGK Sytytystulpat 1283 Tulpat,Sytytystulppa MAZDA,NISSAN,HONDA,FAMILIA V BA,XEDOS 6 CA,XEDOS 9 TA,PICK UP D22,CIVIC VI Hatchback EJ, EK<\/p>\n","protected":false},"featured_media":0,"template":"","meta":{"site-sidebar-layout":"default","site-content-layout":"default","ast-global-header-display":"","ast-main-header-display":"","ast-hfb-above-header-display":"","ast-hfb-below-header-display":"","ast-hfb-mobile-header-display":"","site-post-title":"","ast-breadcrumbs-content":"","ast-featured-img":"","footer-sml-layout":"","theme-transparent-header-meta":"","adv-header-id-meta":"","stick-header-meta":"","header-above-stick-meta":"","header-main-stick-meta":"","header-below-stick-meta":""},"pwb-brand":[189],"product_cat":[165],"product_tag":[],"class_list":{"0":"post-24894","1":"product","2":"type-product","3":"status-publish","5":"pwb-brand-ngk","6":"product_cat-sytytystulpat","7":"desktop-align-left","8":"tablet-align-left","9":"mobile-align-left","11":"first","12":"instock","13":"product-type-external"},"brands":[{"id":189,"name":"NGK","slug":"ngk"}],"_links":{"self":[{"href":"https:\/\/www.autonvaraosahaku.fi\/index.php?rest_route=\/wp\/v2\/product\/24894","targetHints":{"allow":["GET"]}}],"collection":[{"href":"https:\/\/www.autonvaraosahaku.fi\/index.php?rest_route=\/wp\/v2\/product"}],"about":[{"href":"https:\/\/www.autonvaraosahaku.fi\/index.php?rest_route=\/wp\/v2\/types\/product"}],"wp:attachment":[{"href":"https:\/\/www.autonvaraosahaku.fi\/index.php?rest_route=%2Fwp%2Fv2%2Fmedia&parent=24894"}],"wp:term":[{"taxonomy":"pwb-brand","embeddable":true,"href":"https:\/\/www.autonvaraosahaku.fi\/index.php?rest_route=%2Fwp%2Fv2%2Fpwb-brand&post=24894"},{"taxonomy":"product_cat","embeddable":true,"href":"https:\/\/www.autonvaraosahaku.fi\/index.php?rest_route=%2Fwp%2Fv2%2Fproduct_cat&post=24894"},{"taxonomy":"product_tag","embeddable":true,"href":"https:\/\/www.autonvaraosahaku.fi\/index.php?rest_route=%2Fwp%2Fv2%2Fproduct_tag&post=24894"}],"curies":[{"name":"wp","href":"https:\/\/api.w.org\/{rel}","templated":true}]}}