{"id":24932,"date":"2021-02-21T14:56:00","date_gmt":"2021-02-21T14:56:00","guid":{"rendered":"https:\/\/www.autonvaraosahaku.fi\/?product=beru-z272-sytytystulpat"},"modified":"2021-02-21T14:56:02","modified_gmt":"2021-02-21T14:56:02","slug":"beru-z272-sytytystulpat","status":"publish","type":"product","link":"https:\/\/www.autonvaraosahaku.fi\/?product=beru-z272-sytytystulpat","title":{"rendered":"BERU Z272 Sytytystulpat"},"content":{"rendered":"<p>K\u00e4rkiv\u00e4li (mm): 1; Liittimet: SAE; Kierremitta: M14x1,25; Avainv\u00e4li: 16 mm; Sytytystulppa: 1-maaelektroodi, suoralla istukalla; Kierteen pituus (mm): 19; Teknisten tietojen numero: 14 F-7 HURU02; Kiristysmomentti > [Nm]: 20; Kiristysmomentti enint\u00e4\u00e4n [Nm]: 30; lis\u00e4tieto: ULTRA; Tarvittava kappalem\u00e4\u00e4r\u00e4: 3; VW: GOLF V 1K1,POLO 9N_,GOLF VI 5K1,GOLF PLUS 5M1, 521,POLO 6R, 6C,CADDY III Kombi 2KB, 2KJ, 2CB, 2CJ,FOX 5Z1, 5Z3,GOLF VI Variant AJ5,GOLF V Variant 1K5,CADDY III Kasten 2KA, 2KH, 2CA, 2CH,NEW BEETLE 9C1, 1C1,NEW BEETLE Cabriolet 1Y7,JETTA III 1K2,BEETLE 5C1,JETTA IV 162, 163,POLO Stufenheck,POLO Stufenheck 9A4,POLO VIVO Schr\u00e4gheck; NISSAN: TERRANO II R20,PICK UP D22,PICK UP D21,PRAIRIE PRO M11; JEEP: GRAND CHEROKEE II WJ, WG,GRAND CHEROKEE I ZJ,CHEROKEE XJ,WRANGLER II TJ,WRANGLER I YJ, SJ_; SKODA: OCTAVIA Combi 1Z5,FABIA Combi 6Y5,FABIA,FABIA 6Y2,FABIA Combi,ROOMSTER 5J,OCTAVIA 1Z3,FABIA Stufenheck 6Y3,ROOMSTER Praktik 5J,RAPID NH3,FABIA Praktik,RAPID NA2; SEAT: IBIZA IV 6L1,LEON 1P1,IBIZA V 6J5, 6P5,ALTEA 5P1,ALTEA XL 5P5, 5P8,IBIZA V ST 6J8, 6P8,IBIZA V SPORTCOUPE 6J1, 6P1,CORDOBA 6L2,TOLEDO III 5P2,TOLEDO IV KG3; CHRYSLER: VIPER Convertible,VIPER; FORD: MAVERICK UDS, UNS; 224012F200; Tulpat,Sytytystulppa<\/p>\n","protected":false},"excerpt":{"rendered":"<p>BERU Sytytystulpat Z272 Tulpat,Sytytystulppa VW,NISSAN,JEEP,GOLF V 1K1,POLO 9N_,GOLF VI 5K1,GOLF PLUS 5M1, 521,POLO 6R, 6C<\/p>\n","protected":false},"featured_media":0,"template":"","meta":{"site-sidebar-layout":"default","site-content-layout":"default","ast-global-header-display":"","ast-main-header-display":"","ast-hfb-above-header-display":"","ast-hfb-below-header-display":"","ast-hfb-mobile-header-display":"","site-post-title":"","ast-breadcrumbs-content":"","ast-featured-img":"","footer-sml-layout":"","theme-transparent-header-meta":"","adv-header-id-meta":"","stick-header-meta":"","header-above-stick-meta":"","header-main-stick-meta":"","header-below-stick-meta":""},"pwb-brand":[327],"product_cat":[165],"product_tag":[],"class_list":{"0":"post-24932","1":"product","2":"type-product","3":"status-publish","5":"pwb-brand-beru","6":"product_cat-sytytystulpat","7":"desktop-align-left","8":"tablet-align-left","9":"mobile-align-left","11":"first","12":"instock","13":"product-type-external"},"brands":[{"id":327,"name":"BERU","slug":"beru"}],"_links":{"self":[{"href":"https:\/\/www.autonvaraosahaku.fi\/index.php?rest_route=\/wp\/v2\/product\/24932","targetHints":{"allow":["GET"]}}],"collection":[{"href":"https:\/\/www.autonvaraosahaku.fi\/index.php?rest_route=\/wp\/v2\/product"}],"about":[{"href":"https:\/\/www.autonvaraosahaku.fi\/index.php?rest_route=\/wp\/v2\/types\/product"}],"wp:attachment":[{"href":"https:\/\/www.autonvaraosahaku.fi\/index.php?rest_route=%2Fwp%2Fv2%2Fmedia&parent=24932"}],"wp:term":[{"taxonomy":"pwb-brand","embeddable":true,"href":"https:\/\/www.autonvaraosahaku.fi\/index.php?rest_route=%2Fwp%2Fv2%2Fpwb-brand&post=24932"},{"taxonomy":"product_cat","embeddable":true,"href":"https:\/\/www.autonvaraosahaku.fi\/index.php?rest_route=%2Fwp%2Fv2%2Fproduct_cat&post=24932"},{"taxonomy":"product_tag","embeddable":true,"href":"https:\/\/www.autonvaraosahaku.fi\/index.php?rest_route=%2Fwp%2Fv2%2Fproduct_tag&post=24932"}],"curies":[{"name":"wp","href":"https:\/\/api.w.org\/{rel}","templated":true}]}}