{"id":24940,"date":"2021-02-21T14:56:04","date_gmt":"2021-02-21T14:56:04","guid":{"rendered":"https:\/\/www.autonvaraosahaku.fi\/?product=valeo-586539-oljynsuodatin"},"modified":"2021-02-21T14:56:05","modified_gmt":"2021-02-21T14:56:05","slug":"valeo-586539-oljynsuodatin","status":"publish","type":"product","link":"https:\/\/www.autonvaraosahaku.fi\/?product=valeo-586539-oljynsuodatin","title":{"rendered":"VALEO 586539 \u00d6ljynsuodatin"},"content":{"rendered":"<p>Ulkol\u00e4pimitta [mm]: 62; Sis\u00e4l\u00e4pimitta 1 [mm]: 24,5; Sis\u00e4l\u00e4pimitta 2 [mm]: 30,5; Korkeus (mm): 79,5; Suodatintyyppi: Suodatinpanos; Paino [kg]: 0,055; Moottorinumerosta: 08300419; OPEL: CORSA C F08, F68,ZAFIRA A F75_,ASTRA G CC F48_, F08_,ASTRA G Caravan F35_,VECTRA C Caravan,SIGNUM,VECTRA C,VECTRA B 36_,OMEGA B Caravan 21_, 22_, 23_,OMEGA B 25_, 26_, 27_,VECTRA C GTS,VECTRA B Caravan 31_,ASTRA G Cabriolet F67,ASTRA G Coupe F07_,ASTRA G Stufenheck F69_,VECTRA B CC 38_,SINTRA; SAAB: 9-3 YS3F,9-3 Kombi YS3F; CADILLAC: CTS GMX320; VAUXHALL: VECTRA Mk II C CC,ZAFIRA Mk I A F75,CORSA Mk II C W5L, F08,VECTRA Mk II C Estate,ASTRA Mk IV G CC,VECTRA Mk II C,SIGNUM,ASTRA Mk IV G Sedan,OMEGA B,TIGRA Convertible,VECTRA B CC,VECTRA B Estate,VECTRA B,ASTRA Mk IV G Coupe F67,OMEGA B Estate,ASTRA Mk IV G Convertible,ASTRA Mk IV G Estate; 5650316, 56550316, 650308, 905363662, 93183723, 21018826, 90536362, 9192426<\/p>\n","protected":false},"excerpt":{"rendered":"<p>VALEO \u00d6ljynsuodatin 586539  OPEL,SAAB,CADILLAC,CORSA C F08, F68,ZAFIRA A F75_,ASTRA G CC F48_, F08_,ASTRA G Caravan F35_,VECTRA C Caravan,SIGNUM<\/p>\n","protected":false},"featured_media":0,"template":"","meta":{"site-sidebar-layout":"default","site-content-layout":"default","ast-global-header-display":"","ast-main-header-display":"","ast-hfb-above-header-display":"","ast-hfb-below-header-display":"","ast-hfb-mobile-header-display":"","site-post-title":"","ast-breadcrumbs-content":"","ast-featured-img":"","footer-sml-layout":"","theme-transparent-header-meta":"","adv-header-id-meta":"","stick-header-meta":"","header-above-stick-meta":"","header-main-stick-meta":"","header-below-stick-meta":""},"pwb-brand":[28],"product_cat":[30],"product_tag":[],"class_list":{"0":"post-24940","1":"product","2":"type-product","3":"status-publish","5":"pwb-brand-valeo","6":"product_cat-oljynsuodatin","7":"desktop-align-left","8":"tablet-align-left","9":"mobile-align-left","11":"first","12":"instock","13":"product-type-external"},"brands":[{"id":28,"name":"VALEO","slug":"valeo"}],"_links":{"self":[{"href":"https:\/\/www.autonvaraosahaku.fi\/index.php?rest_route=\/wp\/v2\/product\/24940","targetHints":{"allow":["GET"]}}],"collection":[{"href":"https:\/\/www.autonvaraosahaku.fi\/index.php?rest_route=\/wp\/v2\/product"}],"about":[{"href":"https:\/\/www.autonvaraosahaku.fi\/index.php?rest_route=\/wp\/v2\/types\/product"}],"wp:attachment":[{"href":"https:\/\/www.autonvaraosahaku.fi\/index.php?rest_route=%2Fwp%2Fv2%2Fmedia&parent=24940"}],"wp:term":[{"taxonomy":"pwb-brand","embeddable":true,"href":"https:\/\/www.autonvaraosahaku.fi\/index.php?rest_route=%2Fwp%2Fv2%2Fpwb-brand&post=24940"},{"taxonomy":"product_cat","embeddable":true,"href":"https:\/\/www.autonvaraosahaku.fi\/index.php?rest_route=%2Fwp%2Fv2%2Fproduct_cat&post=24940"},{"taxonomy":"product_tag","embeddable":true,"href":"https:\/\/www.autonvaraosahaku.fi\/index.php?rest_route=%2Fwp%2Fv2%2Fproduct_tag&post=24940"}],"curies":[{"name":"wp","href":"https:\/\/api.w.org\/{rel}","templated":true}]}}