{"id":24952,"date":"2021-02-21T14:56:04","date_gmt":"2021-02-21T14:56:04","guid":{"rendered":"https:\/\/www.autonvaraosahaku.fi\/?product=vegaz-tg-105-pakoputken-asennussarja"},"modified":"2021-02-21T14:56:07","modified_gmt":"2021-02-21T14:56:07","slug":"vegaz-tg-105-pakoputken-asennussarja","status":"publish","type":"product","link":"https:\/\/www.autonvaraosahaku.fi\/?product=vegaz-tg-105-pakoputken-asennussarja","title":{"rendered":"VEGAZ TG-105 Pakoputken asennussarja"},"content":{"rendered":"<p>Reikien m\u00e4\u00e4r\u00e4: 2; L\u00e4pimitta [mm]: 11; Akseliv\u00e4li (mm): 34; Valmistusvuosi alkaen: 10\/1991; MAZDA: PREMACY CP; CHEVROLET: MATIZ M200, M250; DAEWOO: MATIZ KLYA,REZZO KLAU; NISSAN: PATROL GR I Y60, GR,PRAIRIE PRO M11; KIA: PICANTO BA,CEE&#8217;D SW ED,CEE&#8217;D Schr\u00e4gheck ED; HYUNDAI: i30 FD,i30 CW FD,ACCENT I X-3,ACCENT Stufenheck X-3,H100 Bus P,H100 Kasten,H100 Pritsche\/Fahrgestell; VOLVO: V40 Kombi VW,S40 I VS; DAIHATSU: GRAN MOVE G3,CHARADE IV Stufenheck G203; SUZUKI: SWIFT III MZ, EZ,SAMURAI SJ,GRAND VITARA I FT,WAGON R+ MM,SPLASH,IGNIS II,SWIFT II Schr\u00e4gheck EA, MA,VITARA ET, TA,VITARA Cabrio ET, TA,LIANA Schr\u00e4gheck,ALTO HA24,SJ 413,SJ 410 Cabrio,SJ 410,SUPER CARRY Bus ED,ALTO; OPEL: AGILA A H00,AGILA B H08; 852518, 1756515010, 1756515010, 82482580, 1756515010, 2876737000, MB577484, 1756515010, 1420179010, 1428160B00, 1428160G10, 1428160G11, 1428178010, 1428179010, 1428180JA0, 1428278000, 1428278010, 1756515010, 1756511100, 1756515010, 1756516020, 1756516080, 1756535010, 1756535020, 1756535130, 1756555020, 1756563030, 1756563070, 1756563071, 1756563120, 1756515010<\/p>\n","protected":false},"excerpt":{"rendered":"<p>VEGAZ Pidike, Pakoputkisto TG-105  MAZDA,CHEVROLET,DAEWOO,PREMACY CP,MATIZ M200, M250,MATIZ KLYA,REZZO KLAU,PATROL GR I Y60, GR,PRAIRIE PRO M11<\/p>\n","protected":false},"featured_media":0,"template":"","meta":{"site-sidebar-layout":"default","site-content-layout":"default","ast-global-header-display":"","ast-main-header-display":"","ast-hfb-above-header-display":"","ast-hfb-below-header-display":"","ast-hfb-mobile-header-display":"","site-post-title":"","ast-breadcrumbs-content":"","ast-featured-img":"","footer-sml-layout":"","theme-transparent-header-meta":"","adv-header-id-meta":"","stick-header-meta":"","header-above-stick-meta":"","header-main-stick-meta":"","header-below-stick-meta":""},"pwb-brand":[306],"product_cat":[101],"product_tag":[],"class_list":{"0":"post-24952","1":"product","2":"type-product","3":"status-publish","5":"pwb-brand-vegaz","6":"product_cat-pakoputken-asennussarja","7":"desktop-align-left","8":"tablet-align-left","9":"mobile-align-left","11":"first","12":"instock","13":"product-type-external"},"brands":[{"id":306,"name":"VEGAZ","slug":"vegaz"}],"_links":{"self":[{"href":"https:\/\/www.autonvaraosahaku.fi\/index.php?rest_route=\/wp\/v2\/product\/24952","targetHints":{"allow":["GET"]}}],"collection":[{"href":"https:\/\/www.autonvaraosahaku.fi\/index.php?rest_route=\/wp\/v2\/product"}],"about":[{"href":"https:\/\/www.autonvaraosahaku.fi\/index.php?rest_route=\/wp\/v2\/types\/product"}],"wp:attachment":[{"href":"https:\/\/www.autonvaraosahaku.fi\/index.php?rest_route=%2Fwp%2Fv2%2Fmedia&parent=24952"}],"wp:term":[{"taxonomy":"pwb-brand","embeddable":true,"href":"https:\/\/www.autonvaraosahaku.fi\/index.php?rest_route=%2Fwp%2Fv2%2Fpwb-brand&post=24952"},{"taxonomy":"product_cat","embeddable":true,"href":"https:\/\/www.autonvaraosahaku.fi\/index.php?rest_route=%2Fwp%2Fv2%2Fproduct_cat&post=24952"},{"taxonomy":"product_tag","embeddable":true,"href":"https:\/\/www.autonvaraosahaku.fi\/index.php?rest_route=%2Fwp%2Fv2%2Fproduct_tag&post=24952"}],"curies":[{"name":"wp","href":"https:\/\/api.w.org\/{rel}","templated":true}]}}