{"id":24954,"date":"2021-02-21T14:56:04","date_gmt":"2021-02-21T14:56:04","guid":{"rendered":"https:\/\/www.autonvaraosahaku.fi\/?product=trw-gdb1464-jarrupalat"},"modified":"2021-02-21T14:56:07","modified_gmt":"2021-02-21T14:56:07","slug":"trw-gdb1464-jarrupalat","status":"publish","type":"product","link":"https:\/\/www.autonvaraosahaku.fi\/?product=trw-gdb1464-jarrupalat","title":{"rendered":"TRW GDB1464 Jarrupalat"},"content":{"rendered":"<p>Valmistaja rajaus: BOSCH; Pituus (mm): 137,0; Korkeus (mm): 57,3; Paksuus [mm]: 19,0; Kulumisenilmaisimen liitos: Ei kulumisenilmaisimelle; Lis\u00e4tarvike\/lis\u00e4tieto: Tarvikkeilla; Korvaava tuote\/korvaava tiedote 2: Jarrusatulan ruuveilla; Tarkistuskilpi: E1 90R &#8211; 01024\/573; M\u00e4\u00e4r\u00e4yksikk\u00f6: Akselisarja; Tuotelinja: COTEC; Asennuspuoli: Vorderachse; LANCIA: MUSA 350; FIAT: IDEA,LINEA 323; CITRO\u00cbN: BERLINGO MF,XSARA PICASSO N68,C3 I FC_,C4 I LC_,BERLINGO Kasten M_,XSARA N1,C4 Coupe LA_,XSARA Break N2,XSARA Coupe N0,C4 Stufenheck L; PEUGEOT: 206 Schr\u00e4gheck 2A\/C,207 WA_, WC_,307 SW 3H,207 CC WD_,307 CC 3B,307 3A\/C,207 SW WK_,307 Break 3E,1007 KM_,PARTNER Combispace 5F,307 Stufenheck,207 Stufenheck,207 Van; 1611140780, 1611140980, 425222, 425235, 425253, 425370, 425385, 425427, 425471, 425489, 425492, 77362743, 77362743, 1611140780, 1611140980, 425222, 425250, 425339, 425385, 425418, 425427, 425471, 425489, 425492; Jarrupalasarja,Jarrupala, Levyjarru<\/p>\n","protected":false},"excerpt":{"rendered":"<p>TRW Jarrupalat GDB1464 Jarrupalasarja,Jarrupala, Levyjarru LANCIA,FIAT,CITRO\u00cbN,MUSA 350,IDEA,LINEA 323,BERLINGO MF,XSARA PICASSO N68,C3 I FC_,C4 I LC_<\/p>\n","protected":false},"featured_media":0,"template":"","meta":{"site-sidebar-layout":"default","site-content-layout":"default","ast-global-header-display":"","ast-main-header-display":"","ast-hfb-above-header-display":"","ast-hfb-below-header-display":"","ast-hfb-mobile-header-display":"","site-post-title":"","ast-breadcrumbs-content":"","ast-featured-img":"","footer-sml-layout":"","theme-transparent-header-meta":"","adv-header-id-meta":"","stick-header-meta":"","header-above-stick-meta":"","header-main-stick-meta":"","header-below-stick-meta":""},"pwb-brand":[332],"product_cat":[100],"product_tag":[],"class_list":{"0":"post-24954","1":"product","2":"type-product","3":"status-publish","5":"pwb-brand-trw","6":"product_cat-jarrupalat","7":"desktop-align-left","8":"tablet-align-left","9":"mobile-align-left","11":"first","12":"instock","13":"product-type-external"},"brands":[{"id":332,"name":"TRW","slug":"trw"}],"_links":{"self":[{"href":"https:\/\/www.autonvaraosahaku.fi\/index.php?rest_route=\/wp\/v2\/product\/24954","targetHints":{"allow":["GET"]}}],"collection":[{"href":"https:\/\/www.autonvaraosahaku.fi\/index.php?rest_route=\/wp\/v2\/product"}],"about":[{"href":"https:\/\/www.autonvaraosahaku.fi\/index.php?rest_route=\/wp\/v2\/types\/product"}],"wp:attachment":[{"href":"https:\/\/www.autonvaraosahaku.fi\/index.php?rest_route=%2Fwp%2Fv2%2Fmedia&parent=24954"}],"wp:term":[{"taxonomy":"pwb-brand","embeddable":true,"href":"https:\/\/www.autonvaraosahaku.fi\/index.php?rest_route=%2Fwp%2Fv2%2Fpwb-brand&post=24954"},{"taxonomy":"product_cat","embeddable":true,"href":"https:\/\/www.autonvaraosahaku.fi\/index.php?rest_route=%2Fwp%2Fv2%2Fproduct_cat&post=24954"},{"taxonomy":"product_tag","embeddable":true,"href":"https:\/\/www.autonvaraosahaku.fi\/index.php?rest_route=%2Fwp%2Fv2%2Fproduct_tag&post=24954"}],"curies":[{"name":"wp","href":"https:\/\/api.w.org\/{rel}","templated":true}]}}