{"id":24974,"date":"2021-02-21T14:56:09","date_gmt":"2021-02-21T14:56:09","guid":{"rendered":"https:\/\/www.autonvaraosahaku.fi\/?product=ridex-273c0130-alatukivarsi"},"modified":"2021-02-21T14:56:12","modified_gmt":"2021-02-21T14:56:12","slug":"ridex-273c0130-alatukivarsi","status":"publish","type":"product","link":"https:\/\/www.autonvaraosahaku.fi\/?product=ridex-273c0130-alatukivarsi","title":{"rendered":"RIDEX 273C0130 Alatukivarsi"},"content":{"rendered":"<p>Asennuspuoli: Etuakseli, Alla, Oikea; Korvaava tuote\/korvaava tiedote 2: Kumilaakerilla, Kiinnitysmateriaalilla; Ohjausmalli: Poikittaistukivarsi; Kartiomitta (mm): 16; Materiaali: Ter\u00e4slevy; Alustarakenne: f\u00fcr Fahrzeuge ohne Schlechtwegeausf\u00fchrung; OPEL: CORSA C F08, F68,TIGRA TwinTop,COMBO Kasten\/Kombi,COMBO Tour,CORSA C Kasten F08, W5L; VAUXHALL: CORSA Mk II C W5L, F08,CORSAVAN Mk II C,TIGRA Convertible,COMBO TOUR Mk II C F25,COMBO Mk II C Kasten\/Kombi F25; 0352042, 0352063, 13140038, 13140040, 24428978, 352042, 352046, 352063, 352065, 13140038, 13140040, 24428978, 24449455, 352042, 352063, 352065; Tukivarsi,Tukivarsi, Py\u00f6r\u00e4ntuenta<\/p>\n","protected":false},"excerpt":{"rendered":"<p>RIDEX Alatukivarsi 273C0130 Tukivarsi,Tukivarsi, Py\u00f6r\u00e4ntuenta OPEL,VAUXHALL,CORSA C F08, F68,TIGRA TwinTop,COMBO Kasten\/Kombi,COMBO Tour<\/p>\n","protected":false},"featured_media":0,"template":"","meta":{"site-sidebar-layout":"default","site-content-layout":"default","ast-global-header-display":"","ast-main-header-display":"","ast-hfb-above-header-display":"","ast-hfb-below-header-display":"","ast-hfb-mobile-header-display":"","site-post-title":"","ast-breadcrumbs-content":"","ast-featured-img":"","footer-sml-layout":"","theme-transparent-header-meta":"","adv-header-id-meta":"","stick-header-meta":"","header-above-stick-meta":"","header-main-stick-meta":"","header-below-stick-meta":""},"pwb-brand":[157],"product_cat":[62],"product_tag":[],"class_list":{"0":"post-24974","1":"product","2":"type-product","3":"status-publish","5":"pwb-brand-ridex","6":"product_cat-alatukivarsi","7":"desktop-align-left","8":"tablet-align-left","9":"mobile-align-left","11":"first","12":"instock","13":"product-type-external"},"brands":[{"id":157,"name":"RIDEX","slug":"ridex"}],"_links":{"self":[{"href":"https:\/\/www.autonvaraosahaku.fi\/index.php?rest_route=\/wp\/v2\/product\/24974","targetHints":{"allow":["GET"]}}],"collection":[{"href":"https:\/\/www.autonvaraosahaku.fi\/index.php?rest_route=\/wp\/v2\/product"}],"about":[{"href":"https:\/\/www.autonvaraosahaku.fi\/index.php?rest_route=\/wp\/v2\/types\/product"}],"wp:attachment":[{"href":"https:\/\/www.autonvaraosahaku.fi\/index.php?rest_route=%2Fwp%2Fv2%2Fmedia&parent=24974"}],"wp:term":[{"taxonomy":"pwb-brand","embeddable":true,"href":"https:\/\/www.autonvaraosahaku.fi\/index.php?rest_route=%2Fwp%2Fv2%2Fpwb-brand&post=24974"},{"taxonomy":"product_cat","embeddable":true,"href":"https:\/\/www.autonvaraosahaku.fi\/index.php?rest_route=%2Fwp%2Fv2%2Fproduct_cat&post=24974"},{"taxonomy":"product_tag","embeddable":true,"href":"https:\/\/www.autonvaraosahaku.fi\/index.php?rest_route=%2Fwp%2Fv2%2Fproduct_tag&post=24974"}],"curies":[{"name":"wp","href":"https:\/\/api.w.org\/{rel}","templated":true}]}}