{"id":24994,"date":"2021-02-21T14:56:14","date_gmt":"2021-02-21T14:56:14","guid":{"rendered":"https:\/\/www.autonvaraosahaku.fi\/?product=beru-z100-sytytystulpat"},"modified":"2021-02-21T14:56:16","modified_gmt":"2021-02-21T14:56:16","slug":"beru-z100-sytytystulpat","status":"publish","type":"product","link":"https:\/\/www.autonvaraosahaku.fi\/?product=beru-z100-sytytystulpat","title":{"rendered":"BERU Z100 Sytytystulpat"},"content":{"rendered":"<p>K\u00e4rkiv\u00e4li (mm): 0,8; Liittimet: SAE; Kierremitta: M14x1,25; Avainv\u00e4li: 16 mm; Sytytystulppa: 1-maaelektroodi, suoralla istukalla; Kierteen pituus (mm): 19; Teknisten tietojen numero: 14 F-8 DU4; Itsepalvelupakattu, katso osaluettelo: ; Kiristysmomentti > [Nm]: 20; Kiristysmomentti enint\u00e4\u00e4n [Nm]: 30; Tuotelinja: ULTRA; Tarvittava kappalem\u00e4\u00e4r\u00e4: 4; MERCEDES-BENZ: C-CLASS W202,SLK R170,E-CLASS W210,Stufenheck W124,E-CLASS Kombi S210,CLK C208,SL R129,C-CLASS Kombi S202,KOMBI Kombi S124,E-CLASS W124,G-CLASS W463,CLK Cabriolet A208,COUPE C124,S-CLASS W140,E-CLASS Kombi S124,SPRINTER 3-t Kasten 903,SPRINTER 2-t Kasten 901, 902,SPRINTER 3-t Bus 903,SPRINTER 3-t Pritsche\/Fahrgestell 903,E-CLASS Cabriolet A124,E-CLASS Coupe C124,S-CLASS Coupe C140,CABRIOLET A124,G-CLASS Cabrio W463; SSANGYONG: REXTON GAB_,KYRON,MUSSO FJ,RODIUS; 96037952, 0031596703, 0031596803, 0031597103, A0031596703, A003159670326, A0031596803, A0031597103, 5962E2, 7700743137, 7700749163, A0031596803; Tulpat,Sytytystulppa<\/p>\n","protected":false},"excerpt":{"rendered":"<p>BERU Sytytystulpat Z100 Tulpat,Sytytystulppa MERCEDES-BENZ,SSANGYONG,C-CLASS W202,SLK R170,E-CLASS W210,Stufenheck W124,E-CLASS Kombi S210,CLK C208<\/p>\n","protected":false},"featured_media":0,"template":"","meta":{"site-sidebar-layout":"default","site-content-layout":"default","ast-global-header-display":"","ast-main-header-display":"","ast-hfb-above-header-display":"","ast-hfb-below-header-display":"","ast-hfb-mobile-header-display":"","site-post-title":"","ast-breadcrumbs-content":"","ast-featured-img":"","footer-sml-layout":"","theme-transparent-header-meta":"","adv-header-id-meta":"","stick-header-meta":"","header-above-stick-meta":"","header-main-stick-meta":"","header-below-stick-meta":""},"pwb-brand":[327],"product_cat":[165],"product_tag":[],"class_list":{"0":"post-24994","1":"product","2":"type-product","3":"status-publish","5":"pwb-brand-beru","6":"product_cat-sytytystulpat","7":"desktop-align-left","8":"tablet-align-left","9":"mobile-align-left","11":"first","12":"instock","13":"product-type-external"},"brands":[{"id":327,"name":"BERU","slug":"beru"}],"_links":{"self":[{"href":"https:\/\/www.autonvaraosahaku.fi\/index.php?rest_route=\/wp\/v2\/product\/24994","targetHints":{"allow":["GET"]}}],"collection":[{"href":"https:\/\/www.autonvaraosahaku.fi\/index.php?rest_route=\/wp\/v2\/product"}],"about":[{"href":"https:\/\/www.autonvaraosahaku.fi\/index.php?rest_route=\/wp\/v2\/types\/product"}],"wp:attachment":[{"href":"https:\/\/www.autonvaraosahaku.fi\/index.php?rest_route=%2Fwp%2Fv2%2Fmedia&parent=24994"}],"wp:term":[{"taxonomy":"pwb-brand","embeddable":true,"href":"https:\/\/www.autonvaraosahaku.fi\/index.php?rest_route=%2Fwp%2Fv2%2Fpwb-brand&post=24994"},{"taxonomy":"product_cat","embeddable":true,"href":"https:\/\/www.autonvaraosahaku.fi\/index.php?rest_route=%2Fwp%2Fv2%2Fproduct_cat&post=24994"},{"taxonomy":"product_tag","embeddable":true,"href":"https:\/\/www.autonvaraosahaku.fi\/index.php?rest_route=%2Fwp%2Fv2%2Fproduct_tag&post=24994"}],"curies":[{"name":"wp","href":"https:\/\/api.w.org\/{rel}","templated":true}]}}