{"id":25007,"date":"2021-02-21T14:56:18","date_gmt":"2021-02-21T14:56:18","guid":{"rendered":"https:\/\/www.autonvaraosahaku.fi\/?product=monroe-g8109-iskunvaimennin"},"modified":"2021-02-21T14:56:19","modified_gmt":"2021-02-21T14:56:19","slug":"monroe-g8109-iskunvaimennin","status":"publish","type":"product","link":"https:\/\/www.autonvaraosahaku.fi\/?product=monroe-g8109-iskunvaimennin","title":{"rendered":"MONROE G8109 Iskunvaimennin"},"content":{"rendered":"<p>Iskunvaimennin tyyppi: Kaasupaine; Iskunvaimennin malli: Joustintuki; Iskunvaimennusj\u00e4rjestelm\u00e4: Kaksiputki; Paino [kg]: 3,850; Reik\u00e4-\u00d8 [mm]: 32; suurin pituus [mm]: 510; v\u00e4h. pituus [mm]: 360; Pakkauspituus [cm]: 51,5; Pakkausleveys [cm]: 16,2; Pakkauskorkeus [mm]: 16,2; Tullitariffinumero: 87088035; Tappil\u00e4pimitta [mm]: 22; Asennuspuoli: Vorderachse; VW: POLO 6R, 6C,POLO Stufenheck,POLO Van 6R; AUDI: A1 8X1, 8XF,A1 Sportback 8XA, 8XK; SKODA: RAPID Spaceback NH1,RAPID NH3,FABIA NJ3,FABIA Kombi NJ5; SEAT: IBIZA V 6J5, 6P5,IBIZA V ST 6J8, 6P8,IBIZA V SPORTCOUPE 6J1, 6P1,TOLEDO IV KG3; 6R0413031AJ, 6R0413031AT, 6R0413031BA, 6R0413031BF, 6R0413031C, 6R0413031E, 6R0413031F, 6R0413031Q, 6C0413031AN, 6C0413031AP, 6R0413031AT, 6R0413031BA, 6R0413031BF, 6R0413031AJ, 6R0413031C, 6R0413031E, 6R0413031F, 6R0413031Q, 6RU413031, 6RU413031A, 6RU413031B; Iskarit,Iskunvaimennin<\/p>\n","protected":false},"excerpt":{"rendered":"<p>MONROE Iskunvaimentimet MONROE ORIGINAL (Gas Technology) G8109 Iskarit,Iskunvaimennin VW,AUDI,SKODA,POLO 6R, 6C,POLO Stufenheck,POLO Van 6R<\/p>\n","protected":false},"featured_media":0,"template":"","meta":{"site-sidebar-layout":"default","site-content-layout":"default","ast-global-header-display":"","ast-main-header-display":"","ast-hfb-above-header-display":"","ast-hfb-below-header-display":"","ast-hfb-mobile-header-display":"","site-post-title":"","ast-breadcrumbs-content":"","ast-featured-img":"","footer-sml-layout":"","theme-transparent-header-meta":"","adv-header-id-meta":"","stick-header-meta":"","header-above-stick-meta":"","header-main-stick-meta":"","header-below-stick-meta":""},"pwb-brand":[79],"product_cat":[80],"product_tag":[],"class_list":{"0":"post-25007","1":"product","2":"type-product","3":"status-publish","5":"pwb-brand-monroe","6":"product_cat-iskunvaimennin","7":"desktop-align-left","8":"tablet-align-left","9":"mobile-align-left","11":"first","12":"instock","13":"product-type-external"},"brands":[{"id":79,"name":"MONROE","slug":"monroe"}],"_links":{"self":[{"href":"https:\/\/www.autonvaraosahaku.fi\/index.php?rest_route=\/wp\/v2\/product\/25007","targetHints":{"allow":["GET"]}}],"collection":[{"href":"https:\/\/www.autonvaraosahaku.fi\/index.php?rest_route=\/wp\/v2\/product"}],"about":[{"href":"https:\/\/www.autonvaraosahaku.fi\/index.php?rest_route=\/wp\/v2\/types\/product"}],"wp:attachment":[{"href":"https:\/\/www.autonvaraosahaku.fi\/index.php?rest_route=%2Fwp%2Fv2%2Fmedia&parent=25007"}],"wp:term":[{"taxonomy":"pwb-brand","embeddable":true,"href":"https:\/\/www.autonvaraosahaku.fi\/index.php?rest_route=%2Fwp%2Fv2%2Fpwb-brand&post=25007"},{"taxonomy":"product_cat","embeddable":true,"href":"https:\/\/www.autonvaraosahaku.fi\/index.php?rest_route=%2Fwp%2Fv2%2Fproduct_cat&post=25007"},{"taxonomy":"product_tag","embeddable":true,"href":"https:\/\/www.autonvaraosahaku.fi\/index.php?rest_route=%2Fwp%2Fv2%2Fproduct_tag&post=25007"}],"curies":[{"name":"wp","href":"https:\/\/api.w.org\/{rel}","templated":true}]}}