{"id":25030,"date":"2021-02-21T14:56:22","date_gmt":"2021-02-21T14:56:22","guid":{"rendered":"https:\/\/www.autonvaraosahaku.fi\/?product=febi-bilstein-07559-jousijalan-tukilaakeri"},"modified":"2021-02-21T14:56:24","modified_gmt":"2021-02-21T14:56:24","slug":"febi-bilstein-07559-jousijalan-tukilaakeri","status":"publish","type":"product","link":"https:\/\/www.autonvaraosahaku.fi\/?product=febi-bilstein-07559-jousijalan-tukilaakeri","title":{"rendered":"FEBI BILSTEIN 07559 Jousijalan tukilaakeri"},"content":{"rendered":"<p>Sis\u00e4l\u00e4pimitta [mm]: 14,0; Ulkol\u00e4pimitta [mm]: 132,0; Materiaali: Kumi-metalli; Asennuspuoli: etuakseli molemminpuoleinen, etuakseli molemminpuoleinen; Paino [kg]: 0,655, 0,655; Alustanumeroon: 1H-SB019 475; VW: GOLF III 1H1,GOLF II 19E, 1G1,GOLF III Variant 1H5,VENTO 1H2,JETTA II 19E, 1G2, 165; SEAT: IBIZA II 6K1,CORDOBA 6K1, 6K2,TOLEDO I 1L; 176412329, 176412329A, 191412329, 176412329, 176412329A, 191412329; Iskarin Yl\u00e4p\u00e4\u00e4,Iskunvaimentimen Yl\u00e4p\u00e4\u00e4<\/p>\n","protected":false},"excerpt":{"rendered":"<p>FEBI BILSTEIN Jousijalan Tukilaakeri 07559 Iskarin Yl\u00e4p\u00e4\u00e4,Iskunvaimentimen Yl\u00e4p\u00e4\u00e4 VW,SEAT,GOLF III 1H1,GOLF II 19E, 1G1,GOLF III Variant 1H5,VENTO 1H2<\/p>\n","protected":false},"featured_media":0,"template":"","meta":{"site-sidebar-layout":"default","site-content-layout":"default","ast-global-header-display":"","ast-main-header-display":"","ast-hfb-above-header-display":"","ast-hfb-below-header-display":"","ast-hfb-mobile-header-display":"","site-post-title":"","ast-breadcrumbs-content":"","ast-featured-img":"","footer-sml-layout":"","theme-transparent-header-meta":"","adv-header-id-meta":"","stick-header-meta":"","header-above-stick-meta":"","header-main-stick-meta":"","header-below-stick-meta":""},"pwb-brand":[50],"product_cat":[45],"product_tag":[],"class_list":{"0":"post-25030","1":"product","2":"type-product","3":"status-publish","5":"pwb-brand-febi-bilstein","6":"product_cat-jousijalan-tukilaakeri","7":"desktop-align-left","8":"tablet-align-left","9":"mobile-align-left","11":"first","12":"instock","13":"product-type-external"},"brands":[{"id":50,"name":"FEBI BILSTEIN","slug":"febi-bilstein"}],"_links":{"self":[{"href":"https:\/\/www.autonvaraosahaku.fi\/index.php?rest_route=\/wp\/v2\/product\/25030","targetHints":{"allow":["GET"]}}],"collection":[{"href":"https:\/\/www.autonvaraosahaku.fi\/index.php?rest_route=\/wp\/v2\/product"}],"about":[{"href":"https:\/\/www.autonvaraosahaku.fi\/index.php?rest_route=\/wp\/v2\/types\/product"}],"wp:attachment":[{"href":"https:\/\/www.autonvaraosahaku.fi\/index.php?rest_route=%2Fwp%2Fv2%2Fmedia&parent=25030"}],"wp:term":[{"taxonomy":"pwb-brand","embeddable":true,"href":"https:\/\/www.autonvaraosahaku.fi\/index.php?rest_route=%2Fwp%2Fv2%2Fpwb-brand&post=25030"},{"taxonomy":"product_cat","embeddable":true,"href":"https:\/\/www.autonvaraosahaku.fi\/index.php?rest_route=%2Fwp%2Fv2%2Fproduct_cat&post=25030"},{"taxonomy":"product_tag","embeddable":true,"href":"https:\/\/www.autonvaraosahaku.fi\/index.php?rest_route=%2Fwp%2Fv2%2Fproduct_tag&post=25030"}],"curies":[{"name":"wp","href":"https:\/\/api.w.org\/{rel}","templated":true}]}}