{"id":25048,"date":"2021-02-21T14:56:27","date_gmt":"2021-02-21T14:56:27","guid":{"rendered":"https:\/\/www.autonvaraosahaku.fi\/?product=febi-bilstein-36695-lammityslaitteen-puhaltimen-vastus"},"modified":"2021-02-21T14:56:28","modified_gmt":"2021-02-21T14:56:28","slug":"febi-bilstein-36695-lammityslaitteen-puhaltimen-vastus","status":"publish","type":"product","link":"https:\/\/www.autonvaraosahaku.fi\/?product=febi-bilstein-36695-lammityslaitteen-puhaltimen-vastus","title":{"rendered":"FEBI BILSTEIN 36695 L\u00e4mmityslaitteen puhaltimen vastus"},"content":{"rendered":"<p>Liittimi\u00e4: 8; Paino [kg]: 0,180, 0,180; Varusteet: f\u00fcr Fahrzeuge mit Klimaautomatik; CITRO\u00cbN: C2 JM_,C3 I FC_,C5 I DC_,C5 I Break DE_,C3 Pluriel HB_,C2 ENTERPRISE; PEUGEOT: 207 WA_, WC_,207 CC WD_,207 SW WK_,607 9D, 9U,406 Break 8E\/F,1007 KM_,406 Coupe 8C,406 8B,207 Stufenheck,207 Van; RENAULT: CLIO II BB0\/1\/2_, CB0\/1\/2_,CLIO III BR0\/1, CR0\/1,SC\u00c9NIC II JM0\/1_,TWINGO II CN0_,MODUS \/ GRAND MODUS F\/JP0_,MEGANE II Kombi KM0\/1_,SC\u00c9NIC I JA0\/1_,MEGANE II Coup\u00e9-Cabriolet EM0\/1_,MEGANE Scenic JA0\/1_,MEGANE II BM0\/1_, CM0\/1_,CLIO Grandtour KR0\/1_,GRAND SC\u00c9NIC II JM0\/1_,MEGANE II Stufenheck LM0\/1_,CLIO III Kasten SB_, SR_,MEGANE II Kasten\/Kombi KM_,MEGANE II Hatchback Van KM0\/2_; 6441L2, 27761AX010, 6441L2, 7701048390, 7701207718; Vastus, Sis\u00e4ilmantuuletin<\/p>\n","protected":false},"excerpt":{"rendered":"<p>FEBI BILSTEIN L\u00e4mmityslaitteen Puhaltimen Vastus febi Plus 36695 Vastus, Sis\u00e4ilmantuuletin CITRO\u00cbN,PEUGEOT,RENAULT,C2 JM_,C3 I FC_,C5 I DC_<\/p>\n","protected":false},"featured_media":0,"template":"","meta":{"site-sidebar-layout":"default","site-content-layout":"default","ast-global-header-display":"","ast-main-header-display":"","ast-hfb-above-header-display":"","ast-hfb-below-header-display":"","ast-hfb-mobile-header-display":"","site-post-title":"","ast-breadcrumbs-content":"","ast-featured-img":"","footer-sml-layout":"","theme-transparent-header-meta":"","adv-header-id-meta":"","stick-header-meta":"","header-above-stick-meta":"","header-main-stick-meta":"","header-below-stick-meta":""},"pwb-brand":[50],"product_cat":[134],"product_tag":[],"class_list":{"0":"post-25048","1":"product","2":"type-product","3":"status-publish","5":"pwb-brand-febi-bilstein","6":"product_cat-lammityslaitteen-puhaltimen-vastus","7":"desktop-align-left","8":"tablet-align-left","9":"mobile-align-left","11":"first","12":"instock","13":"product-type-external"},"brands":[{"id":50,"name":"FEBI BILSTEIN","slug":"febi-bilstein"}],"_links":{"self":[{"href":"https:\/\/www.autonvaraosahaku.fi\/index.php?rest_route=\/wp\/v2\/product\/25048","targetHints":{"allow":["GET"]}}],"collection":[{"href":"https:\/\/www.autonvaraosahaku.fi\/index.php?rest_route=\/wp\/v2\/product"}],"about":[{"href":"https:\/\/www.autonvaraosahaku.fi\/index.php?rest_route=\/wp\/v2\/types\/product"}],"wp:attachment":[{"href":"https:\/\/www.autonvaraosahaku.fi\/index.php?rest_route=%2Fwp%2Fv2%2Fmedia&parent=25048"}],"wp:term":[{"taxonomy":"pwb-brand","embeddable":true,"href":"https:\/\/www.autonvaraosahaku.fi\/index.php?rest_route=%2Fwp%2Fv2%2Fpwb-brand&post=25048"},{"taxonomy":"product_cat","embeddable":true,"href":"https:\/\/www.autonvaraosahaku.fi\/index.php?rest_route=%2Fwp%2Fv2%2Fproduct_cat&post=25048"},{"taxonomy":"product_tag","embeddable":true,"href":"https:\/\/www.autonvaraosahaku.fi\/index.php?rest_route=%2Fwp%2Fv2%2Fproduct_tag&post=25048"}],"curies":[{"name":"wp","href":"https:\/\/api.w.org\/{rel}","templated":true}]}}