{"id":25080,"date":"2021-02-21T14:56:36","date_gmt":"2021-02-21T14:56:36","guid":{"rendered":"https:\/\/www.autonvaraosahaku.fi\/?product=vaico-v40-1274-koiranluu"},"modified":"2021-02-21T14:56:36","modified_gmt":"2021-02-21T14:56:36","slug":"vaico-v40-1274-koiranluu","status":"publish","type":"product","link":"https:\/\/www.autonvaraosahaku.fi\/?product=vaico-v40-1274-koiranluu","title":{"rendered":"VAICO V40-1274 Koiranluu"},"content":{"rendered":"<p>Ulkokierre [mm]: M12 x 1,5; Asennuspuoli: Etuakseli; Tanko \/ tuki: Yhdystanko; Materiaali: Muovi; Jarru-\/ajodynamiikka: Ajon. ilman elektronista ajovakaushallintaj\u00e4rjestelm\u00e4\u00e4; Paino [kg]: 0,381; Pakkausleveys [cm]: 7,5; Pakkauskorkeus [mm]: 4,5; lis\u00e4tieto: CST99; Alustarakenne: f\u00fcr Fahrzeuge ohne FlexRide-Fahrwerk; CHEVROLET: ORLANDO J309; OPEL: ZAFIRA B A05,ASTRA H Caravan L35,ZAFIRA A F75_,ASTRA G CC F48_, F08_,ASTRA H L48,ASTRA J Sports Tourer,ASTRA G Caravan F35_,INSIGNIA Caravan,ASTRA J,ASTRA H GTC L08,MERIVA B,ZAFIRA TOURER C P12,ASTRA H TwinTop L67,INSIGNIA,ASTRA G Cabriolet F67,INSIGNIA Stufenheck,ASTRA G Coupe F07_,ASTRA G Stufenheck F69_,ZAFIRA B Van,ASTRA J Stufenheck,ASTRA H Stufenheck L69,ASTRA H Kasten L70,ASTRA G Kasten F70; VAUXHALL: INSIGNIA Mk I A,ZAFIRA Mk II B M75,ASTRA Mk V H CC,ZAFIRA Mk I A F75,INSIGNIA Mk I A Estate,ASTRA Mk V H Estate,ZAFIRA Mk III P12,ASTRA Mk V H Convertible,ASTRA Mk IV G CC,ASTRA Mk VI J,INSIGNIA Mk I A Sedan,ASTRA Mk IV G Sedan,MERIVA Mk II B,ASTRA Mk VI J Sedan,ASTRA Mk VI J Estate,ASTRAVAN Mk IV G,ASTRAVAN Mk V H,ASTRA Mk IV G Coupe F67,ASTRA Mk IV G Convertible,ASTRA Mk IV G Estate; 0350176, 0350611, 0350614, 13327928, 350176, 350611, 350614, 90498745; Kallistuksenvakaajan Yhdystanko,Tanko, Kallistuksenvaimennin<\/p>\n","protected":false},"excerpt":{"rendered":"<p>VAICO Koiranluu V40-1274 Kallistuksenvakaajan Yhdystanko,Tanko, Kallistuksenvaimennin CHEVROLET,OPEL,VAUXHALL,ORLANDO J309,ZAFIRA B A05<\/p>\n","protected":false},"featured_media":0,"template":"","meta":{"site-sidebar-layout":"default","site-content-layout":"default","ast-global-header-display":"","ast-main-header-display":"","ast-hfb-above-header-display":"","ast-hfb-below-header-display":"","ast-hfb-mobile-header-display":"","site-post-title":"","ast-breadcrumbs-content":"","ast-featured-img":"","footer-sml-layout":"","theme-transparent-header-meta":"","adv-header-id-meta":"","stick-header-meta":"","header-above-stick-meta":"","header-main-stick-meta":"","header-below-stick-meta":""},"pwb-brand":[330],"product_cat":[38],"product_tag":[],"class_list":{"0":"post-25080","1":"product","2":"type-product","3":"status-publish","5":"pwb-brand-vaico","6":"product_cat-koiranluu","7":"desktop-align-left","8":"tablet-align-left","9":"mobile-align-left","11":"first","12":"instock","13":"product-type-external"},"brands":[{"id":330,"name":"VAICO","slug":"vaico"}],"_links":{"self":[{"href":"https:\/\/www.autonvaraosahaku.fi\/index.php?rest_route=\/wp\/v2\/product\/25080","targetHints":{"allow":["GET"]}}],"collection":[{"href":"https:\/\/www.autonvaraosahaku.fi\/index.php?rest_route=\/wp\/v2\/product"}],"about":[{"href":"https:\/\/www.autonvaraosahaku.fi\/index.php?rest_route=\/wp\/v2\/types\/product"}],"wp:attachment":[{"href":"https:\/\/www.autonvaraosahaku.fi\/index.php?rest_route=%2Fwp%2Fv2%2Fmedia&parent=25080"}],"wp:term":[{"taxonomy":"pwb-brand","embeddable":true,"href":"https:\/\/www.autonvaraosahaku.fi\/index.php?rest_route=%2Fwp%2Fv2%2Fpwb-brand&post=25080"},{"taxonomy":"product_cat","embeddable":true,"href":"https:\/\/www.autonvaraosahaku.fi\/index.php?rest_route=%2Fwp%2Fv2%2Fproduct_cat&post=25080"},{"taxonomy":"product_tag","embeddable":true,"href":"https:\/\/www.autonvaraosahaku.fi\/index.php?rest_route=%2Fwp%2Fv2%2Fproduct_tag&post=25080"}],"curies":[{"name":"wp","href":"https:\/\/api.w.org\/{rel}","templated":true}]}}