{"id":25086,"date":"2021-02-21T14:56:36","date_gmt":"2021-02-21T14:56:36","guid":{"rendered":"https:\/\/www.autonvaraosahaku.fi\/?product=ridex-78b0226-jarrusatula"},"modified":"2021-02-21T14:56:37","modified_gmt":"2021-02-21T14:56:37","slug":"ridex-78b0226-jarrusatula","status":"publish","type":"product","link":"https:\/\/www.autonvaraosahaku.fi\/?product=ridex-78b0226-jarrusatula","title":{"rendered":"RIDEX 78B0226 Jarrusatula"},"content":{"rendered":"<p>Asennuspuoli: Etuakseli, oikea, Akselin edess\u00e4; Jarrusatulatyyppi: Jarrusatula (1-m\u00e4nt\u00e4); Sylinterim\u00e4nn\u00e4n halkaisija [mm]: 57; Jarrulevyl\u00e4pimitalle [mm]: 280; Jarrulevyn paksuus (mm): 26; Jarrulevytyyppi: Tuuletettu; Nettopaino [kg]: 3,84; Py\u00f6r\u00e4n l\u00e4pimitta [Zoll]: 15, 16; parilliset tuotenumerot: 78B0196; Vannekoko (tuumaa): 15; VOLVO: V70 II SW,V70 I LV,S60 I,850 Kombi LW,S80 I TS, XY,XC70 CROSS COUNTRY,C70 I Cabriolet,C70 I Coupe,850 LS,S70 LS; 3516841, 35168418, 35169418, 5003811, 50038116, 8111102, 81111023, 8602345, 8602458, 8602499, 9142040, 91420406, 9157435, 91574350, 9173300, 91733006, 9200132, 92001320, 9485266<\/p>\n","protected":false},"excerpt":{"rendered":"<p>RIDEX Jarrusatula 78B0226  VOLVO,V70 II SW,V70 I LV,S60 I,850 Kombi LW,S80 I TS, XY,XC70 CROSS COUNTRY,C70 I Cabriolet,C70 I Coupe,850 LS,S70 LS<\/p>\n","protected":false},"featured_media":0,"template":"","meta":{"site-sidebar-layout":"default","site-content-layout":"default","ast-global-header-display":"","ast-main-header-display":"","ast-hfb-above-header-display":"","ast-hfb-below-header-display":"","ast-hfb-mobile-header-display":"","site-post-title":"","ast-breadcrumbs-content":"","ast-featured-img":"","footer-sml-layout":"","theme-transparent-header-meta":"","adv-header-id-meta":"","stick-header-meta":"","header-above-stick-meta":"","header-main-stick-meta":"","header-below-stick-meta":""},"pwb-brand":[157],"product_cat":[177],"product_tag":[],"class_list":{"0":"post-25086","1":"product","2":"type-product","3":"status-publish","5":"pwb-brand-ridex","6":"product_cat-jarrusatula","7":"desktop-align-left","8":"tablet-align-left","9":"mobile-align-left","11":"first","12":"instock","13":"product-type-external"},"brands":[{"id":157,"name":"RIDEX","slug":"ridex"}],"_links":{"self":[{"href":"https:\/\/www.autonvaraosahaku.fi\/index.php?rest_route=\/wp\/v2\/product\/25086","targetHints":{"allow":["GET"]}}],"collection":[{"href":"https:\/\/www.autonvaraosahaku.fi\/index.php?rest_route=\/wp\/v2\/product"}],"about":[{"href":"https:\/\/www.autonvaraosahaku.fi\/index.php?rest_route=\/wp\/v2\/types\/product"}],"wp:attachment":[{"href":"https:\/\/www.autonvaraosahaku.fi\/index.php?rest_route=%2Fwp%2Fv2%2Fmedia&parent=25086"}],"wp:term":[{"taxonomy":"pwb-brand","embeddable":true,"href":"https:\/\/www.autonvaraosahaku.fi\/index.php?rest_route=%2Fwp%2Fv2%2Fpwb-brand&post=25086"},{"taxonomy":"product_cat","embeddable":true,"href":"https:\/\/www.autonvaraosahaku.fi\/index.php?rest_route=%2Fwp%2Fv2%2Fproduct_cat&post=25086"},{"taxonomy":"product_tag","embeddable":true,"href":"https:\/\/www.autonvaraosahaku.fi\/index.php?rest_route=%2Fwp%2Fv2%2Fproduct_tag&post=25086"}],"curies":[{"name":"wp","href":"https:\/\/api.w.org\/{rel}","templated":true}]}}