{"id":25104,"date":"2021-02-21T14:56:40","date_gmt":"2021-02-21T14:56:40","guid":{"rendered":"https:\/\/www.autonvaraosahaku.fi\/?product=febi-bilstein-13415-sytytystulpat"},"modified":"2021-02-21T14:56:41","modified_gmt":"2021-02-21T14:56:41","slug":"febi-bilstein-13415-sytytystulpat","status":"publish","type":"product","link":"https:\/\/www.autonvaraosahaku.fi\/?product=febi-bilstein-13415-sytytystulpat","title":{"rendered":"FEBI BILSTEIN 13415 Sytytystulpat"},"content":{"rendered":"<p>Ulkokierre [mm]: M14 x 1,25; Kierteen pituus (mm): 19; Avainv\u00e4li: 16; K\u00e4rkiv\u00e4li (mm): 0,7; Sytytystulppa: suoralla istukalla, 1-maaelektroodi, 1-maaelektroodi; Moottorinumero: M119; DAEWOO: KORANDO KJ,KORANDO Cabrio KJ; NISSAN: BLUEBIRD Station Wagon WU11; HYUNDAI: ACCENT I X-3,XG XG,ACCENT Stufenheck X-3; MERCEDES-BENZ: C-CLASS W202,SLK R170,E-CLASS W210,Stufenheck W124,E-CLASS Kombi S210,SL R129,C-CLASS Kombi S202,KOMBI Kombi S124,E-CLASS W124,G-CLASS W463,COUPE C124,S-CLASS W140,E-CLASS Kombi S124,E-CLASS Cabriolet A124,E-CLASS Coupe C124,S-CLASS Coupe C140,CABRIOLET A124,G-CLASS Cabrio W463; TOYOTA: CELICA Coupe AT18_, ST18_,COROLLA Liftback _E9_,COROLLA Compact _E9_,COROLLA Station Wagon _E9_,COROLLA _E9_,COROLLA Coupe _E9_; CITRO\u00cbN: BX XB-_,BX Break XB-_,C15 VD-_; PEUGEOT: 205 II 20A\/C; RENAULT: CLIO I B\/C57_, 5\/357_,19 II Chamade L53_,CLIO I Kasten S57_; 5962H8, 5962J1, 1621593003, 46417010, 46480362, 46531918, 46551935, 1881408051, 1883708051, 0021597703, 0031593003, 0031593703, 0031594103, 0031594203, 0031595303, 003159530367, 0031596703, 0031596803, 0031597103, A0021597703, A0031593003, A0031593703, A0031594103, A0031594203, A0031595303, A003159530367, A0031596703, A0031596803, A0031597103, 2240110F15, 2240112E14, 2240112E15, 2240120J05, 5962H8, 5962J1, 7700737612, 7700743137, 7700749163, 7700856908, 7700856909, 7700869200, 7700869910, 9116385, 22401KA440, 9091901153, 9091901154, 101000049AE, 6U0000156; Tulpat,Sytytystulppa<\/p>\n","protected":false},"excerpt":{"rendered":"<p>FEBI BILSTEIN Sytytystulpat 13415 Tulpat,Sytytystulppa DAEWOO,NISSAN,HYUNDAI,KORANDO KJ,KORANDO Cabrio KJ,BLUEBIRD Station Wagon WU11,ACCENT I X-3<\/p>\n","protected":false},"featured_media":0,"template":"","meta":{"site-sidebar-layout":"default","site-content-layout":"default","ast-global-header-display":"","ast-main-header-display":"","ast-hfb-above-header-display":"","ast-hfb-below-header-display":"","ast-hfb-mobile-header-display":"","site-post-title":"","ast-breadcrumbs-content":"","ast-featured-img":"","footer-sml-layout":"","theme-transparent-header-meta":"","adv-header-id-meta":"","stick-header-meta":"","header-above-stick-meta":"","header-main-stick-meta":"","header-below-stick-meta":""},"pwb-brand":[50],"product_cat":[165],"product_tag":[],"class_list":{"0":"post-25104","1":"product","2":"type-product","3":"status-publish","5":"pwb-brand-febi-bilstein","6":"product_cat-sytytystulpat","7":"desktop-align-left","8":"tablet-align-left","9":"mobile-align-left","11":"first","12":"instock","13":"product-type-external"},"brands":[{"id":50,"name":"FEBI BILSTEIN","slug":"febi-bilstein"}],"_links":{"self":[{"href":"https:\/\/www.autonvaraosahaku.fi\/index.php?rest_route=\/wp\/v2\/product\/25104","targetHints":{"allow":["GET"]}}],"collection":[{"href":"https:\/\/www.autonvaraosahaku.fi\/index.php?rest_route=\/wp\/v2\/product"}],"about":[{"href":"https:\/\/www.autonvaraosahaku.fi\/index.php?rest_route=\/wp\/v2\/types\/product"}],"wp:attachment":[{"href":"https:\/\/www.autonvaraosahaku.fi\/index.php?rest_route=%2Fwp%2Fv2%2Fmedia&parent=25104"}],"wp:term":[{"taxonomy":"pwb-brand","embeddable":true,"href":"https:\/\/www.autonvaraosahaku.fi\/index.php?rest_route=%2Fwp%2Fv2%2Fpwb-brand&post=25104"},{"taxonomy":"product_cat","embeddable":true,"href":"https:\/\/www.autonvaraosahaku.fi\/index.php?rest_route=%2Fwp%2Fv2%2Fproduct_cat&post=25104"},{"taxonomy":"product_tag","embeddable":true,"href":"https:\/\/www.autonvaraosahaku.fi\/index.php?rest_route=%2Fwp%2Fv2%2Fproduct_tag&post=25104"}],"curies":[{"name":"wp","href":"https:\/\/api.w.org\/{rel}","templated":true}]}}