{"id":25129,"date":"2021-02-21T14:56:44","date_gmt":"2021-02-21T14:56:44","guid":{"rendered":"https:\/\/www.autonvaraosahaku.fi\/?product=topran-408-843-pyoranpultit"},"modified":"2021-02-21T14:56:46","modified_gmt":"2021-02-21T14:56:46","slug":"topran-408-843-pyoranpultit","status":"publish","type":"product","link":"https:\/\/www.autonvaraosahaku.fi\/?product=topran-408-843-pyoranpultit","title":{"rendered":"TOPRAN 408 843 Py\u00f6r\u00e4npultit"},"content":{"rendered":"<p>Huomioi ajoneuvovalmistajan vaatimukset: ; Kierremitta: M 14; Kierrenousu (mm): 1,5; Kierteen pituus (mm): 30,7; Kokonaispituus (mm): 45,8; Avainv\u00e4li: 17; Ruuvikanta\/mutteriprofiili: Kuusioruuvi \/-mutteri; Moottorinumero: 218 323\/642 852; MERCEDES-BENZ: C-CLASS W204,C-CLASS T-Model S204,E-CLASS W212,B-CLASS W246, W242,E-CLASS T-Model S212,A-CLASS W176,E-CLASS Coupe C207,CLA Coupe C117,SLK R172,E-CLASS Cabriolet A207,CLS C218,CLS Shooting Brake X218,C-CLASS T-Model S205,C-CLASS W205,GLA-CLASS X156,CLA Shooting Brake X117,C-CLASS Coupe C205,SLC R172; 0009908307, A0009908307; Py\u00f6r\u00e4nruuvi<\/p>\n","protected":false},"excerpt":{"rendered":"<p>TOPRAN Py\u00f6r\u00e4npultit 408 843 Py\u00f6r\u00e4nruuvi MERCEDES-BENZ,C-CLASS W204,C-CLASS T-Model S204,E-CLASS W212,B-CLASS W246, W242,E-CLASS T-Model S212<\/p>\n","protected":false},"featured_media":0,"template":"","meta":{"site-sidebar-layout":"default","site-content-layout":"default","ast-global-header-display":"","ast-main-header-display":"","ast-hfb-above-header-display":"","ast-hfb-below-header-display":"","ast-hfb-mobile-header-display":"","site-post-title":"","ast-breadcrumbs-content":"","ast-featured-img":"","footer-sml-layout":"","theme-transparent-header-meta":"","adv-header-id-meta":"","stick-header-meta":"","header-above-stick-meta":"","header-main-stick-meta":"","header-below-stick-meta":""},"pwb-brand":[18],"product_cat":[51],"product_tag":[],"class_list":{"0":"post-25129","1":"product","2":"type-product","3":"status-publish","5":"pwb-brand-topran","6":"product_cat-pyoranpultit","7":"desktop-align-left","8":"tablet-align-left","9":"mobile-align-left","11":"first","12":"instock","13":"product-type-external"},"brands":[{"id":18,"name":"TOPRAN","slug":"topran"}],"_links":{"self":[{"href":"https:\/\/www.autonvaraosahaku.fi\/index.php?rest_route=\/wp\/v2\/product\/25129","targetHints":{"allow":["GET"]}}],"collection":[{"href":"https:\/\/www.autonvaraosahaku.fi\/index.php?rest_route=\/wp\/v2\/product"}],"about":[{"href":"https:\/\/www.autonvaraosahaku.fi\/index.php?rest_route=\/wp\/v2\/types\/product"}],"wp:attachment":[{"href":"https:\/\/www.autonvaraosahaku.fi\/index.php?rest_route=%2Fwp%2Fv2%2Fmedia&parent=25129"}],"wp:term":[{"taxonomy":"pwb-brand","embeddable":true,"href":"https:\/\/www.autonvaraosahaku.fi\/index.php?rest_route=%2Fwp%2Fv2%2Fpwb-brand&post=25129"},{"taxonomy":"product_cat","embeddable":true,"href":"https:\/\/www.autonvaraosahaku.fi\/index.php?rest_route=%2Fwp%2Fv2%2Fproduct_cat&post=25129"},{"taxonomy":"product_tag","embeddable":true,"href":"https:\/\/www.autonvaraosahaku.fi\/index.php?rest_route=%2Fwp%2Fv2%2Fproduct_tag&post=25129"}],"curies":[{"name":"wp","href":"https:\/\/api.w.org\/{rel}","templated":true}]}}