{"id":25151,"date":"2021-02-21T14:56:49","date_gmt":"2021-02-21T14:56:49","guid":{"rendered":"https:\/\/www.autonvaraosahaku.fi\/?product=beru-z72-sytytystulpat"},"modified":"2021-02-21T14:56:51","modified_gmt":"2021-02-21T14:56:51","slug":"beru-z72-sytytystulpat","status":"publish","type":"product","link":"https:\/\/www.autonvaraosahaku.fi\/?product=beru-z72-sytytystulpat","title":{"rendered":"BERU Z72 Sytytystulpat"},"content":{"rendered":"<p>K\u00e4rkiv\u00e4li (mm): 0,8; Liittimet: SAE; Kierremitta: M14x1,25; Avainv\u00e4li: 16 mm; Sytytystulppa: 1-maaelektroodi, suoralla istukalla; Kierteen pituus (mm): 19; Teknisten tietojen numero: 14 FR-8 DU; Itsepalvelupakattu, katso osaluettelo: ; Kiristysmomentti > [Nm]: 20; Kiristysmomentti enint\u00e4\u00e4n [Nm]: 30; Tuotelinja: ULTRA; Valmistusvuoteen: 06\/1995; RENAULT: CLIO I B\/C57_, 5\/357_; FIAT: PUNTO 188,PANDA 169,STILO 192,SEICENTO 187,BARCHETTA 183,DOBLO Cargo 223,STILO Multi Wagon 192,DOBLO 119,PANDA Van 169,PANDA 141A_,MULTIPLA 186,PUNTO Van 188AX,BRAVO I 182,BRAVA 182,MAREA Weekend 185,PALIO Weekend 178DX,PANDA Van 141_,MAREA 185,PALIO 178BX,SIENA 178_; PEUGEOT: 205 II 20A\/C,309 I 10C, 10A; TOYOTA: CELICA Coupe AT18_, ST18_,COROLLA Liftback _E9_; NISSAN: SUNNY III N14,PULSAR V Schr\u00e4gheck N14,SUNNY III Liftback N14; MAZDA: FAMILIA IV BG,929 III HC; JEEP: GRAND CHEROKEE I ZJ; CHRYSLER: NEON PL; LANCIA: YPSILON 843; DODGE: NEON; 46417010, 46531918, 46531935, 71719244, 7571541, 5962J1, 7700273462, 7701414110, 7701414145, BBC057011; Tulpat,Sytytystulppa<\/p>\n","protected":false},"excerpt":{"rendered":"<p>BERU Sytytystulpat Z72 Tulpat,Sytytystulppa RENAULT,FIAT,PEUGEOT,CLIO I B\/C57_, 5\/357_,PUNTO 188,PANDA 169,STILO 192,SEICENTO 187,BARCHETTA 183<\/p>\n","protected":false},"featured_media":0,"template":"","meta":{"site-sidebar-layout":"default","site-content-layout":"default","ast-global-header-display":"","ast-main-header-display":"","ast-hfb-above-header-display":"","ast-hfb-below-header-display":"","ast-hfb-mobile-header-display":"","site-post-title":"","ast-breadcrumbs-content":"","ast-featured-img":"","footer-sml-layout":"","theme-transparent-header-meta":"","adv-header-id-meta":"","stick-header-meta":"","header-above-stick-meta":"","header-main-stick-meta":"","header-below-stick-meta":""},"pwb-brand":[327],"product_cat":[165],"product_tag":[],"class_list":{"0":"post-25151","1":"product","2":"type-product","3":"status-publish","5":"pwb-brand-beru","6":"product_cat-sytytystulpat","7":"desktop-align-left","8":"tablet-align-left","9":"mobile-align-left","11":"first","12":"instock","13":"product-type-external"},"brands":[{"id":327,"name":"BERU","slug":"beru"}],"_links":{"self":[{"href":"https:\/\/www.autonvaraosahaku.fi\/index.php?rest_route=\/wp\/v2\/product\/25151","targetHints":{"allow":["GET"]}}],"collection":[{"href":"https:\/\/www.autonvaraosahaku.fi\/index.php?rest_route=\/wp\/v2\/product"}],"about":[{"href":"https:\/\/www.autonvaraosahaku.fi\/index.php?rest_route=\/wp\/v2\/types\/product"}],"wp:attachment":[{"href":"https:\/\/www.autonvaraosahaku.fi\/index.php?rest_route=%2Fwp%2Fv2%2Fmedia&parent=25151"}],"wp:term":[{"taxonomy":"pwb-brand","embeddable":true,"href":"https:\/\/www.autonvaraosahaku.fi\/index.php?rest_route=%2Fwp%2Fv2%2Fpwb-brand&post=25151"},{"taxonomy":"product_cat","embeddable":true,"href":"https:\/\/www.autonvaraosahaku.fi\/index.php?rest_route=%2Fwp%2Fv2%2Fproduct_cat&post=25151"},{"taxonomy":"product_tag","embeddable":true,"href":"https:\/\/www.autonvaraosahaku.fi\/index.php?rest_route=%2Fwp%2Fv2%2Fproduct_tag&post=25151"}],"curies":[{"name":"wp","href":"https:\/\/api.w.org\/{rel}","templated":true}]}}