{"id":25155,"date":"2021-02-21T14:56:49","date_gmt":"2021-02-21T14:56:49","guid":{"rendered":"https:\/\/www.autonvaraosahaku.fi\/?product=febi-bilstein-30028-muut-luokat"},"modified":"2021-02-21T14:56:51","modified_gmt":"2021-02-21T14:56:51","slug":"febi-bilstein-30028-muut-luokat","status":"publish","type":"product","link":"https:\/\/www.autonvaraosahaku.fi\/?product=febi-bilstein-30028-muut-luokat","title":{"rendered":"FEBI BILSTEIN 30028 Muut luokat"},"content":{"rendered":"<p>Paksuus [mm]: 22,0; Sis\u00e4l\u00e4pimitta [mm]: 14,3; Ulkol\u00e4pimitta [mm]: 39,0; Sis\u00e4kierre (mm): M16 x 1,5; Laatu \/ luokka: 10; Avainv\u00e4li: 36; Pinta: Sinkki-liuska-pinnoite; Asennuspuoli: Etuakseli; Paino [kg]: 0,07, 0,07; Moottorinumero: CFNA; VW: POLO 9N_,POLO 6R, 6C,FOX 5Z1, 5Z3,POLO Stufenheck,POLO Stufenheck 9A4,POLO VIVO Schr\u00e4gheck,POLO Stufenheck 9N4,POLO VIVO Stufenheck,POLO Van 6R,POLO AW1, BZ1,FOX; AUDI: A2 8Z0,A1 8X1, 8XF,A1 Sportback 8XA, 8XK; SKODA: FABIA Combi 6Y5,FABIA,FABIA 6Y2,FABIA Combi,ROOMSTER 5J,RAPID Spaceback NH1,FABIA Stufenheck 6Y3,ROOMSTER Praktik 5J,RAPID NH3,FABIA Praktik,RAPID NA2; SEAT: IBIZA IV 6L1,IBIZA V 6J5, 6P5,IBIZA V ST 6J8, 6P8,IBIZA V SPORTCOUPE 6J1, 6P1,CORDOBA 6L2,TOLEDO IV KG3,IBIZA V KJ1,ARONA KJ7; 6Q0407395, 6Q0407396, 6Q0407396B, 6Q0407396B, 6Q0407396B, 6Q0407395, 6Q0407396, 6Q0407396B<\/p>\n","protected":false},"excerpt":{"rendered":"<p>FEBI BILSTEIN Mutteri 30028  VW,AUDI,SKODA,POLO 9N_,POLO 6R, 6C,FOX 5Z1, 5Z3,POLO Stufenheck,POLO Stufenheck 9A4,POLO VIVO Schr\u00e4gheck<\/p>\n","protected":false},"featured_media":0,"template":"","meta":{"site-sidebar-layout":"default","site-content-layout":"default","ast-global-header-display":"","ast-main-header-display":"","ast-hfb-above-header-display":"","ast-hfb-below-header-display":"","ast-hfb-mobile-header-display":"","site-post-title":"","ast-breadcrumbs-content":"","ast-featured-img":"","footer-sml-layout":"","theme-transparent-header-meta":"","adv-header-id-meta":"","stick-header-meta":"","header-above-stick-meta":"","header-main-stick-meta":"","header-below-stick-meta":""},"pwb-brand":[50],"product_cat":[37],"product_tag":[],"class_list":{"0":"post-25155","1":"product","2":"type-product","3":"status-publish","5":"pwb-brand-febi-bilstein","6":"product_cat-muut-luokat","7":"desktop-align-left","8":"tablet-align-left","9":"mobile-align-left","11":"first","12":"instock","13":"product-type-external"},"brands":[{"id":50,"name":"FEBI BILSTEIN","slug":"febi-bilstein"}],"_links":{"self":[{"href":"https:\/\/www.autonvaraosahaku.fi\/index.php?rest_route=\/wp\/v2\/product\/25155","targetHints":{"allow":["GET"]}}],"collection":[{"href":"https:\/\/www.autonvaraosahaku.fi\/index.php?rest_route=\/wp\/v2\/product"}],"about":[{"href":"https:\/\/www.autonvaraosahaku.fi\/index.php?rest_route=\/wp\/v2\/types\/product"}],"wp:attachment":[{"href":"https:\/\/www.autonvaraosahaku.fi\/index.php?rest_route=%2Fwp%2Fv2%2Fmedia&parent=25155"}],"wp:term":[{"taxonomy":"pwb-brand","embeddable":true,"href":"https:\/\/www.autonvaraosahaku.fi\/index.php?rest_route=%2Fwp%2Fv2%2Fpwb-brand&post=25155"},{"taxonomy":"product_cat","embeddable":true,"href":"https:\/\/www.autonvaraosahaku.fi\/index.php?rest_route=%2Fwp%2Fv2%2Fproduct_cat&post=25155"},{"taxonomy":"product_tag","embeddable":true,"href":"https:\/\/www.autonvaraosahaku.fi\/index.php?rest_route=%2Fwp%2Fv2%2Fproduct_tag&post=25155"}],"curies":[{"name":"wp","href":"https:\/\/api.w.org\/{rel}","templated":true}]}}