{"id":25171,"date":"2021-02-21T14:56:53","date_gmt":"2021-02-21T14:56:53","guid":{"rendered":"https:\/\/www.autonvaraosahaku.fi\/?product=ridex-13d0030-vetoakseli"},"modified":"2021-02-21T14:56:55","modified_gmt":"2021-02-21T14:56:55","slug":"ridex-13d0030-vetoakseli","status":"publish","type":"product","link":"https:\/\/www.autonvaraosahaku.fi\/?product=ridex-13d0030-vetoakseli","title":{"rendered":"RIDEX 13D0030 Vetoakseli"},"content":{"rendered":"<p>Asennuspuoli: Etuakseli; Pituus (mm): 753; Ulkohammastus, py\u00f6r\u00e4npuoli: 36; Tiivisteen l\u00e4pimitta [mm]: 59.5; Nivelen l\u00e4pimitta py\u00f6r\u00e4puoli [mm]: 98; Nivelen l\u00e4pimitta vaihteistopuoli [mm]: 83; Kierremitta: M16x1.5; Reik\u00e4-\u00d8 [mm]: 10.2; Reikien m\u00e4\u00e4r\u00e4: 6; Reik\u00e4ympyr\u00e4-\u00d8 [mm]: 100; Vaihto-osa: ; Vaihteistomalli: Automatikgetriebe; VW: GOLF V 1K1,TOURAN 1T1, 1T2,GOLF VI 5K1,PASSAT Variant 3C5,GOLF PLUS 5M1, 521,PASSAT 3C2,PASSAT Variant 365,CADDY III Kombi 2KB, 2KJ, 2CB, 2CJ,TOURAN 1T3,GOLF VI Variant AJ5,GOLF V Variant 1K5,CADDY III Kasten 2KA, 2KH, 2CA, 2CH,EOS 1F7, 1F8,SCIROCCO 137, 138,PASSAT CC 357,JETTA III 1K2,PASSAT 362,CC 358,GOLF VI Cabriolet 517,JETTA IV 162, 163; AUDI: A3 8P1,A3 Sportback 8PA,A3 Cabriolet 8P7; SKODA: OCTAVIA Combi 1Z5,SUPERB Kombi 3T5,OCTAVIA 1Z3,SUPERB 3T4; SEAT: LEON 1P1,ALTEA 5P1,ALTEA XL 5P5, 5P8,TOLEDO III 5P2; 1K0407272DQ, 1K0407272EG, 1K0407272ER, 1K0407272HR, 1K0407272KG, 1K0407272NK, 1K0407272QE, 1K0407272QF, 1K0407454HX, 1K0407454X, 3C0407272AK, 1K0407272DQ, 1K0407272EG, 1K0407272ER, 1K0407272HR, 1K0407272KG, 1K0407272NK, 1K0407272QE, 1K0407272QF, 1K0407272RG, 1K0407454HX, 1K0407454X, 3C0407272AK, 1K0407272DQ, 1K0407272EG, 1K0407272ER, 1K0407272HR, 1K0407272KG, 1K0407272NK, 1K0407272QE, 1K0407272QF, 1K0407454HX, 1K0407454X, 3C0407272AK, 1K0407272DQ, 1K0407272EG, 1K0407272ER, 1K0407272HR, 1K0407272KG, 1K0407272NK, 1K0407272QF, 1K0407272RG, 1K0407272TQ, 1K0407454HX, 1K0407454X, 1K0407764BX, 1K0407764PX, 3C0407272AK<\/p>\n","protected":false},"excerpt":{"rendered":"<p>RIDEX Vetoakseli 13D0030  VW,AUDI,SKODA,GOLF V 1K1,TOURAN 1T1, 1T2,GOLF VI 5K1,PASSAT Variant 3C5,GOLF PLUS 5M1, 521,PASSAT 3C2,PASSAT Variant 365<\/p>\n","protected":false},"featured_media":0,"template":"","meta":{"site-sidebar-layout":"default","site-content-layout":"default","ast-global-header-display":"","ast-main-header-display":"","ast-hfb-above-header-display":"","ast-hfb-below-header-display":"","ast-hfb-mobile-header-display":"","site-post-title":"","ast-breadcrumbs-content":"","ast-featured-img":"","footer-sml-layout":"","theme-transparent-header-meta":"","adv-header-id-meta":"","stick-header-meta":"","header-above-stick-meta":"","header-main-stick-meta":"","header-below-stick-meta":""},"pwb-brand":[157],"product_cat":[215],"product_tag":[],"class_list":{"0":"post-25171","1":"product","2":"type-product","3":"status-publish","5":"pwb-brand-ridex","6":"product_cat-vetoakseli","7":"desktop-align-left","8":"tablet-align-left","9":"mobile-align-left","11":"first","12":"instock","13":"product-type-external"},"brands":[{"id":157,"name":"RIDEX","slug":"ridex"}],"_links":{"self":[{"href":"https:\/\/www.autonvaraosahaku.fi\/index.php?rest_route=\/wp\/v2\/product\/25171","targetHints":{"allow":["GET"]}}],"collection":[{"href":"https:\/\/www.autonvaraosahaku.fi\/index.php?rest_route=\/wp\/v2\/product"}],"about":[{"href":"https:\/\/www.autonvaraosahaku.fi\/index.php?rest_route=\/wp\/v2\/types\/product"}],"wp:attachment":[{"href":"https:\/\/www.autonvaraosahaku.fi\/index.php?rest_route=%2Fwp%2Fv2%2Fmedia&parent=25171"}],"wp:term":[{"taxonomy":"pwb-brand","embeddable":true,"href":"https:\/\/www.autonvaraosahaku.fi\/index.php?rest_route=%2Fwp%2Fv2%2Fpwb-brand&post=25171"},{"taxonomy":"product_cat","embeddable":true,"href":"https:\/\/www.autonvaraosahaku.fi\/index.php?rest_route=%2Fwp%2Fv2%2Fproduct_cat&post=25171"},{"taxonomy":"product_tag","embeddable":true,"href":"https:\/\/www.autonvaraosahaku.fi\/index.php?rest_route=%2Fwp%2Fv2%2Fproduct_tag&post=25171"}],"curies":[{"name":"wp","href":"https:\/\/api.w.org\/{rel}","templated":true}]}}