{"id":25199,"date":"2021-02-21T14:57:02","date_gmt":"2021-02-21T14:57:02","guid":{"rendered":"https:\/\/www.autonvaraosahaku.fi\/?product=autofren-seinsa-d8048-vetonivelen-suojakumi"},"modified":"2021-02-21T14:57:02","modified_gmt":"2021-02-21T14:57:02","slug":"autofren-seinsa-d8048-vetonivelen-suojakumi","status":"publish","type":"product","link":"https:\/\/www.autonvaraosahaku.fi\/?product=autofren-seinsa-d8048-vetonivelen-suojakumi","title":{"rendered":"AUTOFREN SEINSA D8048 Vetonivelen suojakumi"},"content":{"rendered":"<p>Sis\u00e4l\u00e4pimitta 1 [mm]: 19; Sis\u00e4l\u00e4pimitta 2 [mm]: 72; Korkeus (mm): 96; Asennuspuoli: getriebeseitig; ABARTH: 500 \/ 595 312_; LANCIA: YPSILON 843,Y 840A,MUSA 350,LYBRA SW 839BX,LYBRA 839AX; FORD: FIESTA III GFJ,ESCORT VII GAL, AAL, ABL,ESCORT VII Kombi GAL, ANL,FIESTA I GFBT,ESCORT IV GAF, AWF, ABFT,FIESTA II FBD,ESCORT &#8217;95 Express AVL,ESCORT II ATH,ESCORT III GAA,ESCORT I AFH, ATH,ESCORT V GAL,ESCORT VII Stufenheck GAL, AFL,ESCORT VI Stufenheck GAL,FIESTA Kasten FVD,ORION II AFF,ESCORT IV Kombi AWF, AVF,ESCORT &#8217;86 Express AVF,ESCORT V Kombi GAL, AVL,ESCORT &#8217;91 Express AVL,FIESTA Kasten WFVT,ORION III GAL,ESCORT II Kombi,ESCORT III Kombi AWA,ORION I AFD,ESCORT I Kombi ADH,ESCORT &#8217;81 Express AVA; ALFA ROMEO: MITO 955,145 930,146 930; FIAT: GRANDE PUNTO 199,PUNTO 188,PANDA 169,500 312,STILO 192,BRAVO II 198,SEICENTO 187,PUNTO EVO 199,DOBLO Cargo 223,500 C 312,PUNTO 176,STILO Multi Wagon 192,DOBLO 119,DOBLO Kasten\/Kombi 263,PANDA Van 169,PUNTO 199,CINQUECENTO 170,IDEA,STRADA Pick-up 178E,MULTIPLA 186,QUBO 225,DOBLO Gro\u00dfraumlimousine 152, 263,PUNTO Van 188AX,BRAVO I 182,BRAVA 182,MAREA Weekend 185,UNO 146A\/E,PALIO Weekend 178DX,LINEA 323,PUNTO Van 199,SEICENTO Van 187,DOBLO Pritsche\/Fahrgestell 263,MAREA 185,PALIO 178BX,SIENA 178_,PUNTO EVO Van 199_; 6028751, 6161378, 77TT3A331BA, 86AG3A331AA<\/p>\n","protected":false},"excerpt":{"rendered":"<p>AUTOFREN SEINSA Paljekumisarja, Vetoakseli D8048  ABARTH,LANCIA,FORD,500 \/ 595 312_,YPSILON 843,Y 840A,MUSA 350,LYBRA SW 839BX,LYBRA 839AX<\/p>\n","protected":false},"featured_media":0,"template":"","meta":{"site-sidebar-layout":"default","site-content-layout":"default","ast-global-header-display":"","ast-main-header-display":"","ast-hfb-above-header-display":"","ast-hfb-below-header-display":"","ast-hfb-mobile-header-display":"","site-post-title":"","ast-breadcrumbs-content":"","ast-featured-img":"","footer-sml-layout":"","theme-transparent-header-meta":"","adv-header-id-meta":"","stick-header-meta":"","header-above-stick-meta":"","header-main-stick-meta":"","header-below-stick-meta":""},"pwb-brand":[243],"product_cat":[42],"product_tag":[],"class_list":{"0":"post-25199","1":"product","2":"type-product","3":"status-publish","5":"pwb-brand-autofren-seinsa","6":"product_cat-vetonivelen-suojakumi","7":"desktop-align-left","8":"tablet-align-left","9":"mobile-align-left","11":"first","12":"instock","13":"product-type-external"},"brands":[{"id":243,"name":"AUTOFREN SEINSA","slug":"autofren-seinsa"}],"_links":{"self":[{"href":"https:\/\/www.autonvaraosahaku.fi\/index.php?rest_route=\/wp\/v2\/product\/25199","targetHints":{"allow":["GET"]}}],"collection":[{"href":"https:\/\/www.autonvaraosahaku.fi\/index.php?rest_route=\/wp\/v2\/product"}],"about":[{"href":"https:\/\/www.autonvaraosahaku.fi\/index.php?rest_route=\/wp\/v2\/types\/product"}],"wp:attachment":[{"href":"https:\/\/www.autonvaraosahaku.fi\/index.php?rest_route=%2Fwp%2Fv2%2Fmedia&parent=25199"}],"wp:term":[{"taxonomy":"pwb-brand","embeddable":true,"href":"https:\/\/www.autonvaraosahaku.fi\/index.php?rest_route=%2Fwp%2Fv2%2Fpwb-brand&post=25199"},{"taxonomy":"product_cat","embeddable":true,"href":"https:\/\/www.autonvaraosahaku.fi\/index.php?rest_route=%2Fwp%2Fv2%2Fproduct_cat&post=25199"},{"taxonomy":"product_tag","embeddable":true,"href":"https:\/\/www.autonvaraosahaku.fi\/index.php?rest_route=%2Fwp%2Fv2%2Fproduct_tag&post=25199"}],"curies":[{"name":"wp","href":"https:\/\/api.w.org\/{rel}","templated":true}]}}