{"id":25231,"date":"2021-02-21T14:57:06","date_gmt":"2021-02-21T14:57:06","guid":{"rendered":"https:\/\/www.autonvaraosahaku.fi\/?product=febi-bilstein-04947-muut-luokat"},"modified":"2021-02-21T14:57:08","modified_gmt":"2021-02-21T14:57:08","slug":"febi-bilstein-04947-muut-luokat","status":"publish","type":"product","link":"https:\/\/www.autonvaraosahaku.fi\/?product=febi-bilstein-04947-muut-luokat","title":{"rendered":"FEBI BILSTEIN 04947 Muut luokat"},"content":{"rendered":"<p>Paksuus [mm]: 26,0; Sis\u00e4l\u00e4pimitta [mm]: 58,0; Ulkol\u00e4pimitta [mm]: 60,0, 65,0; Paino [kg]: 0,04, 0,04; Moottorinumero: M102; MERCEDES-BENZ: C-CLASS W203,E-CLASS W211,C-CLASS W204,A-CLASS W169,A-CLASS W168,B-CLASS W245,C-CLASS T-Model S204,C-CLASS T-Model S203,E-CLASS T-Model S211,190 W201,E-CLASS W212,B-CLASS W246, W242,C-CLASS Coupe CL203,Stufenheck W124,E-CLASS T-Model S212,GLK-CLASS X204,SLK R171,A-CLASS W176,SL R129,CLK C209,SL R107,S-CLASS W220,S-CLASS W221,CLS C219,VANEO 414,SL R230,KOMBI Kombi S124,E-CLASS W124,E-CLASS Coupe C207,COUPE C124,CLK Cabriolet A209,CLA Coupe C117,S-CLASS W140,E-CLASS Kombi S124,C-CLASS Coupe C204,SLK R172,E-CLASS Cabriolet A207,CLC-CLASS CL203,CLS C218,S-CLASS Coupe C215,E-CLASS Cabriolet A124,S-CLASS Coupe C216,E-CLASS Coupe C124,CLS Shooting Brake X218,S-CLASS W222, V222, X222,S-CLASS Coupe C140,CABRIOLET A124,GLA-CLASS X156,SLR ROADSTER R199; 1683570089, 2013340125, A1683570089, A2013340125<\/p>\n","protected":false},"excerpt":{"rendered":"<p>FEBI BILSTEIN Kupu, Py\u00f6r\u00e4nlaakeri 04947  MERCEDES-BENZ,C-CLASS W203,E-CLASS W211,C-CLASS W204,A-CLASS W169,A-CLASS W168,B-CLASS W245<\/p>\n","protected":false},"featured_media":0,"template":"","meta":{"site-sidebar-layout":"default","site-content-layout":"default","ast-global-header-display":"","ast-main-header-display":"","ast-hfb-above-header-display":"","ast-hfb-below-header-display":"","ast-hfb-mobile-header-display":"","site-post-title":"","ast-breadcrumbs-content":"","ast-featured-img":"","footer-sml-layout":"","theme-transparent-header-meta":"","adv-header-id-meta":"","stick-header-meta":"","header-above-stick-meta":"","header-main-stick-meta":"","header-below-stick-meta":""},"pwb-brand":[50],"product_cat":[37],"product_tag":[],"class_list":{"0":"post-25231","1":"product","2":"type-product","3":"status-publish","5":"pwb-brand-febi-bilstein","6":"product_cat-muut-luokat","7":"desktop-align-left","8":"tablet-align-left","9":"mobile-align-left","11":"first","12":"instock","13":"product-type-external"},"brands":[{"id":50,"name":"FEBI BILSTEIN","slug":"febi-bilstein"}],"_links":{"self":[{"href":"https:\/\/www.autonvaraosahaku.fi\/index.php?rest_route=\/wp\/v2\/product\/25231","targetHints":{"allow":["GET"]}}],"collection":[{"href":"https:\/\/www.autonvaraosahaku.fi\/index.php?rest_route=\/wp\/v2\/product"}],"about":[{"href":"https:\/\/www.autonvaraosahaku.fi\/index.php?rest_route=\/wp\/v2\/types\/product"}],"wp:attachment":[{"href":"https:\/\/www.autonvaraosahaku.fi\/index.php?rest_route=%2Fwp%2Fv2%2Fmedia&parent=25231"}],"wp:term":[{"taxonomy":"pwb-brand","embeddable":true,"href":"https:\/\/www.autonvaraosahaku.fi\/index.php?rest_route=%2Fwp%2Fv2%2Fpwb-brand&post=25231"},{"taxonomy":"product_cat","embeddable":true,"href":"https:\/\/www.autonvaraosahaku.fi\/index.php?rest_route=%2Fwp%2Fv2%2Fproduct_cat&post=25231"},{"taxonomy":"product_tag","embeddable":true,"href":"https:\/\/www.autonvaraosahaku.fi\/index.php?rest_route=%2Fwp%2Fv2%2Fproduct_tag&post=25231"}],"curies":[{"name":"wp","href":"https:\/\/api.w.org\/{rel}","templated":true}]}}