{"id":25268,"date":"2021-02-21T14:57:16","date_gmt":"2021-02-21T14:57:16","guid":{"rendered":"https:\/\/www.autonvaraosahaku.fi\/?product=corteco-20015455b-kampiakselin-tiiviste"},"modified":"2021-02-21T14:57:17","modified_gmt":"2021-02-21T14:57:17","slug":"corteco-20015455b-kampiakselin-tiiviste","status":"publish","type":"product","link":"https:\/\/www.autonvaraosahaku.fi\/?product=corteco-20015455b-kampiakselin-tiiviste","title":{"rendered":"CORTECO 20015455B Kampiakselin tiiviste"},"content":{"rendered":"<p>Asennuspuoli: Vaihteiston puoli; Sis\u00e4l\u00e4pimitta 1 [mm]: 90; Ulkol\u00e4pimitta 1 [mm]: 110; Korkeus 1 (mm): 7; Materiaali: FPM (fluori-kumi)\/APM (polyakryyli-kumi); Rihlamalli: Vasen kierre; Suojavaippa: Suojakumilla; Moottorinumero: XU51C; VW: POLO Coupe 86C, 80; AUDI: 80 89, 89Q, 8A, B3,80 Avant 8C, B4,100 44, 44Q, C3; BMW: 3 E30,02 E10,5 E28,3 E21,3 Touring E30,7 E23,5 E12; JEEP: GRAND CHEROKEE I ZJ; NISSAN: ALMERA I N15; KIA: SPORTAGE K00; HYUNDAI: LANTRA II Wagon J-2,LANTRA II J-2,H100 Bus P; VOLVO: 440 K 445,S70 LS; DAIHATSU: CHARADE III G100, G101, G102; ROVER: 200 Hatchback XW; 012728, 96143793, 96162017, 9614379380, 9616201780, 2322129000, 9614379380, 012728, 1612166G10, SU00100060; Akselitiiviste, Kampiakseli<\/p>\n","protected":false},"excerpt":{"rendered":"<p>CORTECO Kampiakselin Tiiviste 20015455B Akselitiiviste, Kampiakseli VW,AUDI,BMW,POLO Coupe 86C, 80,80 89, 89Q, 8A, B3,80 Avant 8C, B4,100 44, 44Q, C3<\/p>\n","protected":false},"featured_media":0,"template":"","meta":{"site-sidebar-layout":"default","site-content-layout":"default","ast-global-header-display":"","ast-main-header-display":"","ast-hfb-above-header-display":"","ast-hfb-below-header-display":"","ast-hfb-mobile-header-display":"","site-post-title":"","ast-breadcrumbs-content":"","ast-featured-img":"","footer-sml-layout":"","theme-transparent-header-meta":"","adv-header-id-meta":"","stick-header-meta":"","header-above-stick-meta":"","header-main-stick-meta":"","header-below-stick-meta":""},"pwb-brand":[53],"product_cat":[88],"product_tag":[],"class_list":{"0":"post-25268","1":"product","2":"type-product","3":"status-publish","5":"pwb-brand-corteco","6":"product_cat-kampiakselin-tiiviste","7":"desktop-align-left","8":"tablet-align-left","9":"mobile-align-left","11":"first","12":"instock","13":"product-type-external"},"brands":[{"id":53,"name":"CORTECO","slug":"corteco"}],"_links":{"self":[{"href":"https:\/\/www.autonvaraosahaku.fi\/index.php?rest_route=\/wp\/v2\/product\/25268","targetHints":{"allow":["GET"]}}],"collection":[{"href":"https:\/\/www.autonvaraosahaku.fi\/index.php?rest_route=\/wp\/v2\/product"}],"about":[{"href":"https:\/\/www.autonvaraosahaku.fi\/index.php?rest_route=\/wp\/v2\/types\/product"}],"wp:attachment":[{"href":"https:\/\/www.autonvaraosahaku.fi\/index.php?rest_route=%2Fwp%2Fv2%2Fmedia&parent=25268"}],"wp:term":[{"taxonomy":"pwb-brand","embeddable":true,"href":"https:\/\/www.autonvaraosahaku.fi\/index.php?rest_route=%2Fwp%2Fv2%2Fpwb-brand&post=25268"},{"taxonomy":"product_cat","embeddable":true,"href":"https:\/\/www.autonvaraosahaku.fi\/index.php?rest_route=%2Fwp%2Fv2%2Fproduct_cat&post=25268"},{"taxonomy":"product_tag","embeddable":true,"href":"https:\/\/www.autonvaraosahaku.fi\/index.php?rest_route=%2Fwp%2Fv2%2Fproduct_tag&post=25268"}],"curies":[{"name":"wp","href":"https:\/\/api.w.org\/{rel}","templated":true}]}}