{"id":25277,"date":"2021-02-21T14:57:16","date_gmt":"2021-02-21T14:57:16","guid":{"rendered":"https:\/\/www.autonvaraosahaku.fi\/?product=ridex-193b0075-vetonivelen-suojakumi"},"modified":"2021-02-21T14:57:19","modified_gmt":"2021-02-21T14:57:19","slug":"ridex-193b0075-vetonivelen-suojakumi","status":"publish","type":"product","link":"https:\/\/www.autonvaraosahaku.fi\/?product=ridex-193b0075-vetonivelen-suojakumi","title":{"rendered":"RIDEX 193B0075 Vetonivelen suojakumi"},"content":{"rendered":"<p>Asennuspuoli: Etuakseli, Py\u00f6r\u00e4n puoli; Materiaali: Thermoplast; Korkeus (mm): 125; Sis\u00e4l\u00e4pimitta 1 [mm]: 27; Sis\u00e4l\u00e4pimitta 2 [mm]: 89; MAZDA: B-SERIE UN; CHEVROLET: BLAZER S10,MALIBU V300; NISSAN: ALMERA TINO V10,ALMERA II Hatchback N16,NAVARA D40,JUKE F15,PATHFINDER R51,PRIMERA Kombi WP12,PRIMERA P12,PRIMERA Hatchback P12,ALMERA Mk II N16,PRIMASTAR Bus X83,PRIMASTAR Kasten X83; LAND ROVER: RANGE ROVER SPORT LS,DISCOVERY III TAA,DISCOVERY IV LA; VOLVO: V50 MW,C30,S40 II MS,C70 II Cabriolet; SAAB: 9-3 YS3F,9-3 Kombi YS3F,9-3 Cabriolet YS3F,9-5 YS3G; OPEL: ZAFIRA B A05,ASTRA H Caravan L35,ASTRA H L48,ASTRA J Sports Tourer,INSIGNIA Caravan,VECTRA C Caravan,ASTRA J,ASTRA H GTC L08,MERIVA B,SIGNUM,VECTRA C,ZAFIRA TOURER C P12,VECTRA B 36_,VECTRA C GTS,VECTRA B Caravan 31_,ASTRA H TwinTop L67,VIVARO Kasten F7,INSIGNIA,INSIGNIA Stufenheck,VIVARO Combi J7,ZAFIRA B Van,ASTRA GTC J,VECTRA B CC 38_,ASTRA J Stufenheck,CASCADA W13,ASTRA H Stufenheck L69,ASTRA H Kasten L70,VIVARO Pritsche\/Fahrgestell E7,INSIGNIA A Country Tourer G09,ASTRA CLASSIC Caravan,ASTRA CLASSIC L48,ASTRA CLASSIC Stufenheck; JAGUAR: S-TYPE CCX,XK Coupe QQ6_, _J43_,XK Cabriolet _J43_; FORD: MONDEO IV Turnier BA7,FOCUS II DA_,S-MAX WA6,GALAXY WA6,MONDEO IV BA7,TRANSIT Kasten FA_ _,TRANSIT CONNECT P65_, P70_, P80_,TRANSIT Bus FD_ _, FB_ _, FS_ _, FZ_ _, FC_ _,TOURNEO CONNECT,TRANSIT Pritsche\/Fahrgestell FM_ _, FN_ _,MONDEO IV Stufenheck BA7; CITRO\u00cbN: C5 III Break TD_,C4 Picasso I UD_,C4 Grand Picasso I UA_,C5 III RD_; 46308723, 3293C8, 46308723, 1505656, 1526439, 1526756, 1710622, 1C154A084BA, 1C154A084BB, 2T144A084AA, 3M514A084XD, 3M514C062KD, 4119973, 4371800, 4558451, 6G914C062NA, 6N514C062AB, TDR500100, 39241BU125, 39241BU126, 39241BU185, 39241BU186, 13291737, 1603232, 1603278, 1603284, 1603436, 93173418, 93182574, 3293C8, 7701473176, 30711753, 30711931, 31256010, 31256018; Vetoakselin Suojakumi,Paljekumi, Vetoakseli<\/p>\n","protected":false},"excerpt":{"rendered":"<p>RIDEX Vetonivelen Suojakumi 193B0075 Vetoakselin Suojakumi,Paljekumi, Vetoakseli MAZDA,CHEVROLET,NISSAN,B-SERIE UN,BLAZER S10,MALIBU V300<\/p>\n","protected":false},"featured_media":0,"template":"","meta":{"site-sidebar-layout":"default","site-content-layout":"default","ast-global-header-display":"","ast-main-header-display":"","ast-hfb-above-header-display":"","ast-hfb-below-header-display":"","ast-hfb-mobile-header-display":"","site-post-title":"","ast-breadcrumbs-content":"","ast-featured-img":"","footer-sml-layout":"","theme-transparent-header-meta":"","adv-header-id-meta":"","stick-header-meta":"","header-above-stick-meta":"","header-main-stick-meta":"","header-below-stick-meta":""},"pwb-brand":[157],"product_cat":[42],"product_tag":[],"class_list":{"0":"post-25277","1":"product","2":"type-product","3":"status-publish","5":"pwb-brand-ridex","6":"product_cat-vetonivelen-suojakumi","7":"desktop-align-left","8":"tablet-align-left","9":"mobile-align-left","11":"first","12":"instock","13":"product-type-external"},"brands":[{"id":157,"name":"RIDEX","slug":"ridex"}],"_links":{"self":[{"href":"https:\/\/www.autonvaraosahaku.fi\/index.php?rest_route=\/wp\/v2\/product\/25277","targetHints":{"allow":["GET"]}}],"collection":[{"href":"https:\/\/www.autonvaraosahaku.fi\/index.php?rest_route=\/wp\/v2\/product"}],"about":[{"href":"https:\/\/www.autonvaraosahaku.fi\/index.php?rest_route=\/wp\/v2\/types\/product"}],"wp:attachment":[{"href":"https:\/\/www.autonvaraosahaku.fi\/index.php?rest_route=%2Fwp%2Fv2%2Fmedia&parent=25277"}],"wp:term":[{"taxonomy":"pwb-brand","embeddable":true,"href":"https:\/\/www.autonvaraosahaku.fi\/index.php?rest_route=%2Fwp%2Fv2%2Fpwb-brand&post=25277"},{"taxonomy":"product_cat","embeddable":true,"href":"https:\/\/www.autonvaraosahaku.fi\/index.php?rest_route=%2Fwp%2Fv2%2Fproduct_cat&post=25277"},{"taxonomy":"product_tag","embeddable":true,"href":"https:\/\/www.autonvaraosahaku.fi\/index.php?rest_route=%2Fwp%2Fv2%2Fproduct_tag&post=25277"}],"curies":[{"name":"wp","href":"https:\/\/api.w.org\/{rel}","templated":true}]}}