{"id":25301,"date":"2021-02-21T14:57:25","date_gmt":"2021-02-21T14:57:25","guid":{"rendered":"https:\/\/www.autonvaraosahaku.fi\/?product=ridex-1216r0054-hydraulinen-venttiilinnostin"},"modified":"2021-02-21T14:57:25","modified_gmt":"2021-02-21T14:57:25","slug":"ridex-1216r0054-hydraulinen-venttiilinnostin","status":"publish","type":"product","link":"https:\/\/www.autonvaraosahaku.fi\/?product=ridex-1216r0054-hydraulinen-venttiilinnostin","title":{"rendered":"RIDEX 1216R0054 Hydraulinen venttiilinnostin"},"content":{"rendered":"<p>K\u00e4ytt\u00f6: Hydraulinen; Tarvittava kappalem\u00e4\u00e4r\u00e4: 16; OPEL: CORSA D,CORSA C F08, F68,ZAFIRA B A05,ASTRA H Caravan L35,MERIVA,ASTRA H L48,ASTRA J Sports Tourer,INSIGNIA Caravan,VECTRA C Caravan,ASTRA J,ASTRA H GTC L08,MERIVA B,SIGNUM,VECTRA C,AGILA A H00,ZAFIRA TOURER C P12,VECTRA C GTS,TIGRA TwinTop,ASTRA H TwinTop L67,INSIGNIA,INSIGNIA Stufenheck,COMBO Kasten\/Kombi,ASTRA GTC J,COMBO Tour,AGILA B H08,ASTRA J Stufenheck,CORSA D Van,CASCADA W13,CORSA C Kasten F08, W5L,ASTRA H Stufenheck L69,COMBO Kasten\/Kombi X12,ASTRA H Kasten L70,COMBO Tour X12,INSIGNIA A Country Tourer G09,ASTRA CLASSIC L48; FORD: KA RU8; FIAT: GRANDE PUNTO 199,PUNTO 188,PANDA 169,DUCATO Kasten 250,500 312,STILO 192,BRAVO II 198,DUCATO Pritsche\/Fahrgestell 250,PUNTO EVO 199,DUCATO Bus 250,DUCATO Kasten 244,DOBLO Cargo 223,500 C 312,STILO Multi Wagon 192,DOBLO 119,CROMA 194,DUCATO Pritsche\/Fahrgestell 244,DOBLO Kasten\/Kombi 263,PANDA Van 169,PUNTO 199,DUCATO Bus 244, Z_,IDEA,PANDA 312,STRADA Pick-up 178E,QUBO 225,500L,DOBLO Gro\u00dfraumlimousine 152, 263,PUNTO Van 188AX,FIORINO Kasten\/Kombi 225,LINEA 323,PUNTO Van 199,DOBLO Pritsche\/Fahrgestell 263,STRADA Pick-up 578_,PALIO 178BX,SIENA 178_,PANDA VAN 312,TIPO Stufenheck 356_; PEUGEOT: BIPPER AA_,BIPPER Tepee; CITRO\u00cbN: NEMO Kasten AA_,NEMO Kombi; MITSUBISHI: ASX GA_W_,LANCER SPORTBACK CX_A,LANCER Stufenheck CY\/Z_A,ASX Van GA_W_; SUZUKI: SWIFT III MZ, EZ,SWIFT IV FZ, NZ,SX4 EY, GY,WAGON R+ MM,SPLASH,IGNIS II; CHEVROLET: ORLANDO J309,AVEO Schr\u00e4gheck T300,AVEO Stufenheck T300; ALFA ROMEO: 147 937,159 Sportwagon 939,156 Sportwagon 932,GIULIETTA 940,MITO 955,156 932,159 939,GT 937,166 936,BRERA,SPIDER 939; IVECO: DAILY IV Kasten\/Kombi,DAILY III Pritsche\/Fahrgestell,DAILY III Kasten\/Kombi,DAILY IV Pritsche\/Fahrgestell,MASSIF Station Wagon,DAILY IV Kipper,MASSIF Single Cab,MASSIF Pick-up,DAILY III Bus; 46475925, 4431246, 640039, 0942G4, 1289185E00000, 93161686, 93177316, 022109423C, 022109423D; Venttiilinnostin<\/p>\n","protected":false},"excerpt":{"rendered":"<p>RIDEX Hydraulinen Venttiilinnostin 1216R0054 Venttiilinnostin OPEL,FORD,FIAT,CORSA D,CORSA C F08, F68,ZAFIRA B A05,ASTRA H Caravan L35,MERIVA<\/p>\n","protected":false},"featured_media":0,"template":"","meta":{"site-sidebar-layout":"default","site-content-layout":"default","ast-global-header-display":"","ast-main-header-display":"","ast-hfb-above-header-display":"","ast-hfb-below-header-display":"","ast-hfb-mobile-header-display":"","site-post-title":"","ast-breadcrumbs-content":"","ast-featured-img":"","footer-sml-layout":"","theme-transparent-header-meta":"","adv-header-id-meta":"","stick-header-meta":"","header-above-stick-meta":"","header-main-stick-meta":"","header-below-stick-meta":""},"pwb-brand":[157],"product_cat":[126],"product_tag":[],"class_list":{"0":"post-25301","1":"product","2":"type-product","3":"status-publish","5":"pwb-brand-ridex","6":"product_cat-hydraulinen-venttiilinnostin","7":"desktop-align-left","8":"tablet-align-left","9":"mobile-align-left","11":"first","12":"instock","13":"product-type-external"},"brands":[{"id":157,"name":"RIDEX","slug":"ridex"}],"_links":{"self":[{"href":"https:\/\/www.autonvaraosahaku.fi\/index.php?rest_route=\/wp\/v2\/product\/25301","targetHints":{"allow":["GET"]}}],"collection":[{"href":"https:\/\/www.autonvaraosahaku.fi\/index.php?rest_route=\/wp\/v2\/product"}],"about":[{"href":"https:\/\/www.autonvaraosahaku.fi\/index.php?rest_route=\/wp\/v2\/types\/product"}],"wp:attachment":[{"href":"https:\/\/www.autonvaraosahaku.fi\/index.php?rest_route=%2Fwp%2Fv2%2Fmedia&parent=25301"}],"wp:term":[{"taxonomy":"pwb-brand","embeddable":true,"href":"https:\/\/www.autonvaraosahaku.fi\/index.php?rest_route=%2Fwp%2Fv2%2Fpwb-brand&post=25301"},{"taxonomy":"product_cat","embeddable":true,"href":"https:\/\/www.autonvaraosahaku.fi\/index.php?rest_route=%2Fwp%2Fv2%2Fproduct_cat&post=25301"},{"taxonomy":"product_tag","embeddable":true,"href":"https:\/\/www.autonvaraosahaku.fi\/index.php?rest_route=%2Fwp%2Fv2%2Fproduct_tag&post=25301"}],"curies":[{"name":"wp","href":"https:\/\/api.w.org\/{rel}","templated":true}]}}