{"id":25322,"date":"2021-02-21T14:57:30","date_gmt":"2021-02-21T14:57:30","guid":{"rendered":"https:\/\/www.autonvaraosahaku.fi\/?product=trw-jgt1082t-iskunvaimennin"},"modified":"2021-02-21T14:57:30","modified_gmt":"2021-02-21T14:57:30","slug":"trw-jgt1082t-iskunvaimennin","status":"publish","type":"product","link":"https:\/\/www.autonvaraosahaku.fi\/?product=trw-jgt1082t-iskunvaimennin","title":{"rendered":"TRW JGT1082T Iskunvaimennin"},"content":{"rendered":"<p>Lukum\u00e4\u00e4r\u00e4 akselille: 1; Iskunvaimennin tyyppi: Kaasupaine; Iskunvaimennin malli: Teleskooppi-iskunvaimentaja; Iskunvaimennusj\u00e4rjestelm\u00e4: Kaksiputki; Iskunvaimennin asennustapa: Tappi ylh\u00e4\u00e4ll\u00e4, Silmukka alhaalla; Pituus 1 (mm): 633; Pituus 2 (mm): 396; L\u00e4pimitta [mm]: 39; Jousijalan l\u00e4pimitta [mm]: 12; Huomioi tekniset tiedot: , ; Tuotelinja: TWIN; Asennuspuoli: Hinterachse; VW: POLO 9N_,POLO 6R, 6C,POLO Stufenheck,POLO Stufenheck 9A4; SKODA: FABIA Combi 6Y5,FABIA,FABIA 6Y2,FABIA Combi,FABIA Stufenheck 6Y3,FABIA Praktik; SEAT: IBIZA IV 6L1,IBIZA V 6J5, 6P5,IBIZA V ST 6J8, 6P8,IBIZA II 6K1,IBIZA V SPORTCOUPE 6J1, 6P1,CORDOBA 6L2; 6Q0513025AA, 6Q0513025AG, 6Q0513025BN, 6Q0513025M, 6Q0513025R, 6Q0513025AA, 6Q0513025AJ, 6Q0513025AK, 6Q0513025AL, 6Q0513025AR, 6Q0513025BH, 6Q0513025BJ, 6Q0513025BK, 6Q0513025R, 6R0513025E, 6R0513025F, 6R0513025G, 6Q0513025AA, 6Q0513025AD, 6Q0513025AG, 6Q0513025M, 6Q0513025P, 6Q0513025R, 6Q0513025AA, 6Q0513025AG, 6Q0513025AJ, 6Q0513025BK, 6Q0513025BN, 6Q0513025M, 6Q0513025P, 6Q0513025R, 6R0513025AH; Iskarit,Iskunvaimennin<\/p>\n","protected":false},"excerpt":{"rendered":"<p>TRW Iskunvaimentimet JGT1082T Iskarit,Iskunvaimennin VW,SKODA,SEAT,POLO 9N_,POLO 6R, 6C,POLO Stufenheck,POLO Stufenheck 9A4,FABIA Combi 6Y5,FABIA<\/p>\n","protected":false},"featured_media":0,"template":"","meta":{"site-sidebar-layout":"default","site-content-layout":"default","ast-global-header-display":"","ast-main-header-display":"","ast-hfb-above-header-display":"","ast-hfb-below-header-display":"","ast-hfb-mobile-header-display":"","site-post-title":"","ast-breadcrumbs-content":"","ast-featured-img":"","footer-sml-layout":"","theme-transparent-header-meta":"","adv-header-id-meta":"","stick-header-meta":"","header-above-stick-meta":"","header-main-stick-meta":"","header-below-stick-meta":""},"pwb-brand":[332],"product_cat":[80],"product_tag":[],"class_list":{"0":"post-25322","1":"product","2":"type-product","3":"status-publish","5":"pwb-brand-trw","6":"product_cat-iskunvaimennin","7":"desktop-align-left","8":"tablet-align-left","9":"mobile-align-left","11":"first","12":"instock","13":"product-type-external"},"brands":[{"id":332,"name":"TRW","slug":"trw"}],"_links":{"self":[{"href":"https:\/\/www.autonvaraosahaku.fi\/index.php?rest_route=\/wp\/v2\/product\/25322","targetHints":{"allow":["GET"]}}],"collection":[{"href":"https:\/\/www.autonvaraosahaku.fi\/index.php?rest_route=\/wp\/v2\/product"}],"about":[{"href":"https:\/\/www.autonvaraosahaku.fi\/index.php?rest_route=\/wp\/v2\/types\/product"}],"wp:attachment":[{"href":"https:\/\/www.autonvaraosahaku.fi\/index.php?rest_route=%2Fwp%2Fv2%2Fmedia&parent=25322"}],"wp:term":[{"taxonomy":"pwb-brand","embeddable":true,"href":"https:\/\/www.autonvaraosahaku.fi\/index.php?rest_route=%2Fwp%2Fv2%2Fpwb-brand&post=25322"},{"taxonomy":"product_cat","embeddable":true,"href":"https:\/\/www.autonvaraosahaku.fi\/index.php?rest_route=%2Fwp%2Fv2%2Fproduct_cat&post=25322"},{"taxonomy":"product_tag","embeddable":true,"href":"https:\/\/www.autonvaraosahaku.fi\/index.php?rest_route=%2Fwp%2Fv2%2Fproduct_tag&post=25322"}],"curies":[{"name":"wp","href":"https:\/\/api.w.org\/{rel}","templated":true}]}}