{"id":25333,"date":"2021-02-21T14:57:30","date_gmt":"2021-02-21T14:57:30","guid":{"rendered":"https:\/\/www.autonvaraosahaku.fi\/?product=ridex-854s0140-iskunvaimennin"},"modified":"2021-02-21T14:57:32","modified_gmt":"2021-02-21T14:57:32","slug":"ridex-854s0140-iskunvaimennin","status":"publish","type":"product","link":"https:\/\/www.autonvaraosahaku.fi\/?product=ridex-854s0140-iskunvaimennin","title":{"rendered":"RIDEX 854S0140 Iskunvaimennin"},"content":{"rendered":"<p>Iskunvaimennin malli: Joustintuki; Iskunvaimennusj\u00e4rjestelm\u00e4: Kaksiputki; Iskunvaimennin tyyppi: Kaasupaine; Jousijalan l\u00e4pimitta [mm]: 22; Alustarakenne: \u0434\u043b\u044f \u0430\u0432\u0442\u043e\u043c\u043e\u0431\u0438\u043b\u0435\u0439 \u0441\u043e \u0441\u0442\u0430\u043d\u0434\u0430\u0440\u0442\u043d\u043e\u0439 \u0445\u043e\u0434\u043e\u0432\u043e\u0439 \u0447\u0430\u0441\u0442\u044c\u044e; Reik\u00e4-\u00d8 [mm]: 32; Asennuspuoli: Etuakseli, vasen, Etuakseli, oikea, Vorderachse; Iskunvaimennin asennustapa: Tappi ylh\u00e4\u00e4ll\u00e4, Purisitin alhaalla; MERCEDES-BENZ: A-CLASS W169,B-CLASS W245; 1693200130, 1693200330, 1693200430, 1693200530, 1693200830, 1693200930, 1693201030, 1693201130, 1693201430, 1693201530, 1693201630, 1693201730, A1693200130, A1693200330, A1693200430, A1693200530, A1693200830, A1693200930, A1693201030, A1693201130, A1693201430, A1693201530, A1693201630, A1693201730; Iskarit,Iskunvaimennin<\/p>\n","protected":false},"excerpt":{"rendered":"<p>RIDEX Iskunvaimentimet 854S0140 Iskarit,Iskunvaimennin MERCEDES-BENZ,A-CLASS W169,B-CLASS W245<\/p>\n","protected":false},"featured_media":0,"template":"","meta":{"site-sidebar-layout":"default","site-content-layout":"default","ast-global-header-display":"","ast-main-header-display":"","ast-hfb-above-header-display":"","ast-hfb-below-header-display":"","ast-hfb-mobile-header-display":"","site-post-title":"","ast-breadcrumbs-content":"","ast-featured-img":"","footer-sml-layout":"","theme-transparent-header-meta":"","adv-header-id-meta":"","stick-header-meta":"","header-above-stick-meta":"","header-main-stick-meta":"","header-below-stick-meta":""},"pwb-brand":[157],"product_cat":[80],"product_tag":[],"class_list":{"0":"post-25333","1":"product","2":"type-product","3":"status-publish","5":"pwb-brand-ridex","6":"product_cat-iskunvaimennin","7":"desktop-align-left","8":"tablet-align-left","9":"mobile-align-left","11":"first","12":"instock","13":"product-type-external"},"brands":[{"id":157,"name":"RIDEX","slug":"ridex"}],"_links":{"self":[{"href":"https:\/\/www.autonvaraosahaku.fi\/index.php?rest_route=\/wp\/v2\/product\/25333","targetHints":{"allow":["GET"]}}],"collection":[{"href":"https:\/\/www.autonvaraosahaku.fi\/index.php?rest_route=\/wp\/v2\/product"}],"about":[{"href":"https:\/\/www.autonvaraosahaku.fi\/index.php?rest_route=\/wp\/v2\/types\/product"}],"wp:attachment":[{"href":"https:\/\/www.autonvaraosahaku.fi\/index.php?rest_route=%2Fwp%2Fv2%2Fmedia&parent=25333"}],"wp:term":[{"taxonomy":"pwb-brand","embeddable":true,"href":"https:\/\/www.autonvaraosahaku.fi\/index.php?rest_route=%2Fwp%2Fv2%2Fpwb-brand&post=25333"},{"taxonomy":"product_cat","embeddable":true,"href":"https:\/\/www.autonvaraosahaku.fi\/index.php?rest_route=%2Fwp%2Fv2%2Fproduct_cat&post=25333"},{"taxonomy":"product_tag","embeddable":true,"href":"https:\/\/www.autonvaraosahaku.fi\/index.php?rest_route=%2Fwp%2Fv2%2Fproduct_tag&post=25333"}],"curies":[{"name":"wp","href":"https:\/\/api.w.org\/{rel}","templated":true}]}}