{"id":25350,"date":"2021-02-21T14:57:34","date_gmt":"2021-02-21T14:57:34","guid":{"rendered":"https:\/\/www.autonvaraosahaku.fi\/?product=ufi-25-499-00-oljynsuodatin"},"modified":"2021-02-21T14:57:36","modified_gmt":"2021-02-21T14:57:36","slug":"ufi-25-499-00-oljynsuodatin","status":"publish","type":"product","link":"https:\/\/www.autonvaraosahaku.fi\/?product=ufi-25-499-00-oljynsuodatin","title":{"rendered":"UFI 25.499.00 \u00d6ljynsuodatin"},"content":{"rendered":"<p>Ulkol\u00e4pimitta [mm]: 89,0; Sis\u00e4l\u00e4pimitta 1 [mm]: 11,5; Sis\u00e4l\u00e4pimitta 2 [mm]: 24,5; Ulkol\u00e4pimitta 1 [mm]: 92,0; Korkeus (mm): 195,0; Valmistusvuosi alkaen: 07\/1979; MERCEDES-BENZ: Stufenheck W123,G-CLASS W460,COUPE C123,KOMBI Kombi S123,T1 Bus 601,T1 Pritsche\/Fahrgestell 602,T2\/L Kasten\/Kombi,T1 Kasten 602,T1 Pritsche\/Fahrgestell 601,T2\/LN1 Kasten\/Kombi,T1 Kasten 601,T2\/L Pritsche\/Fahrgestell,T2\/LN1 Pritsche\/Fahrgestell,T2\/LN1 Kipper,UNIMOG; SCANIA: 3 &#8211; series; 5002704, 5010961, 5019420, 6011800610, 6171800009, 6171840025, 6171840125<\/p>\n","protected":false},"excerpt":{"rendered":"<p>UFI \u00d6ljynsuodatin 25.499.00  MERCEDES-BENZ,SCANIA,Stufenheck W123,G-CLASS W460,COUPE C123,KOMBI Kombi S123,T1 Bus 601,T1 Pritsche\/Fahrgestell 602<\/p>\n","protected":false},"featured_media":0,"template":"","meta":{"site-sidebar-layout":"default","site-content-layout":"default","ast-global-header-display":"","ast-main-header-display":"","ast-hfb-above-header-display":"","ast-hfb-below-header-display":"","ast-hfb-mobile-header-display":"","site-post-title":"","ast-breadcrumbs-content":"","ast-featured-img":"","footer-sml-layout":"","theme-transparent-header-meta":"","adv-header-id-meta":"","stick-header-meta":"","header-above-stick-meta":"","header-main-stick-meta":"","header-below-stick-meta":""},"pwb-brand":[109],"product_cat":[30],"product_tag":[],"class_list":{"0":"post-25350","1":"product","2":"type-product","3":"status-publish","5":"pwb-brand-ufi","6":"product_cat-oljynsuodatin","7":"desktop-align-left","8":"tablet-align-left","9":"mobile-align-left","11":"first","12":"instock","13":"product-type-external"},"brands":[{"id":109,"name":"UFI","slug":"ufi"}],"_links":{"self":[{"href":"https:\/\/www.autonvaraosahaku.fi\/index.php?rest_route=\/wp\/v2\/product\/25350","targetHints":{"allow":["GET"]}}],"collection":[{"href":"https:\/\/www.autonvaraosahaku.fi\/index.php?rest_route=\/wp\/v2\/product"}],"about":[{"href":"https:\/\/www.autonvaraosahaku.fi\/index.php?rest_route=\/wp\/v2\/types\/product"}],"wp:attachment":[{"href":"https:\/\/www.autonvaraosahaku.fi\/index.php?rest_route=%2Fwp%2Fv2%2Fmedia&parent=25350"}],"wp:term":[{"taxonomy":"pwb-brand","embeddable":true,"href":"https:\/\/www.autonvaraosahaku.fi\/index.php?rest_route=%2Fwp%2Fv2%2Fpwb-brand&post=25350"},{"taxonomy":"product_cat","embeddable":true,"href":"https:\/\/www.autonvaraosahaku.fi\/index.php?rest_route=%2Fwp%2Fv2%2Fproduct_cat&post=25350"},{"taxonomy":"product_tag","embeddable":true,"href":"https:\/\/www.autonvaraosahaku.fi\/index.php?rest_route=%2Fwp%2Fv2%2Fproduct_tag&post=25350"}],"curies":[{"name":"wp","href":"https:\/\/api.w.org\/{rel}","templated":true}]}}