{"id":25362,"date":"2021-02-21T14:57:39","date_gmt":"2021-02-21T14:57:39","guid":{"rendered":"https:\/\/www.autonvaraosahaku.fi\/?product=hella-1a6-002-395-031-muut-luokat"},"modified":"2021-02-21T14:57:39","modified_gmt":"2021-02-21T14:57:39","slug":"hella-1a6-002-395-031-muut-luokat","status":"publish","type":"product","link":"https:\/\/www.autonvaraosahaku.fi\/?product=hella-1a6-002-395-031-muut-luokat","title":{"rendered":"HELLA 1A6 002 395-031 Muut luokat"},"content":{"rendered":"<p>Viite: 20; Asennusmalli: Upotus; Asennuspuoli: Vasen, Oikea; Lis\u00e4tarvike\/lis\u00e4tieto: Ilman polttimoa; Lyhdyn muoto: Halogeeni; Tarkistuskilpi: E4 1, ECE; Nimellisj\u00e4nnite (V): 12; Lyhtytoimintojen m\u00e4\u00e4r\u00e4: 2; L\u00e4pimitta [mm]: 169; L\u00e4pimitta [Zoll]: 7; Muoto: Py\u00f6re\u00e4; Lamppumalli: H4; Valotoiminto: puolivalolla, kaukovalolla; Valoaukko (mm): 165; Vasen \/ oikea liikenne: Oikeanpuoleiselle liikenteelle; Linssiversio: Kupera lasi; Valmistusvuoteen: 12\/1979; MAZDA: MX-5 I NA,RX 7 I SA,323 I FA,323 I Station Wagon FA; LADA: NIVA 2121,1200-1600; NISSAN: 280 ZX,ZXT HGS130,CHERRY II Coupe N10,DATSUN 120 Y Coupe KB 210,CHERRY II Hatchback N10,DATSUN 120,SUNNY 140Y, 150Y,CHERRY II Traveller VN10; HONDA: CIVIC I Hatchback SB,CIVIC II Schr\u00e4gheck SS, SL,CIVIC I Stufenheck SF; VOLVO: 140 142, 144; DAIHATSU: CHARADE I G10,WILDCAT\/ROCKY F70,WILDCAT\/ROCKY F75; SUZUKI: SAMURAI SJ,SJ 413,LJ 80,SJ 410 Cabrio,SJ 410,SUPER CARRY Bus ED,ALTO SS80,CARRY Kasten ST90V,SAMURAI Gel\u00e4ndewagen offen SJ,SUPER CARRY Kasten ED; TOYOTA: LAND CRUISER _J6_,COROLLA KE,HIACE I Wagon LH1_, RH1_, LH3_, RH3_, LH2_, RH2_,HIACE II Wagon LH7_, LH5_, LH6_, YH7_, YH6_, YH5_,COROLLA Station Wagon _E7_,HIACE II Kasten LH5_, YH7_, LH7_, LH6_, YH6_, YH5_,HIACE I Kasten RH1_, LH3_, RH3_, RH2_, LH2_, LH1_,COROLLA _E7_,COROLLA Liftback KE, TE,STARLET KP6_,COROLLA Liftback _E7_,COROLLA Coupe KE,CRESSIDA Stufenheck RX3_,CRESSIDA Station Wagon RX3_,COROLLA Combi KE,STARLET Station Wagon KP6_,LITEACE Kasten KM2_; MITSUBISHI: PAJERO I L04_G, L14_G,PAJERO I Canvas Top L04_G,COLT LANCER Station Wagon A7_K,CELESTE A7_,COLT LANCER A7_; 9004950027, 4474443, 42005186, 91463116300, 91463116300<\/p>\n","protected":false},"excerpt":{"rendered":"<p>HELLA Ajovalosarja, Ajovalo 1A6 002 395-031  MAZDA,LADA,NISSAN,MX-5 I NA,RX 7 I SA,323 I FA,323 I Station Wagon FA,NIVA 2121,1200-1600<\/p>\n","protected":false},"featured_media":0,"template":"","meta":{"site-sidebar-layout":"default","site-content-layout":"default","ast-global-header-display":"","ast-main-header-display":"","ast-hfb-above-header-display":"","ast-hfb-below-header-display":"","ast-hfb-mobile-header-display":"","site-post-title":"","ast-breadcrumbs-content":"","ast-featured-img":"","footer-sml-layout":"","theme-transparent-header-meta":"","adv-header-id-meta":"","stick-header-meta":"","header-above-stick-meta":"","header-main-stick-meta":"","header-below-stick-meta":""},"pwb-brand":[24],"product_cat":[37],"product_tag":[],"class_list":{"0":"post-25362","1":"product","2":"type-product","3":"status-publish","5":"pwb-brand-hella","6":"product_cat-muut-luokat","7":"desktop-align-left","8":"tablet-align-left","9":"mobile-align-left","11":"first","12":"instock","13":"product-type-external"},"brands":[{"id":24,"name":"HELLA","slug":"hella"}],"_links":{"self":[{"href":"https:\/\/www.autonvaraosahaku.fi\/index.php?rest_route=\/wp\/v2\/product\/25362","targetHints":{"allow":["GET"]}}],"collection":[{"href":"https:\/\/www.autonvaraosahaku.fi\/index.php?rest_route=\/wp\/v2\/product"}],"about":[{"href":"https:\/\/www.autonvaraosahaku.fi\/index.php?rest_route=\/wp\/v2\/types\/product"}],"wp:attachment":[{"href":"https:\/\/www.autonvaraosahaku.fi\/index.php?rest_route=%2Fwp%2Fv2%2Fmedia&parent=25362"}],"wp:term":[{"taxonomy":"pwb-brand","embeddable":true,"href":"https:\/\/www.autonvaraosahaku.fi\/index.php?rest_route=%2Fwp%2Fv2%2Fpwb-brand&post=25362"},{"taxonomy":"product_cat","embeddable":true,"href":"https:\/\/www.autonvaraosahaku.fi\/index.php?rest_route=%2Fwp%2Fv2%2Fproduct_cat&post=25362"},{"taxonomy":"product_tag","embeddable":true,"href":"https:\/\/www.autonvaraosahaku.fi\/index.php?rest_route=%2Fwp%2Fv2%2Fproduct_tag&post=25362"}],"curies":[{"name":"wp","href":"https:\/\/api.w.org\/{rel}","templated":true}]}}