{"id":25390,"date":"2021-02-21T14:57:43","date_gmt":"2021-02-21T14:57:43","guid":{"rendered":"https:\/\/www.autonvaraosahaku.fi\/?product=ridex-3926a0019-ilmamassamittari"},"modified":"2021-02-21T14:57:45","modified_gmt":"2021-02-21T14:57:45","slug":"ridex-3926a0019-ilmamassamittari","status":"publish","type":"product","link":"https:\/\/www.autonvaraosahaku.fi\/?product=ridex-3926a0019-ilmamassamittari","title":{"rendered":"RIDEX 3926A0019 Ilmamassamittari"},"content":{"rendered":"<p>Lis\u00e4tarvike\/lis\u00e4tieto: Ilman imusarjaa; K\u00e4yt\u00f6ss\u00e4 koskettimia: 5; Valmistusvuoteen: 12\/2015; MAZDA: 5 CR19,3 BK,6 Station Wagon GY,6 Kombi GH,2 DE,323 F VI BJ,PREMACY CP,CX-7 ER,6 Hatchback GG,6 GG,3 BL,5 CW,3 BM,MX-5 III NC,6 Schr\u00e4gheck GH,RX 8 SE17,626 V Hatchback GF,3 Stufenheck BK,6 GH,MPV II LW,626 V GF,626 V Station Wagon GW,3 Stufenheck BL,FAMILIA VI BJ,3 Stufenheck BM,B-SERIE UN,BT-50 CD, UN; SUZUKI: SWIFT III MZ, EZ,JIMNY FJ,SWIFT IV FZ, NZ,GRAND VITARA II JT,SX4 EY, GY,GRAND VITARA I FT,WAGON R+ MM,LIANA Schr\u00e4gheck,SX4 S-Cross,LIANA ER,SX4 Stufenheck GY,WAGON R,JIMNY Gel\u00e4ndewagen offen SN; LAND ROVER: FREELANDER 2 FA_,RANGE ROVER SPORT LS,RANGE ROVER III LM,DISCOVERY III TAA; LEXUS: RX MHU3_, GSU3_, MCU3_,IS I JCE1_, GXE1_,GS GRS19_, UZS19_, GWS19_,GS UZS161, JZS160,IS SportCross,RX MCU15,LS UCF30; JAGUAR: S-TYPE CCX,XF _J05_, CC9,X-TYPE CF1,X-TYPE Estate,XJ X350, X358,XK 8 Convertible QDV,XK 8 Coupe QEV,XJ X35_, _J12_, _J24_; TOYOTA: YARIS SCP9_, NSP9_, KSP9_, NCP9_, ZSP9_,YARIS SCP1_, NLP1_, NCP1_,AVENSIS Kombi T25,COROLLA Verso ZER_, ZZE12_, R1_,RAV 4 II CLA2_, XA2_, ZCA2_, ACA2_,COROLLA ZZE12_, NDE12_, ZDE12_,AVENSIS T25_,YARIS VERSO _NLP2_, _NCP2_,YARIS NHP13_, NSP13_, NCP13_, KSP13_, NLP13_,COROLLA Kombi _E12J_, _E12T_,PRIUS Liftback NHW20_,AVENSIS Stufenheck T25,COROLLA Verso ZDE12_, CDE12_,CELICA ZZT23_,PREVIA MCR3_, ACR3_, CLR3_,LAND CRUISER KDJ12_, GRJ12_,VERSO S NLP12_, NCP12_, NSP12_,COROLLA Stufenheck _E12J_, _E12T_,LAND CRUISER 90 _J9_,AVENSIS VERSO _CLM2_, _ACM2_,VIOS\/YARIS Stufenheck ZSP9_, NCP9_,MR 2 III ZZW3_,CAMRY MCV3_, ACV3_, _XV3_,PRIUS Stufenheck NHW11_,LAND CRUISER Pick-up _J7_,4 RUNNER KZN18_, VZN18_, RZN18_,FJ CRUISER GSJ1_; VOLVO: V70 II SW,V50 MW,XC60,XC90 I,S60 I,V70 III BW,C30,S80 I TS, XY,S40 II MS,C70 II Cabriolet,XC70 II,S80 II AS; MITSUBISHI: PAJERO IV V8_W, V9_W,L 200 KB_T, KA_T,PAJERO IV Van V90, V80,L 200 Pritsche\/Fahrgestell KA_T, KB_T,PAJERO SPORT II KH_, KG_; C2S2670, PHF000140, 2220407010, 222040C020, 222040D030, 222040J010, 2220421010, 2220422010, ZL0113215, ZLY113215, MR547077, 1380063J00, 1380084E00, 2220407010, 222040C020, 222040D030, 222040J010, 2220421010, 2220422010, 30713512, 8658471; Ilmam\u00e4\u00e4r\u00e4mittari,MAF Anturi<\/p>\n","protected":false},"excerpt":{"rendered":"<p>RIDEX Ilmamassamittari 3926A0019 Ilmam\u00e4\u00e4r\u00e4mittari,MAF Anturi MAZDA,SUZUKI,LAND ROVER,5 CR19,3 BK,6 Station Wagon GY,6 Kombi GH,2 DE,323 F VI BJ<\/p>\n","protected":false},"featured_media":0,"template":"","meta":{"site-sidebar-layout":"default","site-content-layout":"default","ast-global-header-display":"","ast-main-header-display":"","ast-hfb-above-header-display":"","ast-hfb-below-header-display":"","ast-hfb-mobile-header-display":"","site-post-title":"","ast-breadcrumbs-content":"","ast-featured-img":"","footer-sml-layout":"","theme-transparent-header-meta":"","adv-header-id-meta":"","stick-header-meta":"","header-above-stick-meta":"","header-main-stick-meta":"","header-below-stick-meta":""},"pwb-brand":[157],"product_cat":[270],"product_tag":[],"class_list":{"0":"post-25390","1":"product","2":"type-product","3":"status-publish","5":"pwb-brand-ridex","6":"product_cat-ilmamassamittari","7":"desktop-align-left","8":"tablet-align-left","9":"mobile-align-left","11":"first","12":"instock","13":"product-type-external"},"brands":[{"id":157,"name":"RIDEX","slug":"ridex"}],"_links":{"self":[{"href":"https:\/\/www.autonvaraosahaku.fi\/index.php?rest_route=\/wp\/v2\/product\/25390","targetHints":{"allow":["GET"]}}],"collection":[{"href":"https:\/\/www.autonvaraosahaku.fi\/index.php?rest_route=\/wp\/v2\/product"}],"about":[{"href":"https:\/\/www.autonvaraosahaku.fi\/index.php?rest_route=\/wp\/v2\/types\/product"}],"wp:attachment":[{"href":"https:\/\/www.autonvaraosahaku.fi\/index.php?rest_route=%2Fwp%2Fv2%2Fmedia&parent=25390"}],"wp:term":[{"taxonomy":"pwb-brand","embeddable":true,"href":"https:\/\/www.autonvaraosahaku.fi\/index.php?rest_route=%2Fwp%2Fv2%2Fpwb-brand&post=25390"},{"taxonomy":"product_cat","embeddable":true,"href":"https:\/\/www.autonvaraosahaku.fi\/index.php?rest_route=%2Fwp%2Fv2%2Fproduct_cat&post=25390"},{"taxonomy":"product_tag","embeddable":true,"href":"https:\/\/www.autonvaraosahaku.fi\/index.php?rest_route=%2Fwp%2Fv2%2Fproduct_tag&post=25390"}],"curies":[{"name":"wp","href":"https:\/\/api.w.org\/{rel}","templated":true}]}}