{"id":25396,"date":"2021-02-21T14:57:43","date_gmt":"2021-02-21T14:57:43","guid":{"rendered":"https:\/\/www.autonvaraosahaku.fi\/?product=febi-bilstein-13435-sytytystulpat"},"modified":"2021-02-21T14:57:46","modified_gmt":"2021-02-21T14:57:46","slug":"febi-bilstein-13435-sytytystulpat","status":"publish","type":"product","link":"https:\/\/www.autonvaraosahaku.fi\/?product=febi-bilstein-13435-sytytystulpat","title":{"rendered":"FEBI BILSTEIN 13435 Sytytystulpat"},"content":{"rendered":"<p>Ulkokierre [mm]: M14 x 1,25; Kierteen pituus (mm): 26,5; Avainv\u00e4li: 16; K\u00e4rkiv\u00e4li (mm): 1,1; Sytytystulppa: suoralla istukalla, 1-maaelektroodi, 1-maaelektroodi; Huomioi tekniset tiedot: ; NISSAN: MICRA III K12,X-TRAIL T30,ALMERA TINO V10,ALMERA II Hatchback N16,PATHFINDER R51,PRIMERA Kombi WP12,PRIMERA P12,PRIMERA Traveller WP11,PRIMERA Hatchback P12,PATHFINDER R50,ALMERA Mk II N16; TOYOTA: HIACE IV Kasten TRH2_, KDH2_,HIACE \/ COMMUTER IV TRH2_, KDH2_; CITRO\u00cbN: C1 PM_, PN_,BERLINGO MF,XSARA PICASSO N68,C2 JM_,C3 I FC_,BERLINGO B9,C5 III Break TD_,C4 Picasso I UD_,C4 Grand Picasso I UA_,C8 EA_, EB_,C4 I LC_,BERLINGO Kasten M_,C5 II Break RE_,C5 I DC_,C5 I Break DE_,C5 III RD_,XSARA N1,C4 Coupe LA_,C3 Pluriel HB_,C4 II B7,C5 II RC_,XSARA Break N2,BERLINGO Kasten B9,C6 TD_,XSARA Coupe N0,EVASION 22, U6,C4 Stufenheck L,JUMPY U6U,JUMPY Kasten BS_, BT_, BY_, BZ_,JUMPY Pritsche\/Fahrgestell BU_, BV_, BW_, BX_; PEUGEOT: 206 Schr\u00e4gheck 2A\/C,206 CC 2D,207 WA_, WC_,307 SW 3H,307 CC 3B,407 SW 6E_,307 3A\/C,207 SW WK_,107,206 SW 2E\/K,807 E,106 II 1,307 Break 3E,607 9D, 9U,407 6D_,406 Break 8E\/F,PARTNER Tepee,1007 KM_,PARTNER Combispace 5F,PARTNER Kasten 5,406 Coupe 8C,406 8B,806 221,407 Coupe 6C_,EXPERT Tepee VF3V_,EXPERT Kasten VF3A_, VF3U_, VF3X_,307 Stufenheck,PARTNER Kasten,207 Stufenheck,EXPERT Kasten 222,206 Stufenheck,EXPERT 224; 596013, 596014, 596016, 596058, 596073, 596075, 596090, 596091, 5960F3, 5960F7, 59625C, 59625L, 59625M, 59627W, 59627Y, 224018H514, 224018H516, 596016, 596017, 596057, 596075, 596090, 596091, 5960F3, 5960F7, 59625E, 59627V, 59627W, 59627X, 9091901235, 9091901236, 90919W1001; Tulpat,Sytytystulppa<\/p>\n","protected":false},"excerpt":{"rendered":"<p>FEBI BILSTEIN Sytytystulpat 13435 Tulpat,Sytytystulppa NISSAN,TOYOTA,CITRO\u00cbN,MICRA III K12,X-TRAIL T30,ALMERA TINO V10,ALMERA II Hatchback N16<\/p>\n","protected":false},"featured_media":0,"template":"","meta":{"site-sidebar-layout":"default","site-content-layout":"default","ast-global-header-display":"","ast-main-header-display":"","ast-hfb-above-header-display":"","ast-hfb-below-header-display":"","ast-hfb-mobile-header-display":"","site-post-title":"","ast-breadcrumbs-content":"","ast-featured-img":"","footer-sml-layout":"","theme-transparent-header-meta":"","adv-header-id-meta":"","stick-header-meta":"","header-above-stick-meta":"","header-main-stick-meta":"","header-below-stick-meta":""},"pwb-brand":[50],"product_cat":[165],"product_tag":[],"class_list":{"0":"post-25396","1":"product","2":"type-product","3":"status-publish","5":"pwb-brand-febi-bilstein","6":"product_cat-sytytystulpat","7":"desktop-align-left","8":"tablet-align-left","9":"mobile-align-left","11":"first","12":"instock","13":"product-type-external"},"brands":[{"id":50,"name":"FEBI BILSTEIN","slug":"febi-bilstein"}],"_links":{"self":[{"href":"https:\/\/www.autonvaraosahaku.fi\/index.php?rest_route=\/wp\/v2\/product\/25396","targetHints":{"allow":["GET"]}}],"collection":[{"href":"https:\/\/www.autonvaraosahaku.fi\/index.php?rest_route=\/wp\/v2\/product"}],"about":[{"href":"https:\/\/www.autonvaraosahaku.fi\/index.php?rest_route=\/wp\/v2\/types\/product"}],"wp:attachment":[{"href":"https:\/\/www.autonvaraosahaku.fi\/index.php?rest_route=%2Fwp%2Fv2%2Fmedia&parent=25396"}],"wp:term":[{"taxonomy":"pwb-brand","embeddable":true,"href":"https:\/\/www.autonvaraosahaku.fi\/index.php?rest_route=%2Fwp%2Fv2%2Fpwb-brand&post=25396"},{"taxonomy":"product_cat","embeddable":true,"href":"https:\/\/www.autonvaraosahaku.fi\/index.php?rest_route=%2Fwp%2Fv2%2Fproduct_cat&post=25396"},{"taxonomy":"product_tag","embeddable":true,"href":"https:\/\/www.autonvaraosahaku.fi\/index.php?rest_route=%2Fwp%2Fv2%2Fproduct_tag&post=25396"}],"curies":[{"name":"wp","href":"https:\/\/api.w.org\/{rel}","templated":true}]}}