{"id":25402,"date":"2021-02-21T14:57:48","date_gmt":"2021-02-21T14:57:48","guid":{"rendered":"https:\/\/www.autonvaraosahaku.fi\/?product=valeo-586090-oljynsuodatin"},"modified":"2021-02-21T14:57:48","modified_gmt":"2021-02-21T14:57:48","slug":"valeo-586090-oljynsuodatin","status":"publish","type":"product","link":"https:\/\/www.autonvaraosahaku.fi\/?product=valeo-586090-oljynsuodatin","title":{"rendered":"VALEO 586090 \u00d6ljynsuodatin"},"content":{"rendered":"<p>Kierremitta: M 26&#215;1,5; Ulkol\u00e4pimitta [mm]: 93,7; Sis\u00e4l\u00e4pimitta 1 [mm]: 71,5; Sis\u00e4l\u00e4pimitta 2 [mm]: 61,5; Korkeus (mm): 119; Avauspaine ohitusventtiili [bar]: 1,2; Suodatintyyppi: Ruuvattava suodatin; Paino [kg]: 0,52; Valmistusvuosi alkaen: 06\/2000; KIA: CARNIVAL II GQ,CARNIVAL \/ GRAND CARNIVAL III VQ,CARNIVAL I UP,PREGIO Kasten TB,K2700 SD,PREGIO Bus,K2500 SD,K2900,BONGO Pritsche\/Fahrgestell; HYUNDAI: TERRACAN HP,H-1 Travel TQ,GALLOPER II JK-01,H-1 Kasten,H-1 Cargo TQ,H-1 \/ STAREX,H-1 Pritsche\/Fahrgestell,PORTER Pritsche\/Fahrgestell,PORTER Pick-up; 2630042040, 263304X000, 0K55114302, 2630042040, 2630042060, 263304X000, K55114302<\/p>\n","protected":false},"excerpt":{"rendered":"<p>VALEO \u00d6ljynsuodatin 586090  KIA,HYUNDAI,CARNIVAL II GQ,CARNIVAL \/ GRAND CARNIVAL III VQ,CARNIVAL I UP,PREGIO Kasten TB,K2700 SD,PREGIO Bus,K2500 SD<\/p>\n","protected":false},"featured_media":0,"template":"","meta":{"site-sidebar-layout":"default","site-content-layout":"default","ast-global-header-display":"","ast-main-header-display":"","ast-hfb-above-header-display":"","ast-hfb-below-header-display":"","ast-hfb-mobile-header-display":"","site-post-title":"","ast-breadcrumbs-content":"","ast-featured-img":"","footer-sml-layout":"","theme-transparent-header-meta":"","adv-header-id-meta":"","stick-header-meta":"","header-above-stick-meta":"","header-main-stick-meta":"","header-below-stick-meta":""},"pwb-brand":[28],"product_cat":[30],"product_tag":[],"class_list":{"0":"post-25402","1":"product","2":"type-product","3":"status-publish","5":"pwb-brand-valeo","6":"product_cat-oljynsuodatin","7":"desktop-align-left","8":"tablet-align-left","9":"mobile-align-left","11":"first","12":"instock","13":"product-type-external"},"brands":[{"id":28,"name":"VALEO","slug":"valeo"}],"_links":{"self":[{"href":"https:\/\/www.autonvaraosahaku.fi\/index.php?rest_route=\/wp\/v2\/product\/25402","targetHints":{"allow":["GET"]}}],"collection":[{"href":"https:\/\/www.autonvaraosahaku.fi\/index.php?rest_route=\/wp\/v2\/product"}],"about":[{"href":"https:\/\/www.autonvaraosahaku.fi\/index.php?rest_route=\/wp\/v2\/types\/product"}],"wp:attachment":[{"href":"https:\/\/www.autonvaraosahaku.fi\/index.php?rest_route=%2Fwp%2Fv2%2Fmedia&parent=25402"}],"wp:term":[{"taxonomy":"pwb-brand","embeddable":true,"href":"https:\/\/www.autonvaraosahaku.fi\/index.php?rest_route=%2Fwp%2Fv2%2Fpwb-brand&post=25402"},{"taxonomy":"product_cat","embeddable":true,"href":"https:\/\/www.autonvaraosahaku.fi\/index.php?rest_route=%2Fwp%2Fv2%2Fproduct_cat&post=25402"},{"taxonomy":"product_tag","embeddable":true,"href":"https:\/\/www.autonvaraosahaku.fi\/index.php?rest_route=%2Fwp%2Fv2%2Fproduct_tag&post=25402"}],"curies":[{"name":"wp","href":"https:\/\/api.w.org\/{rel}","templated":true}]}}