{"id":25422,"date":"2021-02-21T14:57:52","date_gmt":"2021-02-21T14:57:52","guid":{"rendered":"https:\/\/www.autonvaraosahaku.fi\/?product=febi-bilstein-24176-hehkutulppa"},"modified":"2021-02-21T14:57:53","modified_gmt":"2021-02-21T14:57:53","slug":"febi-bilstein-24176-hehkutulppa","status":"publish","type":"product","link":"https:\/\/www.autonvaraosahaku.fi\/?product=febi-bilstein-24176-hehkutulppa","title":{"rendered":"FEBI BILSTEIN 24176 Hehkutulppa"},"content":{"rendered":"<p>Pituus (mm): 96, 29; Ulkokierre [mm]: M10 x 1; Avainv\u00e4li: 10; J\u00e4nnite (V): 5; Paino [kg]: 0,025; Hehkutulppatyyppi: j\u00e4lkihehkutuksenkest\u00e4v\u00e4, j\u00e4lkihehkutuksenkest\u00e4v\u00e4; Huomioi tekniset tiedot: ; VW: GOLF V 1K1,TOURAN 1T1, 1T2,PASSAT Variant 3C5,GOLF PLUS 5M1, 521,PASSAT 3C2,POLO 6N2,CADDY III Kombi 2KB, 2KJ, 2CB, 2CJ,TRANSPORTER V Bus 7HB, 7HJ, 7EB, 7EJ, 7EF,GOLF V Variant 1K5,MULTIVAN V 7HM, 7HN, 7HF, 7EF, 7EM, 7EN,CADDY III Kasten 2KA, 2KH, 2CA, 2CH,EOS 1F7, 1F8,TRANSPORTER V Kasten 7HA, 7HH, 7EA, 7EH,JETTA III 1K2,TRANSPORTER V Pritsche\/Fahrgestell 7JD, 7JE, 7JL, 7JY, 7JZ,; AUDI: A3 8P1,A3 Sportback 8PA,A4 Avant 8ED, B7,A4 Avant 8E5, B6,A4 8E2, B6,A2 8Z0,A4 8EC, B7,A3 Cabriolet 8P7; SKODA: OCTAVIA Combi 1Z5,SUPERB Kombi 3T5,OCTAVIA 1Z3,SUPERB 3T4; SEAT: LEON 1P1,IBIZA V 6J5, 6P5,ALTEA 5P1,ALTEA XL 5P5, 5P8,IBIZA V SPORTCOUPE 6J1, 6P1,TOLEDO III 5P2; N10591602, N10591602, N10591602, N10591602<\/p>\n","protected":false},"excerpt":{"rendered":"<p>FEBI BILSTEIN Hehkutulppa 24176  VW,AUDI,SKODA,GOLF V 1K1,TOURAN 1T1, 1T2,PASSAT Variant 3C5,GOLF PLUS 5M1, 521,PASSAT 3C2,POLO 6N2<\/p>\n","protected":false},"featured_media":0,"template":"","meta":{"site-sidebar-layout":"default","site-content-layout":"default","ast-global-header-display":"","ast-main-header-display":"","ast-hfb-above-header-display":"","ast-hfb-below-header-display":"","ast-hfb-mobile-header-display":"","site-post-title":"","ast-breadcrumbs-content":"","ast-featured-img":"","footer-sml-layout":"","theme-transparent-header-meta":"","adv-header-id-meta":"","stick-header-meta":"","header-above-stick-meta":"","header-main-stick-meta":"","header-below-stick-meta":""},"pwb-brand":[50],"product_cat":[52],"product_tag":[],"class_list":{"0":"post-25422","1":"product","2":"type-product","3":"status-publish","5":"pwb-brand-febi-bilstein","6":"product_cat-hehkutulppa","7":"desktop-align-left","8":"tablet-align-left","9":"mobile-align-left","11":"first","12":"instock","13":"product-type-external"},"brands":[{"id":50,"name":"FEBI BILSTEIN","slug":"febi-bilstein"}],"_links":{"self":[{"href":"https:\/\/www.autonvaraosahaku.fi\/index.php?rest_route=\/wp\/v2\/product\/25422","targetHints":{"allow":["GET"]}}],"collection":[{"href":"https:\/\/www.autonvaraosahaku.fi\/index.php?rest_route=\/wp\/v2\/product"}],"about":[{"href":"https:\/\/www.autonvaraosahaku.fi\/index.php?rest_route=\/wp\/v2\/types\/product"}],"wp:attachment":[{"href":"https:\/\/www.autonvaraosahaku.fi\/index.php?rest_route=%2Fwp%2Fv2%2Fmedia&parent=25422"}],"wp:term":[{"taxonomy":"pwb-brand","embeddable":true,"href":"https:\/\/www.autonvaraosahaku.fi\/index.php?rest_route=%2Fwp%2Fv2%2Fpwb-brand&post=25422"},{"taxonomy":"product_cat","embeddable":true,"href":"https:\/\/www.autonvaraosahaku.fi\/index.php?rest_route=%2Fwp%2Fv2%2Fproduct_cat&post=25422"},{"taxonomy":"product_tag","embeddable":true,"href":"https:\/\/www.autonvaraosahaku.fi\/index.php?rest_route=%2Fwp%2Fv2%2Fproduct_tag&post=25422"}],"curies":[{"name":"wp","href":"https:\/\/api.w.org\/{rel}","templated":true}]}}