{"id":25459,"date":"2021-02-21T14:58:01","date_gmt":"2021-02-21T14:58:01","guid":{"rendered":"https:\/\/www.autonvaraosahaku.fi\/?product=swag-62-92-2448-tiivisteet"},"modified":"2021-02-21T14:58:01","modified_gmt":"2021-02-21T14:58:01","slug":"swag-62-92-2448-tiivisteet","status":"publish","type":"product","link":"https:\/\/www.autonvaraosahaku.fi\/?product=swag-62-92-2448-tiivisteet","title":{"rendered":"SWAG 62 92 2448 Tiivisteet"},"content":{"rendered":"<p>Leveys (mm): 11,2; Sis\u00e4l\u00e4pimitta [mm]: 25,5, 28,0; Ulkol\u00e4pimitta [mm]: 47,0; Materiaali: ACM (polyakryyli-kautsu); Asennuspuoli: Eteen, oikea; Paino [kg]: 0,02; Vaihteistomalli: f\u00fcr Schaltgetriebe; LANCIA: PHEDRA 179,ZETA 220; FIAT: SCUDO 270_,ULYSSE 179AX,QUBO 225,SCUDO Kasten 270_,ULYSSE 220,SCUDO Kasten 220L,FIORINO Kasten\/Kombi 225,SCUDO Combinato 220P,SCUDO Pritsche\/Fahrgestell 270_,SCUDO Pritsche\/Fahrgestell 220_; CITRO\u00cbN: BERLINGO MF,XSARA PICASSO N68,C2 JM_,C3 I FC_,BERLINGO B9,C5 III Break TD_,C4 Picasso I UD_,C4 Grand Picasso I UA_,C8 EA_, EB_,C4 I LC_,SAXO S0, S1,DS3,BERLINGO Kasten M_,C5 II Break RE_,C3 Picasso,C5 I DC_,C5 I Break DE_,C5 III RD_,C3 II,XSARA N1,C4 Coupe LA_,C3 Pluriel HB_,C4 II B7,C5 II RC_,XSARA Break N2,JUMPY,BERLINGO Kasten B9,JUMPY Kasten,C4 Grand Picasso II,C4 Picasso II,XM Y4,XANTIA X2,DS4,XSARA Coupe N0,XANTIA X1,AX ZA-_,NEMO Kasten AA_,DS5,EVASION 22, U6,C4 Stufenheck L,XANTIA Break X2,ZX N2,BX XB-_,NEMO Kombi,JUMPY U6U,JUMPY Kasten BS_, BT_, BY_, BZ_,XM Y3,DS3 Cabriolet,XANTIA Break X1,ZX Break N2,C2 ENTERPRISE,XM Break Y4,BX Break XB-_,C15 VD-_,BERLINGO Pritsche\/Fahrgestell B9,JUMPY Pritsche\/Fahrgestell BU_, BV_, BW_, BX_,C-ELYSEE,XM Break Y3,C1 II,C4 CACTUS,C15 Kombi,XSARA Kasten,SPACETOURER,C3 III SX,C3 AIRCROSS II,C4 Stufenheck N,SAXO Hatchback van S3_,XSARA Kasten\/Schr\u00e4gheck,JUMPY Pritsche\/Fahrgestell,C3 AIRCROSS; PEUGEOT: 206 Schr\u00e4gheck 2A\/C,206 CC 2D,207 WA_, WC_,307 SW 3H,207 CC WD_,307 CC 3B,407 SW 6E_,307 3A\/C,207 SW WK_,308 SW,206 SW 2E\/K,208,807 E,106 II 1,206+ T3E,308 4A_, 4C_,5008,307 Break 3E,508 SW,306 Schr\u00e4gheck 7A, 7C, N3, N5,306 Cabriolet 7D, N3, N5,407 6D_,3008,406 Break 8E\/F,PARTNER Tepee,RCZ,308 CC,1007 KM_,PARTNER Combispace 5F,106 I 1A, 1C,205 II 20A\/C,2008,PARTNER Kasten 5,406 Coupe 8C,306 Break 7E, N3, N5,406 8B,806 221,508,407 Coupe 6C_,EXPERT Tepee VF3V_,EXPERT Kasten VF3A_, VF3U_, VF3X_,306 7B, N3, N5,205 I Cabriolet 741B, 20D,307 Stufenheck,PARTNER Kasten,207 Stufenheck,EXPERT Kasten 222,206 Stufenheck,BIPPER AA_,308 II,309 II 3C, 3A,BIPPER Tepee,405 I 15B,206 Van,605 6B,EXPERT 224,405 II 4B,106 Van 1_,309 I 10C, 10A,306 Van N_, 7_,405 II Break 4E,405 I Break 15E,301,EXPERT Pritsche\/Fahrgestell 223,308 SW II,205 Kasten,207 Van,EXPERT Pritsche\/Fahrgestell,PARTNER Pritsche\/Fahrgestell,108,3008 SUV,EXPERT Kasten,5008 II,TRAVELLER,3; DS: DS 3,DS5,DS 4 \/ DS 4 CROSSBACK,DS 3 Cabriolet; 1623179680, 312110, 312126, 312146, 312146, 1623179680, 9403121269, 9790464500, 9790464580, 1623179680, 9403121269, 9790464500, 9790464580, 039165742, 1623179680, 39165742, 1623179680, 312110, 312126, 312146<\/p>\n","protected":false},"excerpt":{"rendered":"<p>SWAG Akselitiiviste, Man.Vaihteisto 62 92 2448  LANCIA,FIAT,CITRO\u00cbN,PHEDRA 179,ZETA 220,SCUDO 270_,ULYSSE 179AX,QUBO 225,SCUDO Kasten 270_,ULYSSE 220<\/p>\n","protected":false},"featured_media":0,"template":"","meta":{"site-sidebar-layout":"default","site-content-layout":"default","ast-global-header-display":"","ast-main-header-display":"","ast-hfb-above-header-display":"","ast-hfb-below-header-display":"","ast-hfb-mobile-header-display":"","site-post-title":"","ast-breadcrumbs-content":"","ast-featured-img":"","footer-sml-layout":"","theme-transparent-header-meta":"","adv-header-id-meta":"","stick-header-meta":"","header-above-stick-meta":"","header-main-stick-meta":"","header-below-stick-meta":""},"pwb-brand":[103],"product_cat":[27],"product_tag":[],"class_list":{"0":"post-25459","1":"product","2":"type-product","3":"status-publish","5":"pwb-brand-swag","6":"product_cat-tiivisteet","7":"desktop-align-left","8":"tablet-align-left","9":"mobile-align-left","11":"first","12":"instock","13":"product-type-external"},"brands":[{"id":103,"name":"SWAG","slug":"swag"}],"_links":{"self":[{"href":"https:\/\/www.autonvaraosahaku.fi\/index.php?rest_route=\/wp\/v2\/product\/25459","targetHints":{"allow":["GET"]}}],"collection":[{"href":"https:\/\/www.autonvaraosahaku.fi\/index.php?rest_route=\/wp\/v2\/product"}],"about":[{"href":"https:\/\/www.autonvaraosahaku.fi\/index.php?rest_route=\/wp\/v2\/types\/product"}],"wp:attachment":[{"href":"https:\/\/www.autonvaraosahaku.fi\/index.php?rest_route=%2Fwp%2Fv2%2Fmedia&parent=25459"}],"wp:term":[{"taxonomy":"pwb-brand","embeddable":true,"href":"https:\/\/www.autonvaraosahaku.fi\/index.php?rest_route=%2Fwp%2Fv2%2Fpwb-brand&post=25459"},{"taxonomy":"product_cat","embeddable":true,"href":"https:\/\/www.autonvaraosahaku.fi\/index.php?rest_route=%2Fwp%2Fv2%2Fproduct_cat&post=25459"},{"taxonomy":"product_tag","embeddable":true,"href":"https:\/\/www.autonvaraosahaku.fi\/index.php?rest_route=%2Fwp%2Fv2%2Fproduct_tag&post=25459"}],"curies":[{"name":"wp","href":"https:\/\/api.w.org\/{rel}","templated":true}]}}