{"id":25472,"date":"2021-02-21T14:58:01","date_gmt":"2021-02-21T14:58:01","guid":{"rendered":"https:\/\/www.autonvaraosahaku.fi\/?product=bilstein-24-114714-iskunvaimennin"},"modified":"2021-02-21T14:58:03","modified_gmt":"2021-02-21T14:58:03","slug":"bilstein-24-114714-iskunvaimennin","status":"publish","type":"product","link":"https:\/\/www.autonvaraosahaku.fi\/?product=bilstein-24-114714-iskunvaimennin","title":{"rendered":"BILSTEIN 24-114714 Iskunvaimennin"},"content":{"rendered":"<p>Asennuspuoli: Taka-akseli; Iskunvaimennin tyyppi: Kaasupaine; Iskunvaimennin asennustapa: Silmukka alhaalla, Tappi ylh\u00e4\u00e4ll\u00e4; Iskunvaimennusj\u00e4rjestelm\u00e4: Yksiputki; Tuotelinja: &#8211; B4 OE Replacement; OE-numerolle: 203 320 66 30; MERCEDES-BENZ: C-CLASS W203,C-CLASS T-Model S203,C-CLASS Coupe CL203,CLK C209,CLK Cabriolet A209,CLC-CLASS CL203; 2033200031, 2033200131, 2033200231, 2033200731, 2033260500, 2033260600, 2033260700, 2033261000, 2033261100, 2033261500, 2033261700, 2033261800, 2033262300, 2033262900, 2033263000, 2033263600, 2033263800, 2033264100, 2093260200, 2093260300, 2093260500, 2093261200, 2093261300, 2093261400, 2093261500, 2093261600, A2033200031, A2033200131, A2033200231, A2033200731, A2033260500, A2033260600, A2033260700, A2033261000, A2033261100, A2033261500, A2033261700, A2033261800, A2033262300, A2033262900, A2033263000, A2033263600, A2033263800, A2033264100, A2093260200, A2093260300, A2093260500, A2093261200, A2093261300, A2093261400, A2093261500, A2093261600; Iskarit,Iskunvaimennin<\/p>\n","protected":false},"excerpt":{"rendered":"<p>BILSTEIN Iskunvaimentimet 24-114714 Iskarit,Iskunvaimennin MERCEDES-BENZ,C-CLASS W203,C-CLASS T-Model S203,C-CLASS Coupe CL203,CLK C209<\/p>\n","protected":false},"featured_media":0,"template":"","meta":{"site-sidebar-layout":"default","site-content-layout":"default","ast-global-header-display":"","ast-main-header-display":"","ast-hfb-above-header-display":"","ast-hfb-below-header-display":"","ast-hfb-mobile-header-display":"","site-post-title":"","ast-breadcrumbs-content":"","ast-featured-img":"","footer-sml-layout":"","theme-transparent-header-meta":"","adv-header-id-meta":"","stick-header-meta":"","header-above-stick-meta":"","header-main-stick-meta":"","header-below-stick-meta":""},"pwb-brand":[114],"product_cat":[80],"product_tag":[],"class_list":{"0":"post-25472","1":"product","2":"type-product","3":"status-publish","5":"pwb-brand-bilstein","6":"product_cat-iskunvaimennin","7":"desktop-align-left","8":"tablet-align-left","9":"mobile-align-left","11":"first","12":"instock","13":"product-type-external"},"brands":[{"id":114,"name":"BILSTEIN","slug":"bilstein"}],"_links":{"self":[{"href":"https:\/\/www.autonvaraosahaku.fi\/index.php?rest_route=\/wp\/v2\/product\/25472","targetHints":{"allow":["GET"]}}],"collection":[{"href":"https:\/\/www.autonvaraosahaku.fi\/index.php?rest_route=\/wp\/v2\/product"}],"about":[{"href":"https:\/\/www.autonvaraosahaku.fi\/index.php?rest_route=\/wp\/v2\/types\/product"}],"wp:attachment":[{"href":"https:\/\/www.autonvaraosahaku.fi\/index.php?rest_route=%2Fwp%2Fv2%2Fmedia&parent=25472"}],"wp:term":[{"taxonomy":"pwb-brand","embeddable":true,"href":"https:\/\/www.autonvaraosahaku.fi\/index.php?rest_route=%2Fwp%2Fv2%2Fpwb-brand&post=25472"},{"taxonomy":"product_cat","embeddable":true,"href":"https:\/\/www.autonvaraosahaku.fi\/index.php?rest_route=%2Fwp%2Fv2%2Fproduct_cat&post=25472"},{"taxonomy":"product_tag","embeddable":true,"href":"https:\/\/www.autonvaraosahaku.fi\/index.php?rest_route=%2Fwp%2Fv2%2Fproduct_tag&post=25472"}],"curies":[{"name":"wp","href":"https:\/\/api.w.org\/{rel}","templated":true}]}}