{"id":25474,"date":"2021-02-21T14:58:01","date_gmt":"2021-02-21T14:58:01","guid":{"rendered":"https:\/\/www.autonvaraosahaku.fi\/?product=trw-df2752-jarrulevyt"},"modified":"2021-02-21T14:58:03","modified_gmt":"2021-02-21T14:58:03","slug":"trw-df2752-jarrulevyt","status":"publish","type":"product","link":"https:\/\/www.autonvaraosahaku.fi\/?product=trw-df2752-jarrulevyt","title":{"rendered":"TRW DF2752 Jarrulevyt"},"content":{"rendered":"<p>Pinta: Lakattu; Jarrulevytyyppi: Vakiomalli; Ulkol\u00e4pimitta [mm]: 240; Jarrulevyn paksuus (mm): 12; V\u00e4himm\u00e4ispaksuus (mm): 10; keskitt\u00e4misl\u00e4pimitta [mm]: 63,5; Korkeus (mm): 43; Reikien m\u00e4\u00e4r\u00e4: 4; Kierremitta: 13,6; Reik\u00e4ympyr\u00e4-\u00d8 [mm]: 108; V\u00e4ri: Musta; Asennuspuoli: Vorderachse; MAZDA: 121 III JASM, JBSM; FORD: FIESTA IV JA_, JB_,KA RB_,FIESTA III GFJ,FIESTA Kasten J5_, J3_,FIESTA Kasten JV_,KA Van RB; 1006505, 1013581, 1018348, 1019598, 1112542, 96FX1125A1B, 96FX1125AB, 1E0333251, 1E0333251A, 1E0333251D, 1E0433251; Jarrulevy<\/p>\n","protected":false},"excerpt":{"rendered":"<p>TRW Jarrulevyt DF2752 Jarrulevy MAZDA,FORD,121 III JASM, JBSM,FIESTA IV JA_, JB_,KA RB_,FIESTA III GFJ,FIESTA Kasten J5_, J3_,FIESTA Kasten JV_<\/p>\n","protected":false},"featured_media":0,"template":"","meta":{"site-sidebar-layout":"default","site-content-layout":"default","ast-global-header-display":"","ast-main-header-display":"","ast-hfb-above-header-display":"","ast-hfb-below-header-display":"","ast-hfb-mobile-header-display":"","site-post-title":"","ast-breadcrumbs-content":"","ast-featured-img":"","footer-sml-layout":"","theme-transparent-header-meta":"","adv-header-id-meta":"","stick-header-meta":"","header-above-stick-meta":"","header-main-stick-meta":"","header-below-stick-meta":""},"pwb-brand":[332],"product_cat":[66],"product_tag":[],"class_list":{"0":"post-25474","1":"product","2":"type-product","3":"status-publish","5":"pwb-brand-trw","6":"product_cat-jarrulevyt","7":"desktop-align-left","8":"tablet-align-left","9":"mobile-align-left","11":"first","12":"instock","13":"product-type-external"},"brands":[{"id":332,"name":"TRW","slug":"trw"}],"_links":{"self":[{"href":"https:\/\/www.autonvaraosahaku.fi\/index.php?rest_route=\/wp\/v2\/product\/25474","targetHints":{"allow":["GET"]}}],"collection":[{"href":"https:\/\/www.autonvaraosahaku.fi\/index.php?rest_route=\/wp\/v2\/product"}],"about":[{"href":"https:\/\/www.autonvaraosahaku.fi\/index.php?rest_route=\/wp\/v2\/types\/product"}],"wp:attachment":[{"href":"https:\/\/www.autonvaraosahaku.fi\/index.php?rest_route=%2Fwp%2Fv2%2Fmedia&parent=25474"}],"wp:term":[{"taxonomy":"pwb-brand","embeddable":true,"href":"https:\/\/www.autonvaraosahaku.fi\/index.php?rest_route=%2Fwp%2Fv2%2Fpwb-brand&post=25474"},{"taxonomy":"product_cat","embeddable":true,"href":"https:\/\/www.autonvaraosahaku.fi\/index.php?rest_route=%2Fwp%2Fv2%2Fproduct_cat&post=25474"},{"taxonomy":"product_tag","embeddable":true,"href":"https:\/\/www.autonvaraosahaku.fi\/index.php?rest_route=%2Fwp%2Fv2%2Fproduct_tag&post=25474"}],"curies":[{"name":"wp","href":"https:\/\/api.w.org\/{rel}","templated":true}]}}