{"id":25476,"date":"2021-02-21T14:58:01","date_gmt":"2021-02-21T14:58:01","guid":{"rendered":"https:\/\/www.autonvaraosahaku.fi\/?product=febi-bilstein-17532-muut-luokat"},"modified":"2021-02-21T14:58:04","modified_gmt":"2021-02-21T14:58:04","slug":"febi-bilstein-17532-muut-luokat","status":"publish","type":"product","link":"https:\/\/www.autonvaraosahaku.fi\/?product=febi-bilstein-17532-muut-luokat","title":{"rendered":"FEBI BILSTEIN 17532 Muut luokat"},"content":{"rendered":"<p>Pituus (mm): 56,8; Ulkokierre [mm]: M10 x 1,5; Kierteen pituus (mm): 27; Laatu \/ luokka: 10.9; Avainv\u00e4li: 16; Ruuvikanta\/mutteriprofiili: Kuusioruuvi \/-mutteri; DIN \/ ISO: 931; Runkopituus [mm]: 13; Ruuvin pituus ilman p\u00e4\u00e4t\u00e4: 50; Paino [kg]: 0,151, 0,151; Moottorinumero: ABS; ADZ; VW: GOLF III 1H1,GOLF II 19E, 1G1,PASSAT Variant 3A5, 35I,GOLF I Cabriolet 155,GOLF III Cabriolet 1E7,GOLF Mk III Cabriolet 1E7,GOLF III Variant 1H5,PASSAT 3A2, 35I,CORRADO 53I,CADDY II Kasten 9K9A,POLO Variant 6KV5,POLO CLASSIC 6KV2,SCIROCCO 53B,VENTO 1H2,GOLF I 17,CADDY I 14,JETTA II 19E, 1G2, 165,CADDY II Kombi 9K9B,SCIROCCO 53,JETTA I 16,GOLF III Van 1H1; AUDI: 80 8C, B4,CABRIOLET 8G7, B4,100 4A, C4,80 Avant 8C, B4,A6 Avant 4A, C4,A6 4A, C4,COUPE 89, 8B,100 Avant 4A, C4,QUATTRO 85; SEAT: IBIZA II 6K1,CORDOBA 6K1, 6K2,CORDOBA Vario 6K1,TOLEDO I 1L,INCA 6K9; PEUGEOT: 206 Schr\u00e4gheck 2A\/C,206 CC 2D,207 SW WK_,206 SW 2E\/K,206+ T3E,206 Stufenheck,206 Van; 895407241K, 895407242K, N01044503, N0347784, N0347785, N10474601, N90328901, 352243, 352243, N01044503, N0347784, N0347785, N10474601, 895407241K, 895407242K, N01044503, N0347784, N0347785, N10474601<\/p>\n","protected":false},"excerpt":{"rendered":"<p>FEBI BILSTEIN Puristusruuvi, Pallonivel 17532  VW,AUDI,SEAT,GOLF III 1H1,GOLF II 19E, 1G1,PASSAT Variant 3A5, 35I,GOLF I Cabriolet 155<\/p>\n","protected":false},"featured_media":0,"template":"","meta":{"site-sidebar-layout":"default","site-content-layout":"default","ast-global-header-display":"","ast-main-header-display":"","ast-hfb-above-header-display":"","ast-hfb-below-header-display":"","ast-hfb-mobile-header-display":"","site-post-title":"","ast-breadcrumbs-content":"","ast-featured-img":"","footer-sml-layout":"","theme-transparent-header-meta":"","adv-header-id-meta":"","stick-header-meta":"","header-above-stick-meta":"","header-main-stick-meta":"","header-below-stick-meta":""},"pwb-brand":[50],"product_cat":[37],"product_tag":[],"class_list":{"0":"post-25476","1":"product","2":"type-product","3":"status-publish","5":"pwb-brand-febi-bilstein","6":"product_cat-muut-luokat","7":"desktop-align-left","8":"tablet-align-left","9":"mobile-align-left","11":"first","12":"instock","13":"product-type-external"},"brands":[{"id":50,"name":"FEBI BILSTEIN","slug":"febi-bilstein"}],"_links":{"self":[{"href":"https:\/\/www.autonvaraosahaku.fi\/index.php?rest_route=\/wp\/v2\/product\/25476","targetHints":{"allow":["GET"]}}],"collection":[{"href":"https:\/\/www.autonvaraosahaku.fi\/index.php?rest_route=\/wp\/v2\/product"}],"about":[{"href":"https:\/\/www.autonvaraosahaku.fi\/index.php?rest_route=\/wp\/v2\/types\/product"}],"wp:attachment":[{"href":"https:\/\/www.autonvaraosahaku.fi\/index.php?rest_route=%2Fwp%2Fv2%2Fmedia&parent=25476"}],"wp:term":[{"taxonomy":"pwb-brand","embeddable":true,"href":"https:\/\/www.autonvaraosahaku.fi\/index.php?rest_route=%2Fwp%2Fv2%2Fpwb-brand&post=25476"},{"taxonomy":"product_cat","embeddable":true,"href":"https:\/\/www.autonvaraosahaku.fi\/index.php?rest_route=%2Fwp%2Fv2%2Fproduct_cat&post=25476"},{"taxonomy":"product_tag","embeddable":true,"href":"https:\/\/www.autonvaraosahaku.fi\/index.php?rest_route=%2Fwp%2Fv2%2Fproduct_tag&post=25476"}],"curies":[{"name":"wp","href":"https:\/\/api.w.org\/{rel}","templated":true}]}}