{"id":25503,"date":"2021-02-21T14:58:10","date_gmt":"2021-02-21T14:58:10","guid":{"rendered":"https:\/\/www.autonvaraosahaku.fi\/?product=ashika-10-eco068-oljynsuodatin"},"modified":"2021-02-21T14:58:11","modified_gmt":"2021-02-21T14:58:11","slug":"ashika-10-eco068-oljynsuodatin","status":"publish","type":"product","link":"https:\/\/www.autonvaraosahaku.fi\/?product=ashika-10-eco068-oljynsuodatin","title":{"rendered":"ASHIKA 10-ECO068 \u00d6ljynsuodatin"},"content":{"rendered":"<p>Suodatintyyppi: Suodatinpanos; Pituus (mm): 113; Ulkol\u00e4pimitta [mm]: 58; Sis\u00e4l\u00e4pimitta [mm]: 24; NISSAN: QASHQAI \/ QASHQAI +2 J10, JJ10,X-TRAIL T31,PRIMASTAR Bus X83,PRIMASTAR Kasten X83,INTERSTAR Kasten X70,INTERSTAR Bus X70,INTERSTAR Pritsche\/Fahrgestell; OPEL: VIVARO Kasten F7,VIVARO Combi J7,MOVANO Kasten F9,MOVANO Combi J9,VIVARO Pritsche\/Fahrgestell E7,MOVANO Pritsche\/Fahrgestell U9, E9,MOVANO Kipper H9; RENAULT: SC\u00c9NIC II JM0\/1_,MEGANE III Grandtour KZ0\/1,ESPACE IV JK0\/1_,LAGUNA II Grandtour KG0\/1_,MEGANE II Kombi KM0\/1_,MEGANE II Coup\u00e9-Cabriolet EM0\/1_,SC\u00c9NIC III JZ0\/1_,LAGUNA III Grandtour KT0\/1,MEGANE III Schr\u00e4gheck BZ0_,LAGUNA II BG0\/1_,MEGANE II BM0\/1_, CM0\/1_,TRAFIC II Bus JL,GRAND SC\u00c9NIC III JZ0\/1_,TRAFIC II Kasten FL,MEGANE III Coupe DZ0\/1_,KOLEOS HY_,GRAND SC\u00c9NIC II JM0\/1_,LAGUNA III BT0\/1,MEGANE II Stufenheck LM0\/1_,MEGANE CC EZ0\/1_,VEL SATIS BJ0_,LAGUNA Coupe DT0\/1,TRAFIC II Pritsche\/Fahrgestell EL; VAUXHALL: MOVANO Mk I A Van FD,VIVARO Combi J7,VIVARO Pritsche\/Fahrgestell E7,MOVANO Mk I A Combi JD; 1520900Q0A, 93161665, 8200362442, 8671018392<\/p>\n","protected":false},"excerpt":{"rendered":"<p>ASHIKA \u00d6ljynsuodatin 10-ECO068  NISSAN,OPEL,RENAULT,QASHQAI \/ QASHQAI +2 J10, JJ10,X-TRAIL T31,PRIMASTAR Bus X83,PRIMASTAR Kasten X83<\/p>\n","protected":false},"featured_media":0,"template":"","meta":{"site-sidebar-layout":"default","site-content-layout":"default","ast-global-header-display":"","ast-main-header-display":"","ast-hfb-above-header-display":"","ast-hfb-below-header-display":"","ast-hfb-mobile-header-display":"","site-post-title":"","ast-breadcrumbs-content":"","ast-featured-img":"","footer-sml-layout":"","theme-transparent-header-meta":"","adv-header-id-meta":"","stick-header-meta":"","header-above-stick-meta":"","header-main-stick-meta":"","header-below-stick-meta":""},"pwb-brand":[102],"product_cat":[30],"product_tag":[],"class_list":{"0":"post-25503","1":"product","2":"type-product","3":"status-publish","5":"pwb-brand-ashika","6":"product_cat-oljynsuodatin","7":"desktop-align-left","8":"tablet-align-left","9":"mobile-align-left","11":"first","12":"instock","13":"product-type-external"},"brands":[{"id":102,"name":"ASHIKA","slug":"ashika"}],"_links":{"self":[{"href":"https:\/\/www.autonvaraosahaku.fi\/index.php?rest_route=\/wp\/v2\/product\/25503","targetHints":{"allow":["GET"]}}],"collection":[{"href":"https:\/\/www.autonvaraosahaku.fi\/index.php?rest_route=\/wp\/v2\/product"}],"about":[{"href":"https:\/\/www.autonvaraosahaku.fi\/index.php?rest_route=\/wp\/v2\/types\/product"}],"wp:attachment":[{"href":"https:\/\/www.autonvaraosahaku.fi\/index.php?rest_route=%2Fwp%2Fv2%2Fmedia&parent=25503"}],"wp:term":[{"taxonomy":"pwb-brand","embeddable":true,"href":"https:\/\/www.autonvaraosahaku.fi\/index.php?rest_route=%2Fwp%2Fv2%2Fpwb-brand&post=25503"},{"taxonomy":"product_cat","embeddable":true,"href":"https:\/\/www.autonvaraosahaku.fi\/index.php?rest_route=%2Fwp%2Fv2%2Fproduct_cat&post=25503"},{"taxonomy":"product_tag","embeddable":true,"href":"https:\/\/www.autonvaraosahaku.fi\/index.php?rest_route=%2Fwp%2Fv2%2Fproduct_tag&post=25503"}],"curies":[{"name":"wp","href":"https:\/\/api.w.org\/{rel}","templated":true}]}}