{"id":25508,"date":"2021-02-21T14:58:10","date_gmt":"2021-02-21T14:58:10","guid":{"rendered":"https:\/\/www.autonvaraosahaku.fi\/?product=ate-13-0470-2820-2-jarrupalat"},"modified":"2021-02-21T14:58:12","modified_gmt":"2021-02-21T14:58:12","slug":"ate-13-0470-2820-2-jarrupalat","status":"publish","type":"product","link":"https:\/\/www.autonvaraosahaku.fi\/?product=ate-13-0470-2820-2-jarrupalat","title":{"rendered":"ATE 13.0470-2820.2 Jarrupalat"},"content":{"rendered":"<p>Leveys (mm): 87,6; Korkeus (mm): 52,9; Paksuus [mm]: 17,2; Kulumisenilmaisimen liitos: Ilman kulumisenilmaisinta; Korvaava tuote\/korvaava tiedote 2: Jarrusatulan ruuveilla; Ruuvien m\u00e4\u00e4r\u00e4: 4; Jarruj\u00e4rjestelm\u00e4: Lucas \/ TRW; Tarkistuskilpi: E1 90R-02A0258\/0193; MAPP-koodi saatavilla: ; Suositellun tarvikkeen tuotenumero: 13.0460-0072.2; Huomioi mitat: ; M\u00e4\u00e4r\u00e4yksikk\u00f6: Akselisarja; Tuotelinja: Ceramic; Tuning: 1; PR-numerolle: 1KD; VW: GOLF IV 1J1,GOLF V 1K1,PASSAT Variant 3B6,POLO 6R, 6C,GOLF IV Variant 1J5,PASSAT Variant 3B5,BORA 1J2,PASSAT 3B2,NEW BEETLE 9C1, 1C1,PASSAT 3B3,BORA Kombi 1J6,BEETLE 5C1,JETTA IV 162, 163,POLO Stufenheck,BEETLE Cabriolet 5C7,BORA,POLO Van 6R,POLO AW1, BZ1; AUDI: A3 8L1,A4 8D2, B5,A6 Avant 4B5, C5,A4 Avant 8D5, B5,A6 4B2, C5,TT 8N3,A8 4D2, 4D8; SKODA: OCTAVIA Combi 1Z5,FABIA,FABIA Combi,ROOMSTER 5J,YETI 5L,OCTAVIA 1Z3,SUPERB 3U4,RAPID Spaceback NH1,ROOMSTER Praktik 5J,RAPID NH3,FABIA NJ3,FABIA Kombi NJ5; SEAT: LEON 1P1,IBIZA V 6J5, 6P5,LEON 1M1,ALTEA 5P1,ALTEA XL 5P5, 5P8,IBIZA V ST 6J8, 6P8,TOLEDO II 1M2,IBIZA V SPORTCOUPE 6J1, 6P1,TOLEDO III 5P2,TOLEDO IV KG3,IBIZA V KJ1,ARONA KJ7; CITRO\u00cbN: BERLINGO MF,XSARA PICASSO N68,C2 JM_,C3 I FC_,C4 I LC_,BERLINGO Kasten M_,C4 Coupe LA_,C3 Pluriel HB_,C4 Stufenheck L,C2 ENTERPRISE; PEUGEOT: 307 SW 3H,307 CC 3B,307 3A\/C,307 Break 3E,1007 KM_,PARTNER Combispace 5F,PARTNER Kasten 5,PARTNER Pritsche\/Fahrgestell; 425241, 425467, 1611456380, 425223, 425467, E172197, E172204, 1K0698451A, 1K0698451C, 1K0698451J, 2Q0698451, 2QB698451, 5K0698451B, 1K0698451C, 1K0698451J, 2Q0698451B, 3B0698451A, 5K0698451B, 8E0698451A, 8E0698451K; Jarrupalasarja,Jarrupala, Levyjarru<\/p>\n","protected":false},"excerpt":{"rendered":"<p>ATE Jarrupalat 13.0470-2820.2 Jarrupalasarja,Jarrupala, Levyjarru VW,AUDI,SKODA,GOLF IV 1J1,GOLF V 1K1,PASSAT Variant 3B6,POLO 6R, 6C<\/p>\n","protected":false},"featured_media":0,"template":"","meta":{"site-sidebar-layout":"default","site-content-layout":"default","ast-global-header-display":"","ast-main-header-display":"","ast-hfb-above-header-display":"","ast-hfb-below-header-display":"","ast-hfb-mobile-header-display":"","site-post-title":"","ast-breadcrumbs-content":"","ast-featured-img":"","footer-sml-layout":"","theme-transparent-header-meta":"","adv-header-id-meta":"","stick-header-meta":"","header-above-stick-meta":"","header-main-stick-meta":"","header-below-stick-meta":""},"pwb-brand":[108],"product_cat":[100],"product_tag":[],"class_list":{"0":"post-25508","1":"product","2":"type-product","3":"status-publish","5":"pwb-brand-ate","6":"product_cat-jarrupalat","7":"desktop-align-left","8":"tablet-align-left","9":"mobile-align-left","11":"first","12":"instock","13":"product-type-external"},"brands":[{"id":108,"name":"ATE","slug":"ate"}],"_links":{"self":[{"href":"https:\/\/www.autonvaraosahaku.fi\/index.php?rest_route=\/wp\/v2\/product\/25508","targetHints":{"allow":["GET"]}}],"collection":[{"href":"https:\/\/www.autonvaraosahaku.fi\/index.php?rest_route=\/wp\/v2\/product"}],"about":[{"href":"https:\/\/www.autonvaraosahaku.fi\/index.php?rest_route=\/wp\/v2\/types\/product"}],"wp:attachment":[{"href":"https:\/\/www.autonvaraosahaku.fi\/index.php?rest_route=%2Fwp%2Fv2%2Fmedia&parent=25508"}],"wp:term":[{"taxonomy":"pwb-brand","embeddable":true,"href":"https:\/\/www.autonvaraosahaku.fi\/index.php?rest_route=%2Fwp%2Fv2%2Fpwb-brand&post=25508"},{"taxonomy":"product_cat","embeddable":true,"href":"https:\/\/www.autonvaraosahaku.fi\/index.php?rest_route=%2Fwp%2Fv2%2Fproduct_cat&post=25508"},{"taxonomy":"product_tag","embeddable":true,"href":"https:\/\/www.autonvaraosahaku.fi\/index.php?rest_route=%2Fwp%2Fv2%2Fproduct_tag&post=25508"}],"curies":[{"name":"wp","href":"https:\/\/api.w.org\/{rel}","templated":true}]}}