{"id":25511,"date":"2021-02-21T14:58:10","date_gmt":"2021-02-21T14:58:10","guid":{"rendered":"https:\/\/www.autonvaraosahaku.fi\/?product=denso-vxu22-sytytystulpat"},"modified":"2021-02-21T14:58:12","modified_gmt":"2021-02-21T14:58:12","slug":"denso-vxu22-sytytystulpat","status":"publish","type":"product","link":"https:\/\/www.autonvaraosahaku.fi\/?product=denso-vxu22-sytytystulpat","title":{"rendered":"DENSO VXU22 Sytytystulpat"},"content":{"rendered":"<p>L\u00e4pimitta [mm]: 12; Avainv\u00e4li: 16; Kiristysmomentti: 17; Paino [g]: 40; Sytytystulppa: 1-maaelektroodi; Kierre 1: 19; Tuotelinja: Iridium Tough; Tarvittava kappalem\u00e4\u00e4r\u00e4: 4; BMW: 3 E36,3 Coupe E36,Z3 E36,5 E34,3 Cabriolet E36,5 Touring E34,Z3 Coupe E36; OPEL: COMBO Kasten\/Kombi X12,COMBO Tour X12; FORD: KA RU8,KA; FIAT: GRANDE PUNTO 199,PUNTO 188,PANDA 169,500 312,STILO 192,BRAVO II 198,SEICENTO 187,PUNTO EVO 199,DOBLO Cargo 223,500 C 312,STILO Multi Wagon 192,DOBLO 119,DOBLO Kasten\/Kombi 263,PANDA Van 169,PUNTO 199,IDEA,PANDA 312,STRADA Pick-up 178E,QUBO 225,500L,DOBLO Gro\u00dfraumlimousine 152, 263,PUNTO Van 188AX,FIORINO Kasten\/Kombi 225,LINEA 323,PUNTO Van 199,DOBLO Pritsche\/Fahrgestell 263,PALIO 178BX,SIENA 178_,TIPO Schr\u00e4gheck 356_,PANDA VAN 312,TIPO Kombi 356_,TIPO Stufenheck 356_; MITSUBISHI: PAJERO JUNIOR H57A; SUZUKI: ALTO HA24,WAGON R+ EM; CHEVROLET: SPARK M300,AVEO Schr\u00e4gheck T250, T255,AVEO Stufenheck T250, T255; ALFA ROMEO: MITO 955; PORSCHE: 911 996,911 997; LANCIA: YPSILON 843,MUSA 350,YPSILON 312, 846; 12129069048, 9069048, 9004851194, NDVXU22, NDVXU22A, 55232360, 71769195, 1A0318110, 1UT918110, 1UXF18110, MN122493, MN122494, MZ602049, MZ602080, BY484DCPR7, SAB330DE0800, SAB330DE3800, SAB330NG9708, 0948200525, 0948200610, 9900079K73U22, 9900079L65004; Tulpat,Sytytystulppa<\/p>\n","protected":false},"excerpt":{"rendered":"<p>DENSO Sytytystulpat VXU22 Tulpat,Sytytystulppa BMW,OPEL,FORD,3 E36,3 Coupe E36,Z3 E36,5 E34,3 Cabriolet E36,5 Touring E34,Z3 Coupe E36<\/p>\n","protected":false},"featured_media":0,"template":"","meta":{"site-sidebar-layout":"default","site-content-layout":"default","ast-global-header-display":"","ast-main-header-display":"","ast-hfb-above-header-display":"","ast-hfb-below-header-display":"","ast-hfb-mobile-header-display":"","site-post-title":"","ast-breadcrumbs-content":"","ast-featured-img":"","footer-sml-layout":"","theme-transparent-header-meta":"","adv-header-id-meta":"","stick-header-meta":"","header-above-stick-meta":"","header-main-stick-meta":"","header-below-stick-meta":""},"pwb-brand":[278],"product_cat":[165],"product_tag":[],"class_list":{"0":"post-25511","1":"product","2":"type-product","3":"status-publish","5":"pwb-brand-denso","6":"product_cat-sytytystulpat","7":"desktop-align-left","8":"tablet-align-left","9":"mobile-align-left","11":"first","12":"instock","13":"product-type-external"},"brands":[{"id":278,"name":"DENSO","slug":"denso"}],"_links":{"self":[{"href":"https:\/\/www.autonvaraosahaku.fi\/index.php?rest_route=\/wp\/v2\/product\/25511","targetHints":{"allow":["GET"]}}],"collection":[{"href":"https:\/\/www.autonvaraosahaku.fi\/index.php?rest_route=\/wp\/v2\/product"}],"about":[{"href":"https:\/\/www.autonvaraosahaku.fi\/index.php?rest_route=\/wp\/v2\/types\/product"}],"wp:attachment":[{"href":"https:\/\/www.autonvaraosahaku.fi\/index.php?rest_route=%2Fwp%2Fv2%2Fmedia&parent=25511"}],"wp:term":[{"taxonomy":"pwb-brand","embeddable":true,"href":"https:\/\/www.autonvaraosahaku.fi\/index.php?rest_route=%2Fwp%2Fv2%2Fpwb-brand&post=25511"},{"taxonomy":"product_cat","embeddable":true,"href":"https:\/\/www.autonvaraosahaku.fi\/index.php?rest_route=%2Fwp%2Fv2%2Fproduct_cat&post=25511"},{"taxonomy":"product_tag","embeddable":true,"href":"https:\/\/www.autonvaraosahaku.fi\/index.php?rest_route=%2Fwp%2Fv2%2Fproduct_tag&post=25511"}],"curies":[{"name":"wp","href":"https:\/\/api.w.org\/{rel}","templated":true}]}}