{"id":25524,"date":"2021-02-21T14:58:14","date_gmt":"2021-02-21T14:58:14","guid":{"rendered":"https:\/\/www.autonvaraosahaku.fi\/?product=ridex-854s0032-iskunvaimennin"},"modified":"2021-02-21T14:58:15","modified_gmt":"2021-02-21T14:58:15","slug":"ridex-854s0032-iskunvaimennin","status":"publish","type":"product","link":"https:\/\/www.autonvaraosahaku.fi\/?product=ridex-854s0032-iskunvaimennin","title":{"rendered":"RIDEX 854S0032 Iskunvaimennin"},"content":{"rendered":"<p>Asennuspuoli: Etuakseli; Iskunvaimennusj\u00e4rjestelm\u00e4: Kaksiputki; Iskunvaimennin tyyppi: Kaasupaine; Iskunvaimennin malli: Joustintuki; v\u00e4h. pituus [mm]: 429; suurin pituus [mm]: 605; Alustarakenne: f\u00fcr Fahrzeuge mit Sportfahrwerk; MERCEDES-BENZ: 190 W201,Stufenheck W124,KOMBI Kombi S124,E-CLASS W124,COUPE C124,E-CLASS Kombi S124,E-CLASS Coupe C124; 1243200430, 1243200730, 1243200830, 1243201930, 1243202130, 1243203430, 1243203530, 1243203630, 1243203730, 1243203830, 1243204130, 1243204230, 1243205130, 1243205230, 1243205530, 1243205630, 1243206030, 1243206430, 2013200630, 2013200830, 2013201130, 2013201330, 2013201630, 2013202230, 2013203130, 2013203430, 2013203630, 2013203930, 2013204130, 2013204430, A1243200430, A1243200830, A1243201930, A1243203430, A1243203530, A1243203630, A1243204130, A1243204230, A1243205530, A1243205630, A1243206030, A1243206430, A2013201130, A2013201330, A2013203430, A2013203930, A2013204430; Iskarit,Iskunvaimennin<\/p>\n","protected":false},"excerpt":{"rendered":"<p>RIDEX Iskunvaimentimet 854S0032 Iskarit,Iskunvaimennin MERCEDES-BENZ,190 W201,Stufenheck W124,KOMBI Kombi S124,E-CLASS W124,COUPE C124<\/p>\n","protected":false},"featured_media":0,"template":"","meta":{"site-sidebar-layout":"default","site-content-layout":"default","ast-global-header-display":"","ast-main-header-display":"","ast-hfb-above-header-display":"","ast-hfb-below-header-display":"","ast-hfb-mobile-header-display":"","site-post-title":"","ast-breadcrumbs-content":"","ast-featured-img":"","footer-sml-layout":"","theme-transparent-header-meta":"","adv-header-id-meta":"","stick-header-meta":"","header-above-stick-meta":"","header-main-stick-meta":"","header-below-stick-meta":""},"pwb-brand":[157],"product_cat":[80],"product_tag":[],"class_list":{"0":"post-25524","1":"product","2":"type-product","3":"status-publish","5":"pwb-brand-ridex","6":"product_cat-iskunvaimennin","7":"desktop-align-left","8":"tablet-align-left","9":"mobile-align-left","11":"first","12":"instock","13":"product-type-external"},"brands":[{"id":157,"name":"RIDEX","slug":"ridex"}],"_links":{"self":[{"href":"https:\/\/www.autonvaraosahaku.fi\/index.php?rest_route=\/wp\/v2\/product\/25524","targetHints":{"allow":["GET"]}}],"collection":[{"href":"https:\/\/www.autonvaraosahaku.fi\/index.php?rest_route=\/wp\/v2\/product"}],"about":[{"href":"https:\/\/www.autonvaraosahaku.fi\/index.php?rest_route=\/wp\/v2\/types\/product"}],"wp:attachment":[{"href":"https:\/\/www.autonvaraosahaku.fi\/index.php?rest_route=%2Fwp%2Fv2%2Fmedia&parent=25524"}],"wp:term":[{"taxonomy":"pwb-brand","embeddable":true,"href":"https:\/\/www.autonvaraosahaku.fi\/index.php?rest_route=%2Fwp%2Fv2%2Fpwb-brand&post=25524"},{"taxonomy":"product_cat","embeddable":true,"href":"https:\/\/www.autonvaraosahaku.fi\/index.php?rest_route=%2Fwp%2Fv2%2Fproduct_cat&post=25524"},{"taxonomy":"product_tag","embeddable":true,"href":"https:\/\/www.autonvaraosahaku.fi\/index.php?rest_route=%2Fwp%2Fv2%2Fproduct_tag&post=25524"}],"curies":[{"name":"wp","href":"https:\/\/api.w.org\/{rel}","templated":true}]}}