{"id":25536,"date":"2021-02-21T14:58:14","date_gmt":"2021-02-21T14:58:14","guid":{"rendered":"https:\/\/www.autonvaraosahaku.fi\/?product=febi-bilstein-27540-hydraulinen-venttiilinnostin"},"modified":"2021-02-21T14:58:17","modified_gmt":"2021-02-21T14:58:17","slug":"febi-bilstein-27540-hydraulinen-venttiilinnostin","status":"publish","type":"product","link":"https:\/\/www.autonvaraosahaku.fi\/?product=febi-bilstein-27540-hydraulinen-venttiilinnostin","title":{"rendered":"FEBI BILSTEIN 27540 Hydraulinen venttiilinnostin"},"content":{"rendered":"<p>Paksuus [mm]: 33,4; Ulkol\u00e4pimitta [mm]: 12,0; K\u00e4ytt\u00f6: Hydraulinen; Paino [kg]: 0,02; Huomioi huolto-ohjeet: , ; Moottorinumero: TZJA; TZJB; MAZDA: 2 DE,3 BL,3 Stufenheck BL; KIA: RIO IV YB; SSANGYONG: REXTON GAB_,REXTON W,ACTYON SPORTS II,RODIUS II,ACTYON II; HYUNDAI: ix35 LM, EL, ELH,i30 FD,GETZ TB,i10 PA,i20 PB, PBT,i30 CW FD,i40 CW VF,i30 GD,ix20 JC,MATRIX FC,i30 CW GD,H-1 Travel TQ,ix55,i30 Coupe,i40 VF,H-1 Kasten,H-1 Cargo TQ,ACCENT III MC,H-1 \/ STAREX,ACCENT III Stufenheck MC,TUCSON,i10 IA,ELANTRA Stufenheck MD, UD,ACCENT IV RB,i20 GB,ELANTRA Stufenheck HD,H-1 Pritsche\/Fahrgestell,ACCENT IV Stufenheck RB,i30 PDE,PORTER Pritsche\/Fahrgestell,H350 Bus,i30 Kombi PDE,H350 Kasten,i20 ACTIVE GB,i20 Coupe,i10 Stufenheck,KONA OS,PORTER Pick-up,i30 FASTBACK PDE,ELANTRA Stufenheck AD,CRETA,H350 Pritsche\/Fahrgestell; VOLVO: V50 MW,V70 III BW,C30,V60,S40 II MS,C70 II Cabriolet,V40 Schr\u00e4gheck,S80 II AS,S60 II; MINI: MINI R56,MINI CLUBMAN R55; FORD: FIESTA V JH_, JD_,FOCUS II Kombi DA_,FIESTA VI,FOCUS II DA_,FOCUS C-MAX,FUSION JU_,C-MAX DM2,FOCUS II Stufenheck DA_,FIESTA V Van,FIESTA VI Van; FIAT: SCUDO 270_,SCUDO Kasten 270_,SCUDO Pritsche\/Fahrgestell 270_; CITRO\u00cbN: BERLINGO MF,XSARA PICASSO N68,C2 JM_,C3 I FC_,BERLINGO B9,C4 Picasso I UD_,C4 Grand Picasso I UA_,C4 I LC_,BERLINGO Kasten M_,C5 II Break RE_,C4 Coupe LA_,C5 II RC_,JUMPY,BERLINGO Kasten B9,JUMPY Kasten,C4 Stufenheck L,BERLINGO Pritsche\/Fahrgestell B9,JUMPY Pritsche\/Fahrgestell; PEUGEOT: 206 Schr\u00e4gheck 2A\/C,206 CC 2D,207 WA_, WC_,307 SW 3H,207 CC WD_,407 SW 6E_,307 3A\/C,207 SW WK_,308 SW,206 SW 2E\/K,308 4A_, 4C_,307 Break 3E,407 6D_,3008,PARTNER Tepee,308 CC,1007 KM_,PARTNER Combispace 5F,PARTNER Kasten 5,EXPERT Tepee VF3V_,EXPERT Kasten VF3A_, VF3U_, VF3X_,PARTNER Kasten,207 Van,PARTNER Pritsche\/Fahrgestell; 094289, 94289, 9650951380, 9650981280, 1319249, 3M5Q6500BA, 222314A000, 222314A001, 222314A000, 222314A001, Y60312101, 007805974, 11337805974, 7805974, 094289, 94289, 9650981280, 9650981380, 6650501025, 30711499, 30711897, 30725160, 30759038, 8653746, 8653752, 8653825; Venttiilinnostin<\/p>\n","protected":false},"excerpt":{"rendered":"<p>FEBI BILSTEIN Hydraulinen Venttiilinnostin 27540 Venttiilinnostin MAZDA,KIA,SSANGYONG,2 DE,3 BL,3 Stufenheck BL,RIO IV YB,REXTON GAB_,REXTON W<\/p>\n","protected":false},"featured_media":0,"template":"","meta":{"site-sidebar-layout":"default","site-content-layout":"default","ast-global-header-display":"","ast-main-header-display":"","ast-hfb-above-header-display":"","ast-hfb-below-header-display":"","ast-hfb-mobile-header-display":"","site-post-title":"","ast-breadcrumbs-content":"","ast-featured-img":"","footer-sml-layout":"","theme-transparent-header-meta":"","adv-header-id-meta":"","stick-header-meta":"","header-above-stick-meta":"","header-main-stick-meta":"","header-below-stick-meta":""},"pwb-brand":[50],"product_cat":[126],"product_tag":[],"class_list":{"0":"post-25536","1":"product","2":"type-product","3":"status-publish","5":"pwb-brand-febi-bilstein","6":"product_cat-hydraulinen-venttiilinnostin","7":"desktop-align-left","8":"tablet-align-left","9":"mobile-align-left","11":"first","12":"instock","13":"product-type-external"},"brands":[{"id":50,"name":"FEBI BILSTEIN","slug":"febi-bilstein"}],"_links":{"self":[{"href":"https:\/\/www.autonvaraosahaku.fi\/index.php?rest_route=\/wp\/v2\/product\/25536","targetHints":{"allow":["GET"]}}],"collection":[{"href":"https:\/\/www.autonvaraosahaku.fi\/index.php?rest_route=\/wp\/v2\/product"}],"about":[{"href":"https:\/\/www.autonvaraosahaku.fi\/index.php?rest_route=\/wp\/v2\/types\/product"}],"wp:attachment":[{"href":"https:\/\/www.autonvaraosahaku.fi\/index.php?rest_route=%2Fwp%2Fv2%2Fmedia&parent=25536"}],"wp:term":[{"taxonomy":"pwb-brand","embeddable":true,"href":"https:\/\/www.autonvaraosahaku.fi\/index.php?rest_route=%2Fwp%2Fv2%2Fpwb-brand&post=25536"},{"taxonomy":"product_cat","embeddable":true,"href":"https:\/\/www.autonvaraosahaku.fi\/index.php?rest_route=%2Fwp%2Fv2%2Fproduct_cat&post=25536"},{"taxonomy":"product_tag","embeddable":true,"href":"https:\/\/www.autonvaraosahaku.fi\/index.php?rest_route=%2Fwp%2Fv2%2Fproduct_tag&post=25536"}],"curies":[{"name":"wp","href":"https:\/\/api.w.org\/{rel}","templated":true}]}}