{"id":25542,"date":"2021-02-21T14:58:19","date_gmt":"2021-02-21T14:58:19","guid":{"rendered":"https:\/\/www.autonvaraosahaku.fi\/?product=mahle-original-kl-579d-polttoainesuodatin"},"modified":"2021-02-21T14:58:20","modified_gmt":"2021-02-21T14:58:20","slug":"mahle-original-kl-579d-polttoainesuodatin","status":"publish","type":"product","link":"https:\/\/www.autonvaraosahaku.fi\/?product=mahle-original-kl-579d-polttoainesuodatin","title":{"rendered":"MAHLE ORIGINAL KL 579D Polttoainesuodatin"},"content":{"rendered":"<p>Suodatintyyppi: Letkusuodatin; Kopan l\u00e4pimitta (mm): 54,6; Korkeus 1 (mm): 221,2; Korkeus (mm): 255,5; L\u00e4pimitta 2 [mm]: 8,0; L\u00e4pimitta 3 [mm]: 8,0; Paino [g]: 0,53; Korkeus (tuumaa): 10,24; Leveys (tuumaa): 2,36; Pituus (tuumaa): 2,36; Valmistusvuoteen: 01\/2010; MINI: MINI R56,MINI CLUBMAN R55,MINI COUNTRYMAN R60,MINI Coupe R58,MINI Roadster R59; BMW: 3 Touring E91,3 E90,5 E60,X3 E83,3 Coupe E92,3 Cabriolet E93,7 E65, E66, E67,5 Gran Turismo F07,6 Gran Coupe F06,6 Coupe F13,6 Cabriolet F12; ALPINA: D3 E90,D3 Kombi E91,D5 F10; 13327793672, 7793672<\/p>\n","protected":false},"excerpt":{"rendered":"<p>MAHLE ORIGINAL Polttoainesuodatin KL 579D  MINI,BMW,ALPINA,MINI R56,MINI CLUBMAN R55,MINI COUNTRYMAN R60,MINI Coupe R58,MINI Roadster R59<\/p>\n","protected":false},"featured_media":0,"template":"","meta":{"site-sidebar-layout":"default","site-content-layout":"default","ast-global-header-display":"","ast-main-header-display":"","ast-hfb-above-header-display":"","ast-hfb-below-header-display":"","ast-hfb-mobile-header-display":"","site-post-title":"","ast-breadcrumbs-content":"","ast-featured-img":"","footer-sml-layout":"","theme-transparent-header-meta":"","adv-header-id-meta":"","stick-header-meta":"","header-above-stick-meta":"","header-main-stick-meta":"","header-below-stick-meta":""},"pwb-brand":[153],"product_cat":[29],"product_tag":[],"class_list":{"0":"post-25542","1":"product","2":"type-product","3":"status-publish","5":"pwb-brand-mahle-original","6":"product_cat-polttoainesuodatin","7":"desktop-align-left","8":"tablet-align-left","9":"mobile-align-left","11":"first","12":"instock","13":"product-type-external"},"brands":[{"id":153,"name":"MAHLE ORIGINAL","slug":"mahle-original"}],"_links":{"self":[{"href":"https:\/\/www.autonvaraosahaku.fi\/index.php?rest_route=\/wp\/v2\/product\/25542","targetHints":{"allow":["GET"]}}],"collection":[{"href":"https:\/\/www.autonvaraosahaku.fi\/index.php?rest_route=\/wp\/v2\/product"}],"about":[{"href":"https:\/\/www.autonvaraosahaku.fi\/index.php?rest_route=\/wp\/v2\/types\/product"}],"wp:attachment":[{"href":"https:\/\/www.autonvaraosahaku.fi\/index.php?rest_route=%2Fwp%2Fv2%2Fmedia&parent=25542"}],"wp:term":[{"taxonomy":"pwb-brand","embeddable":true,"href":"https:\/\/www.autonvaraosahaku.fi\/index.php?rest_route=%2Fwp%2Fv2%2Fpwb-brand&post=25542"},{"taxonomy":"product_cat","embeddable":true,"href":"https:\/\/www.autonvaraosahaku.fi\/index.php?rest_route=%2Fwp%2Fv2%2Fproduct_cat&post=25542"},{"taxonomy":"product_tag","embeddable":true,"href":"https:\/\/www.autonvaraosahaku.fi\/index.php?rest_route=%2Fwp%2Fv2%2Fproduct_tag&post=25542"}],"curies":[{"name":"wp","href":"https:\/\/api.w.org\/{rel}","templated":true}]}}