{"id":25573,"date":"2021-02-21T14:58:23","date_gmt":"2021-02-21T14:58:23","guid":{"rendered":"https:\/\/www.autonvaraosahaku.fi\/?product=mahle-original-ox-153-7d-oljynsuodatin"},"modified":"2021-02-21T14:58:26","modified_gmt":"2021-02-21T14:58:26","slug":"mahle-original-ox-153-7d-oljynsuodatin","status":"publish","type":"product","link":"https:\/\/www.autonvaraosahaku.fi\/?product=mahle-original-ox-153-7d-oljynsuodatin","title":{"rendered":"MAHLE ORIGINAL OX 153\/7D \u00d6ljynsuodatin"},"content":{"rendered":"<p>Suodatintyyppi: Suodatinpanos; Korkeus (mm): 115,0; Korkeus 1 (mm): 105,1; L\u00e4pimitta [mm]: 64,3; Sis\u00e4l\u00e4pimitta 1 [mm]: 31,4; L\u00e4pimitta 3 [mm]: 31,4; Tiivisteen l\u00e4pimitta [mm]: 31,4; Paino [g]: 0,2; Korkeus (tuumaa): 4,72; Leveys (tuumaa): 2,95; Pituus (tuumaa): 2,95; Valmistaja rajaus: 700; MERCEDES-BENZ: C-CLASS W203,E-CLASS W211,C-CLASS T-Model S204,C-CLASS T-Model S203,C-CLASS W202,E-CLASS T-Model S211,SLK R170,E-CLASS W210,E-CLASS W212,VIANO W639,M-CLASS W164,C-CLASS Coupe CL203,M-CLASS W163,E-CLASS Kombi S210,VITO Bus W639,CLK C208,SL R129,CLK C209,C-CLASS Kombi S202,S-CLASS W220,VITO \/ MIXTO Kasten W639,SL R230,R-CLASS W251, V251,G-CLASS W463,CLK Cabriolet A208,CLK Cabriolet A209,E-CLASS Cabriolet A207,CLC-CLASS CL203,G-CLASS W461,S-CLASS Coupe C215,G-CLASS Cabrio W463; PUCH: G-MODELL W 463; 0001802209, 0001802309, 0001802609, 0011849425, 1121800009, 1121840025, 1121840125, 1121840225, 1121840325, 1121840425, A0001802209, A0001802309, A0001802609, A0011849425, A1121800009, A1121840025, A1121840125, A1121840225, A1121840325, A1121840425, A6111800009, 0001802209, 0001802309, 1121800009, 1121840025, 1121840125, 1121840425<\/p>\n","protected":false},"excerpt":{"rendered":"<p>MAHLE ORIGINAL \u00d6ljynsuodatin OX 153\/7D  MERCEDES-BENZ,PUCH,C-CLASS W203,E-CLASS W211,C-CLASS T-Model S204,C-CLASS T-Model S203,C-CLASS W202<\/p>\n","protected":false},"featured_media":0,"template":"","meta":{"site-sidebar-layout":"default","site-content-layout":"default","ast-global-header-display":"","ast-main-header-display":"","ast-hfb-above-header-display":"","ast-hfb-below-header-display":"","ast-hfb-mobile-header-display":"","site-post-title":"","ast-breadcrumbs-content":"","ast-featured-img":"","footer-sml-layout":"","theme-transparent-header-meta":"","adv-header-id-meta":"","stick-header-meta":"","header-above-stick-meta":"","header-main-stick-meta":"","header-below-stick-meta":""},"pwb-brand":[153],"product_cat":[30],"product_tag":[],"class_list":{"0":"post-25573","1":"product","2":"type-product","3":"status-publish","5":"pwb-brand-mahle-original","6":"product_cat-oljynsuodatin","7":"desktop-align-left","8":"tablet-align-left","9":"mobile-align-left","11":"first","12":"instock","13":"product-type-external"},"brands":[{"id":153,"name":"MAHLE ORIGINAL","slug":"mahle-original"}],"_links":{"self":[{"href":"https:\/\/www.autonvaraosahaku.fi\/index.php?rest_route=\/wp\/v2\/product\/25573","targetHints":{"allow":["GET"]}}],"collection":[{"href":"https:\/\/www.autonvaraosahaku.fi\/index.php?rest_route=\/wp\/v2\/product"}],"about":[{"href":"https:\/\/www.autonvaraosahaku.fi\/index.php?rest_route=\/wp\/v2\/types\/product"}],"wp:attachment":[{"href":"https:\/\/www.autonvaraosahaku.fi\/index.php?rest_route=%2Fwp%2Fv2%2Fmedia&parent=25573"}],"wp:term":[{"taxonomy":"pwb-brand","embeddable":true,"href":"https:\/\/www.autonvaraosahaku.fi\/index.php?rest_route=%2Fwp%2Fv2%2Fpwb-brand&post=25573"},{"taxonomy":"product_cat","embeddable":true,"href":"https:\/\/www.autonvaraosahaku.fi\/index.php?rest_route=%2Fwp%2Fv2%2Fproduct_cat&post=25573"},{"taxonomy":"product_tag","embeddable":true,"href":"https:\/\/www.autonvaraosahaku.fi\/index.php?rest_route=%2Fwp%2Fv2%2Fproduct_tag&post=25573"}],"curies":[{"name":"wp","href":"https:\/\/api.w.org\/{rel}","templated":true}]}}