{"id":25577,"date":"2021-02-21T14:58:23","date_gmt":"2021-02-21T14:58:23","guid":{"rendered":"https:\/\/www.autonvaraosahaku.fi\/?product=topran-723-516-oljytikku"},"modified":"2021-02-21T14:58:26","modified_gmt":"2021-02-21T14:58:26","slug":"topran-723-516-oljytikku","status":"publish","type":"product","link":"https:\/\/www.autonvaraosahaku.fi\/?product=topran-723-516-oljytikku","title":{"rendered":"TOPRAN 723 516 \u00d6ljytikku"},"content":{"rendered":"<p>V\u00e4ri: Oranssi; Runkomateriaali: Ter\u00e4s; Lis\u00e4tarvike\/lis\u00e4tieto: Tiivisteill\u00e4; Moottorinumero: TU3JP \/ KFX; PEUGEOT: 206 Schr\u00e4gheck 2A\/C,307 SW 3H,307 3A\/C,106 II 1,307 Break 3E,306 Schr\u00e4gheck 7A, 7C, N3, N5,306 Cabriolet 7D, N3, N5,PARTNER Combispace 5F,PARTNER Kasten 5,306 Break 7E, N3, N5,306 7B, N3, N5; CITRO\u00cbN: BERLINGO MF,XSARA PICASSO N68,C3 I FC_,SAXO S0, S1,BERLINGO Kasten M_,XSARA N1,C3 Pluriel HB_,XSARA Break N2; 117475, 117475; \u00d6ljyn Mittatikku<\/p>\n","protected":false},"excerpt":{"rendered":"<p>TOPRAN \u00d6ljytikku 723 516 \u00d6ljyn Mittatikku PEUGEOT,CITRO\u00cbN,206 Schr\u00e4gheck 2A\/C,307 SW 3H,307 3A\/C,106 II 1,307 Break 3E,306 Schr\u00e4gheck 7A, 7C, N3, N5<\/p>\n","protected":false},"featured_media":0,"template":"","meta":{"site-sidebar-layout":"default","site-content-layout":"default","ast-global-header-display":"","ast-main-header-display":"","ast-hfb-above-header-display":"","ast-hfb-below-header-display":"","ast-hfb-mobile-header-display":"","site-post-title":"","ast-breadcrumbs-content":"","ast-featured-img":"","footer-sml-layout":"","theme-transparent-header-meta":"","adv-header-id-meta":"","stick-header-meta":"","header-above-stick-meta":"","header-main-stick-meta":"","header-below-stick-meta":""},"pwb-brand":[18],"product_cat":[71],"product_tag":[],"class_list":{"0":"post-25577","1":"product","2":"type-product","3":"status-publish","5":"pwb-brand-topran","6":"product_cat-oljytikku","7":"desktop-align-left","8":"tablet-align-left","9":"mobile-align-left","11":"first","12":"instock","13":"product-type-external"},"brands":[{"id":18,"name":"TOPRAN","slug":"topran"}],"_links":{"self":[{"href":"https:\/\/www.autonvaraosahaku.fi\/index.php?rest_route=\/wp\/v2\/product\/25577","targetHints":{"allow":["GET"]}}],"collection":[{"href":"https:\/\/www.autonvaraosahaku.fi\/index.php?rest_route=\/wp\/v2\/product"}],"about":[{"href":"https:\/\/www.autonvaraosahaku.fi\/index.php?rest_route=\/wp\/v2\/types\/product"}],"wp:attachment":[{"href":"https:\/\/www.autonvaraosahaku.fi\/index.php?rest_route=%2Fwp%2Fv2%2Fmedia&parent=25577"}],"wp:term":[{"taxonomy":"pwb-brand","embeddable":true,"href":"https:\/\/www.autonvaraosahaku.fi\/index.php?rest_route=%2Fwp%2Fv2%2Fpwb-brand&post=25577"},{"taxonomy":"product_cat","embeddable":true,"href":"https:\/\/www.autonvaraosahaku.fi\/index.php?rest_route=%2Fwp%2Fv2%2Fproduct_cat&post=25577"},{"taxonomy":"product_tag","embeddable":true,"href":"https:\/\/www.autonvaraosahaku.fi\/index.php?rest_route=%2Fwp%2Fv2%2Fproduct_tag&post=25577"}],"curies":[{"name":"wp","href":"https:\/\/api.w.org\/{rel}","templated":true}]}}