{"id":25590,"date":"2021-02-21T14:58:28","date_gmt":"2021-02-21T14:58:28","guid":{"rendered":"https:\/\/www.autonvaraosahaku.fi\/?product=trw-df2652-jarrulevyt"},"modified":"2021-02-21T14:58:30","modified_gmt":"2021-02-21T14:58:30","slug":"trw-df2652-jarrulevyt","status":"publish","type":"product","link":"https:\/\/www.autonvaraosahaku.fi\/?product=trw-df2652-jarrulevyt","title":{"rendered":"TRW DF2652 Jarrulevyt"},"content":{"rendered":"<p>Jarrulevytyyppi: Tuuletettu; Ulkol\u00e4pimitta [mm]: 288; Jarrulevyn paksuus (mm): 25; V\u00e4himm\u00e4ispaksuus (mm): 23; keskitt\u00e4misl\u00e4pimitta [mm]: 68; Korkeus (mm): 46; Reikien m\u00e4\u00e4r\u00e4: 5; Kierremitta: 15; Reik\u00e4ympyr\u00e4-\u00d8 [mm]: 112; K\u00e4sittely: hiiliter\u00e4s; V\u00e4ri: Musta; Pinta: Lakattu; Tarkistuskilpi: E1 90R02 C0185\/0544; Asennuspuoli: Vorderachse; VW: PASSAT Variant 3B6,PASSAT Variant 3B5,PASSAT 3B2,PASSAT 3B3; AUDI: A4 8D2, B5,A4 Avant 8ED, B7,A4 Avant 8E5, B6,A6 Avant 4B5, C5,A4 Avant 8D5, B5,A4 8E2, B6,A6 4B2, C5,A4 Cabriolet 8H7, B6, 8HE, B7,A4 8EC, B7,100 4A, C4,A6 Avant 4A, C4,A6 4A, C4,100 Avant 4A, C4; SKODA: SUPERB 3U4; SEAT: EXEO ST 3R5,EXEO 3R2; 4A0615301C, 4A0615301D, 4A0615301E, 4B0615301B, 8E0615301Q, 4B0615301B, 8E0615301Q, 4A0615301C, 4B0615301B, 8E0615301Q, 4A0615301C, 4A0615301D, 4A0615301E, 4B0615301B, 8E0615301Q; Jarrulevy<\/p>\n","protected":false},"excerpt":{"rendered":"<p>TRW Jarrulevyt DF2652 Jarrulevy VW,AUDI,SKODA,PASSAT Variant 3B6,PASSAT Variant 3B5,PASSAT 3B2,PASSAT 3B3,A4 8D2, B5,A4 Avant 8ED, B7,A4 Avant 8E5, B6<\/p>\n","protected":false},"featured_media":0,"template":"","meta":{"site-sidebar-layout":"default","site-content-layout":"default","ast-global-header-display":"","ast-main-header-display":"","ast-hfb-above-header-display":"","ast-hfb-below-header-display":"","ast-hfb-mobile-header-display":"","site-post-title":"","ast-breadcrumbs-content":"","ast-featured-img":"","footer-sml-layout":"","theme-transparent-header-meta":"","adv-header-id-meta":"","stick-header-meta":"","header-above-stick-meta":"","header-main-stick-meta":"","header-below-stick-meta":""},"pwb-brand":[332],"product_cat":[66],"product_tag":[],"class_list":{"0":"post-25590","1":"product","2":"type-product","3":"status-publish","5":"pwb-brand-trw","6":"product_cat-jarrulevyt","7":"desktop-align-left","8":"tablet-align-left","9":"mobile-align-left","11":"first","12":"instock","13":"product-type-external"},"brands":[{"id":332,"name":"TRW","slug":"trw"}],"_links":{"self":[{"href":"https:\/\/www.autonvaraosahaku.fi\/index.php?rest_route=\/wp\/v2\/product\/25590","targetHints":{"allow":["GET"]}}],"collection":[{"href":"https:\/\/www.autonvaraosahaku.fi\/index.php?rest_route=\/wp\/v2\/product"}],"about":[{"href":"https:\/\/www.autonvaraosahaku.fi\/index.php?rest_route=\/wp\/v2\/types\/product"}],"wp:attachment":[{"href":"https:\/\/www.autonvaraosahaku.fi\/index.php?rest_route=%2Fwp%2Fv2%2Fmedia&parent=25590"}],"wp:term":[{"taxonomy":"pwb-brand","embeddable":true,"href":"https:\/\/www.autonvaraosahaku.fi\/index.php?rest_route=%2Fwp%2Fv2%2Fpwb-brand&post=25590"},{"taxonomy":"product_cat","embeddable":true,"href":"https:\/\/www.autonvaraosahaku.fi\/index.php?rest_route=%2Fwp%2Fv2%2Fproduct_cat&post=25590"},{"taxonomy":"product_tag","embeddable":true,"href":"https:\/\/www.autonvaraosahaku.fi\/index.php?rest_route=%2Fwp%2Fv2%2Fproduct_tag&post=25590"}],"curies":[{"name":"wp","href":"https:\/\/api.w.org\/{rel}","templated":true}]}}