{"id":25629,"date":"2021-02-21T14:58:37","date_gmt":"2021-02-21T14:58:37","guid":{"rendered":"https:\/\/www.autonvaraosahaku.fi\/?product=ufi-26-052-00-polttoainesuodatin"},"modified":"2021-02-21T14:58:39","modified_gmt":"2021-02-21T14:58:39","slug":"ufi-26-052-00-polttoainesuodatin","status":"publish","type":"product","link":"https:\/\/www.autonvaraosahaku.fi\/?product=ufi-26-052-00-polttoainesuodatin","title":{"rendered":"UFI 26.052.00 Polttoainesuodatin"},"content":{"rendered":"<p>Ulkol\u00e4pimitta [mm]: 93,0; Sis\u00e4l\u00e4pimitta 1 [mm]: 21,0; Sis\u00e4l\u00e4pimitta 2 [mm]: 9,0; Ulkol\u00e4pimitta 1 [mm]: 66,0; Korkeus (mm): 116,0; Suodatintyyppi: mit Filterheizung; JEEP: RENEGADE Gel\u00e4ndewagen geschlossen BU; OPEL: COMBO Kasten\/Kombi X12,COMBO Tour X12; LANCIA: YPSILON 312, 846; FIAT: DUCATO Kasten 250,500 312,500 C 312,DOBLO Kasten\/Kombi 263,PUNTO 199,PANDA 312,QUBO 225,500L,DOBLO Gro\u00dfraumlimousine 152, 263,FIORINO Kasten\/Kombi 225,DOBLO Pritsche\/Fahrgestell 263,500X,TIPO Schr\u00e4gheck 356_,PANDA VAN 312,TIPO Kombi 356_,TIPO Stufenheck 356_; CITRO\u00cbN: NEMO Kasten AA_,NEMO Kombi; ALFA ROMEO: GIULIETTA 940; PEUGEOT: BIPPER Tepee; MASERATI: GHIBLI III M157,QUATTROPORTE VI,LEVANTE Gel\u00e4ndewagen geschlossen; VAUXHALL: COMBO Mk III D Kasten\/Kombi; 77366216, 77366607, 673001463, 818021, 818025<\/p>\n","protected":false},"excerpt":{"rendered":"<p>UFI Polttoainesuodatin 26.052.00  JEEP,OPEL,LANCIA,RENEGADE Gel\u00e4ndewagen geschlossen BU,COMBO Kasten\/Kombi X12,COMBO Tour X12,YPSILON 312, 846<\/p>\n","protected":false},"featured_media":0,"template":"","meta":{"site-sidebar-layout":"default","site-content-layout":"default","ast-global-header-display":"","ast-main-header-display":"","ast-hfb-above-header-display":"","ast-hfb-below-header-display":"","ast-hfb-mobile-header-display":"","site-post-title":"","ast-breadcrumbs-content":"","ast-featured-img":"","footer-sml-layout":"","theme-transparent-header-meta":"","adv-header-id-meta":"","stick-header-meta":"","header-above-stick-meta":"","header-main-stick-meta":"","header-below-stick-meta":""},"pwb-brand":[109],"product_cat":[29],"product_tag":[],"class_list":{"0":"post-25629","1":"product","2":"type-product","3":"status-publish","5":"pwb-brand-ufi","6":"product_cat-polttoainesuodatin","7":"desktop-align-left","8":"tablet-align-left","9":"mobile-align-left","11":"first","12":"instock","13":"product-type-external"},"brands":[{"id":109,"name":"UFI","slug":"ufi"}],"_links":{"self":[{"href":"https:\/\/www.autonvaraosahaku.fi\/index.php?rest_route=\/wp\/v2\/product\/25629","targetHints":{"allow":["GET"]}}],"collection":[{"href":"https:\/\/www.autonvaraosahaku.fi\/index.php?rest_route=\/wp\/v2\/product"}],"about":[{"href":"https:\/\/www.autonvaraosahaku.fi\/index.php?rest_route=\/wp\/v2\/types\/product"}],"wp:attachment":[{"href":"https:\/\/www.autonvaraosahaku.fi\/index.php?rest_route=%2Fwp%2Fv2%2Fmedia&parent=25629"}],"wp:term":[{"taxonomy":"pwb-brand","embeddable":true,"href":"https:\/\/www.autonvaraosahaku.fi\/index.php?rest_route=%2Fwp%2Fv2%2Fpwb-brand&post=25629"},{"taxonomy":"product_cat","embeddable":true,"href":"https:\/\/www.autonvaraosahaku.fi\/index.php?rest_route=%2Fwp%2Fv2%2Fproduct_cat&post=25629"},{"taxonomy":"product_tag","embeddable":true,"href":"https:\/\/www.autonvaraosahaku.fi\/index.php?rest_route=%2Fwp%2Fv2%2Fproduct_tag&post=25629"}],"curies":[{"name":"wp","href":"https:\/\/api.w.org\/{rel}","templated":true}]}}