{"id":25644,"date":"2021-02-21T14:58:41","date_gmt":"2021-02-21T14:58:41","guid":{"rendered":"https:\/\/www.autonvaraosahaku.fi\/?product=brembo-s-85-507-jarrukengat"},"modified":"2021-02-21T14:58:42","modified_gmt":"2021-02-21T14:58:42","slug":"brembo-s-85-507-jarrukengat","status":"publish","type":"product","link":"https:\/\/www.autonvaraosahaku.fi\/?product=brembo-s-85-507-jarrukengat","title":{"rendered":"BREMBO S 85 507 Jarrukeng\u00e4t"},"content":{"rendered":"<p>L\u00e4pimitta [mm]: 180; Leveys (mm): 31; Jarruj\u00e4rjestelm\u00e4: ATE; Korvaava tuote\/korvaava tiedote 2: Seisontajarrukahvalla; Asennuspuoli: Hinterachse; VW: LUPO 6X1, 6E1,POLO 6N1,GOLF II 19E, 1G1,GOLF I Cabriolet 155,POLO 86C, 80,POLO Coupe 86C, 80,POLO CLASSIC 6KV2,SCIROCCO 53B,GOLF I 17,JETTA II 19E, 1G2, 165,POLO Kasten 6NF,POLO CLASSIC 86C, 80,PASSAT 32B,POLO 86,SCIROCCO 53,JETTA I 16,DERBY 86C, 80,POLO Kasten 86CF,PASSAT 32,DERBY 86,PASSAT Stufenheck 32B,SANTANA 32B; AUDI: 80 81, 85, B2,COUPE 81, 85,80 80, 82, B1,100 C1; SEAT: IBIZA II 6K1,CORDOBA 6K1, 6K2,CORDOBA Vario 6K1,TOLEDO I 1L; 171609525A, 171609525AV, 171609525AX, 171609526A, 171609526AV, 171609526AX, 171609527F, 171609527FV, 171609527FX, 171609528F, 171609528FV, 171609528FX, 171698051, 171698525A, 171698525AV, 171698525AX, 171698525BV, 171698525BX, 191609525, 191609526, 191609527, 191609528, 191698051, 531609525V, 531609525X, 531609526V, 531609526X, 531609527V, 531609527X, 531609528V, 531609528X, 531698525V, 531698525X, 687698525X, 6E0698520X, 6E0698525V, 6E0698525X, 811609525, 811609526, 811609527, 811609528, 867609525, 867609525A, 867609525X, 867609526, 867609526A, 867609527, 867609527A, 867609528, 867609528A, 867698525, 867698525V, 867698525X, 171609525A, 171609526A, 171609527F, 171609528F, 171698525AX, 191609525, 191609526, 191609527, 191609528, 531698525X, 867609525, 867609525528, 867609526, 867609527, 867609528, 867698520X, 867698525V, 867698525X, 171609525A, 171609526A, 171609527F, 171609528F, 171698525AX, 191609525, 191609526, 191609527, 191609528, 191609626, 191688051, 531609525, 531609526, 53160&#8230;; Jarrukenk\u00e4sarja<\/p>\n","protected":false},"excerpt":{"rendered":"<p>BREMBO Jarrukeng\u00e4t S 85 507 Jarrukenk\u00e4sarja VW,AUDI,SEAT,LUPO 6X1, 6E1,POLO 6N1,GOLF II 19E, 1G1,GOLF I Cabriolet 155,POLO 86C, 80,POLO Coupe 86C, 80<\/p>\n","protected":false},"featured_media":0,"template":"","meta":{"site-sidebar-layout":"default","site-content-layout":"default","ast-global-header-display":"","ast-main-header-display":"","ast-hfb-above-header-display":"","ast-hfb-below-header-display":"","ast-hfb-mobile-header-display":"","site-post-title":"","ast-breadcrumbs-content":"","ast-featured-img":"","footer-sml-layout":"","theme-transparent-header-meta":"","adv-header-id-meta":"","stick-header-meta":"","header-above-stick-meta":"","header-main-stick-meta":"","header-below-stick-meta":""},"pwb-brand":[146],"product_cat":[176],"product_tag":[],"class_list":{"0":"post-25644","1":"product","2":"type-product","3":"status-publish","5":"pwb-brand-brembo","6":"product_cat-jarrukengat","7":"desktop-align-left","8":"tablet-align-left","9":"mobile-align-left","11":"first","12":"instock","13":"product-type-external"},"brands":[{"id":146,"name":"BREMBO","slug":"brembo"}],"_links":{"self":[{"href":"https:\/\/www.autonvaraosahaku.fi\/index.php?rest_route=\/wp\/v2\/product\/25644","targetHints":{"allow":["GET"]}}],"collection":[{"href":"https:\/\/www.autonvaraosahaku.fi\/index.php?rest_route=\/wp\/v2\/product"}],"about":[{"href":"https:\/\/www.autonvaraosahaku.fi\/index.php?rest_route=\/wp\/v2\/types\/product"}],"wp:attachment":[{"href":"https:\/\/www.autonvaraosahaku.fi\/index.php?rest_route=%2Fwp%2Fv2%2Fmedia&parent=25644"}],"wp:term":[{"taxonomy":"pwb-brand","embeddable":true,"href":"https:\/\/www.autonvaraosahaku.fi\/index.php?rest_route=%2Fwp%2Fv2%2Fpwb-brand&post=25644"},{"taxonomy":"product_cat","embeddable":true,"href":"https:\/\/www.autonvaraosahaku.fi\/index.php?rest_route=%2Fwp%2Fv2%2Fproduct_cat&post=25644"},{"taxonomy":"product_tag","embeddable":true,"href":"https:\/\/www.autonvaraosahaku.fi\/index.php?rest_route=%2Fwp%2Fv2%2Fproduct_tag&post=25644"}],"curies":[{"name":"wp","href":"https:\/\/api.w.org\/{rel}","templated":true}]}}