{"id":25651,"date":"2021-02-21T14:58:41","date_gmt":"2021-02-21T14:58:41","guid":{"rendered":"https:\/\/www.autonvaraosahaku.fi\/?product=trw-jgm1032t-iskunvaimennin"},"modified":"2021-02-21T14:58:43","modified_gmt":"2021-02-21T14:58:43","slug":"trw-jgm1032t-iskunvaimennin","status":"publish","type":"product","link":"https:\/\/www.autonvaraosahaku.fi\/?product=trw-jgm1032t-iskunvaimennin","title":{"rendered":"TRW JGM1032T Iskunvaimennin"},"content":{"rendered":"<p>Lukum\u00e4\u00e4r\u00e4 akselille: 1; Asennuspuoli: Etuakseli; Iskunvaimennin tyyppi: Kaasupaine; Iskunvaimennin malli: Joustintuki; Iskunvaimennusj\u00e4rjestelm\u00e4: Kaksiputki; Iskunvaimennin asennustapa: Tappi ylh\u00e4\u00e4ll\u00e4; Pituus 1 (mm): 367; Pituus 2 (mm): 560; L\u00e4pimitta [mm]: 54; Jousijalan l\u00e4pimitta [mm]: 24; Kierremitta: M14x1.5; Huomioi tekniset tiedot: ; Tuotelinja: TWIN; PR-numerolle: G03; VW: GOLF V 1K1,GOLF VI 5K1,PASSAT Variant 3C5,PASSAT 3C2,TIGUAN 5N_,PASSAT Variant 365,PASSAT 362; AUDI: A3 8P1,A3 Sportback 8PA; SKODA: SUPERB Kombi 3T5,SUPERB 3T4; 1T0413031BF, 1T0413031BG, 1T0413031CC, 1T0413031CP, 1T0413031DA, 1T0413031DB, 1T0413031DK, 1T0413031ET, 1T0413031HG, 3C0413031AF, 3C0413031AM, 3C0413031H, 5N0413031AA, 5N0413031H, 5N0413031J, 5N0413031K, 5N0413031L, 5N0413031P, 5N0413031Q, 5N0413031T, 1T0413031BF, 1T0413031BG, 1T0413031CC, 1T0413031DK, 1T0413031EQ, 3C0413031AF, 3C0413031AM, 3C0413031H, 5N0413031H, 5N0413031J, 5N0413031P, 5N0413031Q, 1T0413031BF, 1T0413031BG, 1T0413031CC, 1T0413031DK, 3C0413031AF, 3C0413031AM, 3C0413031AN, 3C0413031BA, 3C0413031BB, 3C0413031H, 3C0413031M, 3C0413031N, 5N0413031H, 5N0413031J, 5N0413031P, 5N0413031Q, 1T0413031BF, 1T0413031BG, 1T0413031CC, 1T0413031CP, 1T0413031DK, 1T0413031EQ, 3C0413031AF, 3C0413031AG, 3C0413031AM, 3C0413031AN, 3C0413031BA, 3C0413031BB, 3C0413031H, 3C0413031J, 3C0413031M, 3C0413031N, 5N0413031AA, 5N0413031H, 5N0413031J, 5N0413031K, 5N0413031L, 5N0413031P, 5N0413031Q, 5N0413031T; Iskarit,Iskunvaimennin<\/p>\n","protected":false},"excerpt":{"rendered":"<p>TRW Iskunvaimentimet JGM1032T Iskarit,Iskunvaimennin VW,AUDI,SKODA,GOLF V 1K1,GOLF VI 5K1,PASSAT Variant 3C5,PASSAT 3C2,TIGUAN 5N_,PASSAT Variant 365<\/p>\n","protected":false},"featured_media":0,"template":"","meta":{"site-sidebar-layout":"default","site-content-layout":"default","ast-global-header-display":"","ast-main-header-display":"","ast-hfb-above-header-display":"","ast-hfb-below-header-display":"","ast-hfb-mobile-header-display":"","site-post-title":"","ast-breadcrumbs-content":"","ast-featured-img":"","footer-sml-layout":"","theme-transparent-header-meta":"","adv-header-id-meta":"","stick-header-meta":"","header-above-stick-meta":"","header-main-stick-meta":"","header-below-stick-meta":""},"pwb-brand":[332],"product_cat":[80],"product_tag":[],"class_list":{"0":"post-25651","1":"product","2":"type-product","3":"status-publish","5":"pwb-brand-trw","6":"product_cat-iskunvaimennin","7":"desktop-align-left","8":"tablet-align-left","9":"mobile-align-left","11":"first","12":"instock","13":"product-type-external"},"brands":[{"id":332,"name":"TRW","slug":"trw"}],"_links":{"self":[{"href":"https:\/\/www.autonvaraosahaku.fi\/index.php?rest_route=\/wp\/v2\/product\/25651","targetHints":{"allow":["GET"]}}],"collection":[{"href":"https:\/\/www.autonvaraosahaku.fi\/index.php?rest_route=\/wp\/v2\/product"}],"about":[{"href":"https:\/\/www.autonvaraosahaku.fi\/index.php?rest_route=\/wp\/v2\/types\/product"}],"wp:attachment":[{"href":"https:\/\/www.autonvaraosahaku.fi\/index.php?rest_route=%2Fwp%2Fv2%2Fmedia&parent=25651"}],"wp:term":[{"taxonomy":"pwb-brand","embeddable":true,"href":"https:\/\/www.autonvaraosahaku.fi\/index.php?rest_route=%2Fwp%2Fv2%2Fpwb-brand&post=25651"},{"taxonomy":"product_cat","embeddable":true,"href":"https:\/\/www.autonvaraosahaku.fi\/index.php?rest_route=%2Fwp%2Fv2%2Fproduct_cat&post=25651"},{"taxonomy":"product_tag","embeddable":true,"href":"https:\/\/www.autonvaraosahaku.fi\/index.php?rest_route=%2Fwp%2Fv2%2Fproduct_tag&post=25651"}],"curies":[{"name":"wp","href":"https:\/\/api.w.org\/{rel}","templated":true}]}}