{"id":25655,"date":"2021-02-21T14:58:41","date_gmt":"2021-02-21T14:58:41","guid":{"rendered":"https:\/\/www.autonvaraosahaku.fi\/?product=monroe-23988-iskunvaimennin"},"modified":"2021-02-21T14:58:44","modified_gmt":"2021-02-21T14:58:44","slug":"monroe-23988-iskunvaimennin","status":"publish","type":"product","link":"https:\/\/www.autonvaraosahaku.fi\/?product=monroe-23988-iskunvaimennin","title":{"rendered":"MONROE 23988 Iskunvaimennin"},"content":{"rendered":"<p>Iskunvaimennin tyyppi: Kaasupaine; Iskunvaimennusj\u00e4rjestelm\u00e4: Kaksiputki; Iskunvaimennin asennustapa: Silmukka alhaalla, Tappi ylh\u00e4\u00e4ll\u00e4; Paino [kg]: 2,000; Reik\u00e4-\u00d8 [mm]: 27; suurin pituus [mm]: 708; v\u00e4h. pituus [mm]: 473; Pakkauspituus [cm]: 60; Pakkausleveys [cm]: 7,2; Pakkauskorkeus [mm]: 7,2; Tullitariffinumero: 87088035; Tappil\u00e4pimitta [mm]: 11; Asennuspuoli: Hinterachse; FORD: FOCUS II DA_,FOCUS C-MAX,C-MAX DM2,FOCUS III,C-MAX II,FOCUS II Stufenheck DA_,FOCUS III Stufenheck,C-MAX II Van,FOCUS III Kasten\/Schr\u00e4gheck; 1318134, 1325689, 1325963, 1325966, 1360152, 1360153, 1370295, 1415602, 1468802, 1468811, 1492401, 1492404, 1493524, 1493525, 1681184, 1686054, 1690801, 1699190, 1703060, 1709765, 1710093, 1725049, 1725050, 1728518, 1751385, 1751388, 1751389, 1787310, 1828973, 1844589, 1851886, 1866914, 1866916, 1880578, 1880579, 1881214, 1888268, 3M5118008CAB, 3M5118008CAH, 3M5118008CBA, 3M5118008CBB, 3M5118008CBG, 3M5118008CBH, 3M5118008SBA, 3M5118008SBB, 3M5118008SBD, 3M5118008SBE, 3M5118080SBH, 4M51118080PAE, 4M5118008AAB, 4M5118080AAA, 4M5118080AAB, 4M5118080AAC, 4M5118080AAD, 4M5118080AAE, 4M5118080AAG, 4M5118080ABB, 4M5118080ACA, 4M5118080ACB, 4M5118080PAA, 4M5118080PAB, 4M5118080PAC, 4M5118080PAD, 4M5118080PAE, 4M5118080PCA, 4M5118080PCB, AV6118080AAC, AV6118080AAD, AV6118080AAE, AV6118080AAF, AV6118080AAH, BV6118080AAC, BV6118080AAD, BV6118080AAE, BV6118080AAG, BV6118080AEA, BV6118080AF, BV6118080AHA, BV6118080BAC, BV6118080BAD, BV6118080BAF, BV6118080HAA, BV6118080HAB, BV6118080HAC, BV61180&#8230;; Iskarit,Iskunvaimennin<\/p>\n","protected":false},"excerpt":{"rendered":"<p>MONROE Iskunvaimentimet MONROE ORIGINAL (Gas Technology) 23988 Iskarit,Iskunvaimennin FORD,FOCUS II DA_,FOCUS C-MAX,C-MAX DM2,FOCUS III,C-MAX II<\/p>\n","protected":false},"featured_media":0,"template":"","meta":{"site-sidebar-layout":"default","site-content-layout":"default","ast-global-header-display":"","ast-main-header-display":"","ast-hfb-above-header-display":"","ast-hfb-below-header-display":"","ast-hfb-mobile-header-display":"","site-post-title":"","ast-breadcrumbs-content":"","ast-featured-img":"","footer-sml-layout":"","theme-transparent-header-meta":"","adv-header-id-meta":"","stick-header-meta":"","header-above-stick-meta":"","header-main-stick-meta":"","header-below-stick-meta":""},"pwb-brand":[79],"product_cat":[80],"product_tag":[],"class_list":{"0":"post-25655","1":"product","2":"type-product","3":"status-publish","5":"pwb-brand-monroe","6":"product_cat-iskunvaimennin","7":"desktop-align-left","8":"tablet-align-left","9":"mobile-align-left","11":"first","12":"instock","13":"product-type-external"},"brands":[{"id":79,"name":"MONROE","slug":"monroe"}],"_links":{"self":[{"href":"https:\/\/www.autonvaraosahaku.fi\/index.php?rest_route=\/wp\/v2\/product\/25655","targetHints":{"allow":["GET"]}}],"collection":[{"href":"https:\/\/www.autonvaraosahaku.fi\/index.php?rest_route=\/wp\/v2\/product"}],"about":[{"href":"https:\/\/www.autonvaraosahaku.fi\/index.php?rest_route=\/wp\/v2\/types\/product"}],"wp:attachment":[{"href":"https:\/\/www.autonvaraosahaku.fi\/index.php?rest_route=%2Fwp%2Fv2%2Fmedia&parent=25655"}],"wp:term":[{"taxonomy":"pwb-brand","embeddable":true,"href":"https:\/\/www.autonvaraosahaku.fi\/index.php?rest_route=%2Fwp%2Fv2%2Fpwb-brand&post=25655"},{"taxonomy":"product_cat","embeddable":true,"href":"https:\/\/www.autonvaraosahaku.fi\/index.php?rest_route=%2Fwp%2Fv2%2Fproduct_cat&post=25655"},{"taxonomy":"product_tag","embeddable":true,"href":"https:\/\/www.autonvaraosahaku.fi\/index.php?rest_route=%2Fwp%2Fv2%2Fproduct_tag&post=25655"}],"curies":[{"name":"wp","href":"https:\/\/api.w.org\/{rel}","templated":true}]}}