{"id":25684,"date":"2021-02-21T14:58:50","date_gmt":"2021-02-21T14:58:50","guid":{"rendered":"https:\/\/www.autonvaraosahaku.fi\/?product=vaico-v60-0172-automaattivaihteistooljy"},"modified":"2021-02-21T14:58:51","modified_gmt":"2021-02-21T14:58:51","slug":"vaico-v60-0172-automaattivaihteistooljy","status":"publish","type":"product","link":"https:\/\/www.autonvaraosahaku.fi\/?product=vaico-v60-0172-automaattivaihteistooljy","title":{"rendered":"VAICO V60-0172 Automaattivaihteisto\u00f6ljy"},"content":{"rendered":"<p>Vaihteistomalli: ZF 6HP26, ZF 6HP28, ZF 6HP21, ZF 6HP19, ZF 6HP32, 6HP26 X; Pituus (mm): 60; Kemialliset ominaisuudet: synteettinen; Pakkaustyyppi: Pullo; M\u00e4\u00e4r\u00e4yksikk\u00f6: Litra; Erittely: AUDI-VW G 055 005 A1, BMW 83 22 0 144 137, Land Rover TYK50005, Maserati 231603, Nissan Matic S, AUDI-VW G 055 005 A2, AUDI-VW G 055 005 A6, Jaguar Fluid 8432, MERCON SP XT-6-QSP, ZF Lifeguard Fluid 6, Hyundai 040000C90SG, Hyundai SP-IV, Toyota Type WS, Bentley PY112995PA, BMW 83 22 0 142 516, BMW M 1375,4; Suositellun tarvikkeen tuotenumero: V20-2088, V20-2089; Vaihteistomalli: Automaattivaihteisto, 5-vaiht., Automaattivaihteisto, 6-vaiht.; Tilavuus (litra): 1; V\u00e4ri: Keltainen; Leveys (mm): 115; Paino [kg]: 0,92; Suositeltu vaihtov\u00e4li [km]: 80000; Huomioi ajoneuvovalmistajan vaatimukset: ; Korkeus (mm): 225; Viskositeettiluokka SAE: ATF 6HP; Suositeltu vaihtov\u00e4li [vuotta]: 5; Suositellun erikoisty\u00f6kalun tuotenumero: V99-1017; Huomioi j\u00e4rjestelm\u00e4-t\u00e4ytt\u00f6m\u00e4\u00e4r\u00e4: ; lis\u00e4tieto: CST97; AUDI: A6 Avant 4F5, C6,A6 4F2, C6,A8 4E_; MAZDA: CX-5 KE, GH,3 BM,3 Stufenheck BM; LAND ROVER: RANGE ROVER SPORT LS,RANGE ROVER III LM,DISCOVERY III TAA,DISCOVERY IV LA; JAGUAR: S-TYPE CCX,XF _J05_, CC9,XJ X350, X358,XK 8 Convertible QDV,XK 8 Coupe QEV,XK Coupe QQ6_, _J43_,XK Cabriolet _J43_,XJ X35_, _J12_, _J24_; TOYOTA: RAV 4 III ACA3_, ACE_, ALA3_, GSA3_, ZSA3_,RAV 4 II CLA2_, XA2_, ZCA2_, ACA2_,COROLLA Stufenheck E15_; BMW: 3 Touring E91,3 E90,5 E60,1 E87,5 Touring E61,X3 E83,X1 E84,1 E81,X5 E70,X5 E53,3 Coupe E92,Z4 E85,3 Cabriolet E93,7 E65, E66, E67,1 Cabriolet E88,7 F01, F02, F03, F04,1 Coupe E82,Z4 E89,X6 E71, E72,6 E63,Z4 Coupe E86,6 Cabriolet E64; 4G4319A509, G055005A1, G055005A2, G055005A6, PY112995PA, 0142516, 0144137, 13754, 2220445, 2305396, 6HP, 83220142516, 83220144137, 83222220445, 83222305396, ATF2, MERCONLV, MERCONSP, MERCONSPXT6QSP, 040000C90SG, 0450000115, SPIV, C2C8432, Fluid8432, TYK500050, 231603, MaticS, NormM13754, G055005A2, G055005A6, G055005A2, G055005A6, TypeWS, G055005A1, G055005A2, G055005A6<\/p>\n","protected":false},"excerpt":{"rendered":"<p>VAICO Automaattivaihteisto\u00f6ljy V60-0172  AUDI,MAZDA,LAND ROVER,A6 Avant 4F5, C6,A6 4F2, C6,A8 4E_,CX-5 KE, GH,3 BM,3 Stufenheck BM<\/p>\n","protected":false},"featured_media":0,"template":"","meta":{"site-sidebar-layout":"default","site-content-layout":"default","ast-global-header-display":"","ast-main-header-display":"","ast-hfb-above-header-display":"","ast-hfb-below-header-display":"","ast-hfb-mobile-header-display":"","site-post-title":"","ast-breadcrumbs-content":"","ast-featured-img":"","footer-sml-layout":"","theme-transparent-header-meta":"","adv-header-id-meta":"","stick-header-meta":"","header-above-stick-meta":"","header-main-stick-meta":"","header-below-stick-meta":""},"pwb-brand":[330],"product_cat":[143],"product_tag":[],"class_list":{"0":"post-25684","1":"product","2":"type-product","3":"status-publish","5":"pwb-brand-vaico","6":"product_cat-automaattivaihteistooljy","7":"desktop-align-left","8":"tablet-align-left","9":"mobile-align-left","11":"first","12":"instock","13":"product-type-external"},"brands":[{"id":330,"name":"VAICO","slug":"vaico"}],"_links":{"self":[{"href":"https:\/\/www.autonvaraosahaku.fi\/index.php?rest_route=\/wp\/v2\/product\/25684","targetHints":{"allow":["GET"]}}],"collection":[{"href":"https:\/\/www.autonvaraosahaku.fi\/index.php?rest_route=\/wp\/v2\/product"}],"about":[{"href":"https:\/\/www.autonvaraosahaku.fi\/index.php?rest_route=\/wp\/v2\/types\/product"}],"wp:attachment":[{"href":"https:\/\/www.autonvaraosahaku.fi\/index.php?rest_route=%2Fwp%2Fv2%2Fmedia&parent=25684"}],"wp:term":[{"taxonomy":"pwb-brand","embeddable":true,"href":"https:\/\/www.autonvaraosahaku.fi\/index.php?rest_route=%2Fwp%2Fv2%2Fpwb-brand&post=25684"},{"taxonomy":"product_cat","embeddable":true,"href":"https:\/\/www.autonvaraosahaku.fi\/index.php?rest_route=%2Fwp%2Fv2%2Fproduct_cat&post=25684"},{"taxonomy":"product_tag","embeddable":true,"href":"https:\/\/www.autonvaraosahaku.fi\/index.php?rest_route=%2Fwp%2Fv2%2Fproduct_tag&post=25684"}],"curies":[{"name":"wp","href":"https:\/\/api.w.org\/{rel}","templated":true}]}}