{"id":25691,"date":"2021-02-21T14:58:50","date_gmt":"2021-02-21T14:58:50","guid":{"rendered":"https:\/\/www.autonvaraosahaku.fi\/?product=mahle-original-oc-981-oljynsuodatin"},"modified":"2021-02-21T14:58:52","modified_gmt":"2021-02-21T14:58:52","slug":"mahle-original-oc-981-oljynsuodatin","status":"publish","type":"product","link":"https:\/\/www.autonvaraosahaku.fi\/?product=mahle-original-oc-981-oljynsuodatin","title":{"rendered":"MAHLE ORIGINAL OC 981 \u00d6ljynsuodatin"},"content":{"rendered":"<p>Suodatintyyppi: Ruuvattava suodatin; L\u00e4pimitta [mm]: 76,0; Korkeus (mm): 93,5; Ulkol\u00e4pimitta 2 [mm]: 72,0; Sis\u00e4l\u00e4pimitta 2 [mm]: 62,0; Liitinkierre: 3\/4-16UNF-2B; Kiristysmomentti: 20; Suositellun erikoisty\u00f6kalun tuotenumero: OCS 1, OCS 1; Paino [g]: 0,71; Korkeus (tuumaa): 3,68; Leveys (tuumaa): 3,09; Pituus (tuumaa): 3,09; Valmistusvuosi alkaen: 01\/1984; NISSAN: NAVARA Pritsche\/Fahrgestell D22,CABSTAR E Pick-up US; JEEP: GRAND CHEROKEE III WH, WK,WRANGLER II TJ; SKODA: FELICIA I 6U1,FELICIA II 6U1,FELICIA I Fun 797,FELICIA I Kombi 6U5,105,120 742,FELICIA II Kombi 6U5,FAVORIT 781,105,120 744,FAVORIT Forman 785,FAVORIT Pick-up 787,130,RAPID 120G, 130G, 135G; LEXUS: LS UCF30; FORD USA: MUSTANG Coupe C,MUSTANG Convertible C; TOYOTA: HILUX III Pick-up TGN1_, GGN2_, GGN1_, KUN2_, KUN1_,HILUX VI Pick-up _N1_,HILUX III Pritsche\/Fahrgestell KUN1_, TGN3_, TGN2_, TGN1_,,CAMRY Stufenheck _XV4_,HIACE \/ COMMUTER IV TRH2_, KDH2_,ALPHARD ATH1_, MNH1_, ANH1_,HILUX Pick-up GUN1_; ROVER: 200 XH; SAAB: 9-5 Kombi YS3E,9-3 YS3D,9-5 YS3E,9-3 Cabriolet YS3D,9000 Schr\u00e4gheck,900 I Cabriolet,900 I Combi Coupe,900 II Cabriolet,900 II,900 I AC4, AM4,9000,99,900 II Coupe,90,99 Combi Coupe; AC: 428 Cabriolet,428 Fastback; AUSTIN: MAESTRO XC,MONTEGO XE; 047115561F, 047198561F, 047498561F, 114094100, 114094101, 115094100, 115094100S, 194094100, 441070191936, 47115561F, 47198561F, 05281090, 5281090, 047115561F, 047198561F, 047498561F, 114094100, 114094101, 115094100, 115094100S, 194094100, 441070191936, 47115561F, 47198561F, 1S7Z6731DA, AU2J6731AA, BE8Z6731AB, FL910, FL910S, 55560202, M05281090, 15208BN30A, CDU1179, 30548485, 7496144, 7894066, 914444, 9144445, 930957, 9309576, 93186554, 932037, 9320375, 047115561F, 047198561F, 047498561F, 114094100, 114094101, 115094100, 115094100S, 194094100, 441070191936<\/p>\n","protected":false},"excerpt":{"rendered":"<p>MAHLE ORIGINAL \u00d6ljynsuodatin OC 981  NISSAN,JEEP,SKODA,NAVARA Pritsche\/Fahrgestell D22,CABSTAR E Pick-up US,GRAND CHEROKEE III WH, WK,WRANGLER II TJ<\/p>\n","protected":false},"featured_media":0,"template":"","meta":{"site-sidebar-layout":"default","site-content-layout":"default","ast-global-header-display":"","ast-main-header-display":"","ast-hfb-above-header-display":"","ast-hfb-below-header-display":"","ast-hfb-mobile-header-display":"","site-post-title":"","ast-breadcrumbs-content":"","ast-featured-img":"","footer-sml-layout":"","theme-transparent-header-meta":"","adv-header-id-meta":"","stick-header-meta":"","header-above-stick-meta":"","header-main-stick-meta":"","header-below-stick-meta":""},"pwb-brand":[153],"product_cat":[30],"product_tag":[],"class_list":{"0":"post-25691","1":"product","2":"type-product","3":"status-publish","5":"pwb-brand-mahle-original","6":"product_cat-oljynsuodatin","7":"desktop-align-left","8":"tablet-align-left","9":"mobile-align-left","11":"first","12":"instock","13":"product-type-external"},"brands":[{"id":153,"name":"MAHLE ORIGINAL","slug":"mahle-original"}],"_links":{"self":[{"href":"https:\/\/www.autonvaraosahaku.fi\/index.php?rest_route=\/wp\/v2\/product\/25691","targetHints":{"allow":["GET"]}}],"collection":[{"href":"https:\/\/www.autonvaraosahaku.fi\/index.php?rest_route=\/wp\/v2\/product"}],"about":[{"href":"https:\/\/www.autonvaraosahaku.fi\/index.php?rest_route=\/wp\/v2\/types\/product"}],"wp:attachment":[{"href":"https:\/\/www.autonvaraosahaku.fi\/index.php?rest_route=%2Fwp%2Fv2%2Fmedia&parent=25691"}],"wp:term":[{"taxonomy":"pwb-brand","embeddable":true,"href":"https:\/\/www.autonvaraosahaku.fi\/index.php?rest_route=%2Fwp%2Fv2%2Fpwb-brand&post=25691"},{"taxonomy":"product_cat","embeddable":true,"href":"https:\/\/www.autonvaraosahaku.fi\/index.php?rest_route=%2Fwp%2Fv2%2Fproduct_cat&post=25691"},{"taxonomy":"product_tag","embeddable":true,"href":"https:\/\/www.autonvaraosahaku.fi\/index.php?rest_route=%2Fwp%2Fv2%2Fproduct_tag&post=25691"}],"curies":[{"name":"wp","href":"https:\/\/api.w.org\/{rel}","templated":true}]}}