{"id":25701,"date":"2021-02-21T14:58:55","date_gmt":"2021-02-21T14:58:55","guid":{"rendered":"https:\/\/www.autonvaraosahaku.fi\/?product=ridex-1216r0004-hydraulinen-venttiilinnostin"},"modified":"2021-02-21T14:58:55","modified_gmt":"2021-02-21T14:58:55","slug":"ridex-1216r0004-hydraulinen-venttiilinnostin","status":"publish","type":"product","link":"https:\/\/www.autonvaraosahaku.fi\/?product=ridex-1216r0004-hydraulinen-venttiilinnostin","title":{"rendered":"RIDEX 1216R0004 Hydraulinen venttiilinnostin"},"content":{"rendered":"<p>Paksuus [mm]: 26; Ulkol\u00e4pimitta [mm]: 33; K\u00e4ytt\u00f6: Hydraulinen; Paino [kg]: 0,06; Tarvittava kappalem\u00e4\u00e4r\u00e4: 16; RENAULT: CLIO I B\/C57_, 5\/357_,19 II B\/C53_,19 II Cabriolet D53_, 853_,19 I B\/C53_,19 II Chamade L53_,19 I Chamade L53_,SPORT SPIDER EF0_; FIAT: PUNTO 188,STILO 192,BARCHETTA 183,DOBLO Cargo 223,STILO Multi Wagon 192,DOBLO 119,COUPE FA\/175,STRADA Pick-up 178E,MULTIPLA 186,BRAVO I 182,BRAVA 182,MAREA Weekend 185,PALIO Weekend 178DX,MAREA 185,PALIO 178BX,SIENA 178_; ALFA ROMEO: 147 937,156 Sportwagon 932,156 932,GT 937,SPIDER 916S_,166 936,GTV 916C_,145 930,155 167,146 930; LANCIA: THESIS 841AX,LYBRA SW 839BX,KAPPA 838A,LYBRA 839AX,DELTA II 836,KAPPA SW 838B,KAPPA Coupe 838,DEDRA 835,DEDRA SW 835; 46413078, 46465330, 46787055, 60812654, 73503122, 7796198, 0060811882, 46413078, 46465330, 46787055, 60811160, 60811882, 60812654, 73503122, 7759619, 7796198, 46413078, 46465330, 46787055, 60812654, 73503122, 7796198, 7700744596, LGR100100; Venttiilinnostin<\/p>\n","protected":false},"excerpt":{"rendered":"<p>RIDEX Hydraulinen Venttiilinnostin 1216R0004 Venttiilinnostin RENAULT,FIAT,ALFA ROMEO,CLIO I B\/C57_, 5\/357_,19 II B\/C53_,19 II Cabriolet D53_, 853_<\/p>\n","protected":false},"featured_media":0,"template":"","meta":{"site-sidebar-layout":"default","site-content-layout":"default","ast-global-header-display":"","ast-main-header-display":"","ast-hfb-above-header-display":"","ast-hfb-below-header-display":"","ast-hfb-mobile-header-display":"","site-post-title":"","ast-breadcrumbs-content":"","ast-featured-img":"","footer-sml-layout":"","theme-transparent-header-meta":"","adv-header-id-meta":"","stick-header-meta":"","header-above-stick-meta":"","header-main-stick-meta":"","header-below-stick-meta":""},"pwb-brand":[157],"product_cat":[126],"product_tag":[],"class_list":{"0":"post-25701","1":"product","2":"type-product","3":"status-publish","5":"pwb-brand-ridex","6":"product_cat-hydraulinen-venttiilinnostin","7":"desktop-align-left","8":"tablet-align-left","9":"mobile-align-left","11":"first","12":"instock","13":"product-type-external"},"brands":[{"id":157,"name":"RIDEX","slug":"ridex"}],"_links":{"self":[{"href":"https:\/\/www.autonvaraosahaku.fi\/index.php?rest_route=\/wp\/v2\/product\/25701","targetHints":{"allow":["GET"]}}],"collection":[{"href":"https:\/\/www.autonvaraosahaku.fi\/index.php?rest_route=\/wp\/v2\/product"}],"about":[{"href":"https:\/\/www.autonvaraosahaku.fi\/index.php?rest_route=\/wp\/v2\/types\/product"}],"wp:attachment":[{"href":"https:\/\/www.autonvaraosahaku.fi\/index.php?rest_route=%2Fwp%2Fv2%2Fmedia&parent=25701"}],"wp:term":[{"taxonomy":"pwb-brand","embeddable":true,"href":"https:\/\/www.autonvaraosahaku.fi\/index.php?rest_route=%2Fwp%2Fv2%2Fpwb-brand&post=25701"},{"taxonomy":"product_cat","embeddable":true,"href":"https:\/\/www.autonvaraosahaku.fi\/index.php?rest_route=%2Fwp%2Fv2%2Fproduct_cat&post=25701"},{"taxonomy":"product_tag","embeddable":true,"href":"https:\/\/www.autonvaraosahaku.fi\/index.php?rest_route=%2Fwp%2Fv2%2Fproduct_tag&post=25701"}],"curies":[{"name":"wp","href":"https:\/\/api.w.org\/{rel}","templated":true}]}}